{"id":3677,"date":"2025-01-14T19:52:08","date_gmt":"2025-01-14T18:52:08","guid":{"rendered":"https:\/\/mihalca.de\/?page_id=3677"},"modified":"2025-01-20T12:34:49","modified_gmt":"2025-01-20T11:34:49","slug":"agb","status":"publish","type":"page","link":"https:\/\/mihalca.de\/ro\/agb\/","title":{"rendered":"AGB"},"content":{"rendered":"<div data-elementor-type=\"wp-page\" data-elementor-id=\"3677\" class=\"elementor elementor-3677\" data-elementor-post-type=\"page\">\n\t\t\t\t<div class=\"elementor-element elementor-element-29b341a e-con-full e-flex e-con e-parent\" data-id=\"29b341a\" data-element_type=\"container\">\n\t\t<div class=\"elementor-element elementor-element-e8b4eb0 animated-fast e-flex e-con-boxed elementor-invisible e-con e-child\" data-id=\"e8b4eb0\" data-element_type=\"container\" data-settings=\"{&quot;background_background&quot;:&quot;classic&quot;,&quot;animation&quot;:&quot;fadeIn&quot;}\">\n\t\t\t\t\t<div class=\"e-con-inner\">\n\t\t<div class=\"elementor-element elementor-element-a1ef2e4 e-con-full e-flex e-con e-child\" data-id=\"a1ef2e4\" data-element_type=\"container\">\n\t\t\t\t<div class=\"elementor-element elementor-element-fc7c128 elementor-widget elementor-widget-heading\" data-id=\"fc7c128\" data-element_type=\"widget\" data-widget_type=\"heading.default\">\n\t\t\t\t<div class=\"elementor-widget-container\">\n\t\t\t\t\t<h1 class=\"elementor-heading-title elementor-size-default\">Generalit\u0103\u021bi<br>Afaceri<br>condi\u021bii<span style=\"color: #BC1923\">.<\/span>\n<\/h1>\t\t\t\t<\/div>\n\t\t\t\t<\/div>\n\t\t\t\t<\/div>\n\t\t\t\t\t<\/div>\n\t\t\t\t<\/div>\n\t\t\t\t<\/div>\n\t\t<div class=\"elementor-element elementor-element-ad389db e-flex e-con-boxed e-con e-parent\" data-id=\"ad389db\" data-element_type=\"container\">\n\t\t\t\t\t<div class=\"e-con-inner\">\n\t\t<div class=\"elementor-element elementor-element-ca0fc7a e-con-full e-flex e-con e-child\" data-id=\"ca0fc7a\" data-element_type=\"container\">\n\t\t<div class=\"elementor-element elementor-element-6e4fc22 e-con-full e-flex e-con e-child\" data-id=\"6e4fc22\" data-element_type=\"container\">\n\t\t<div class=\"elementor-element elementor-element-f29ace0 e-con-full e-flex e-con e-child\" data-id=\"f29ace0\" data-element_type=\"container\" data-settings=\"{&quot;background_background&quot;:&quot;classic&quot;}\">\n\t\t\t\t<div class=\"elementor-element elementor-element-d44e88a elementor-widget elementor-widget-image\" data-id=\"d44e88a\" data-element_type=\"widget\" data-widget_type=\"image.default\">\n\t\t\t\t<div class=\"elementor-widget-container\">\n\t\t\t\t\t\t\t\t\t\t\t\t\t\t\t<img fetchpriority=\"high\" decoding=\"async\" width=\"800\" height=\"213\" src=\"https:\/\/mihalca.de\/wp-content\/uploads\/2025\/01\/2-1024x273.png\" class=\"attachment-large size-large wp-image-2525\" alt=\"\" srcset=\"https:\/\/mihalca.de\/wp-content\/uploads\/2025\/01\/2-1024x273.png 1024w, https:\/\/mihalca.de\/wp-content\/uploads\/2025\/01\/2-300x80.png 300w, https:\/\/mihalca.de\/wp-content\/uploads\/2025\/01\/2-768x205.png 768w, https:\/\/mihalca.de\/wp-content\/uploads\/2025\/01\/2.png 1125w\" sizes=\"(max-width: 800px) 100vw, 800px\" \/>\t\t\t\t\t\t\t\t\t\t\t\t\t\t\t<\/div>\n\t\t\t\t<\/div>\n\t\t\t\t<div class=\"elementor-element elementor-element-f68929e elementor-widget elementor-widget-heading\" data-id=\"f68929e\" data-element_type=\"widget\" data-widget_type=\"heading.default\">\n\t\t\t\t<div class=\"elementor-widget-container\">\n\t\t\t\t\t<h2 class=\"elementor-heading-title elementor-size-default\">Afaceri generale<br>Termeni \u0219i condi\u021bii (GTC) ale Mihalca Homes GmbH<span style=\"color: #BC1923\">.<\/span><\/h2>\t\t\t\t<\/div>\n\t\t\t\t<\/div>\n\t\t\t\t<\/div>\n\t\t\t\t<\/div>\n\t\t\t\t<\/div>\n\t\t<div class=\"elementor-element elementor-element-3257e76 e-con-full e-flex e-con e-child\" data-id=\"3257e76\" data-element_type=\"container\">\n\t\t<div class=\"elementor-element elementor-element-3925b87 e-con-full e-flex e-con e-child\" data-id=\"3925b87\" data-element_type=\"container\" data-settings=\"{&quot;background_background&quot;:&quot;classic&quot;}\">\n\t\t\t\t<div class=\"elementor-element elementor-element-b2bc5c3 elementor-widget elementor-widget-heading\" data-id=\"b2bc5c3\" data-element_type=\"widget\" data-widget_type=\"heading.default\">\n\t\t\t\t<div class=\"elementor-widget-container\">\n\t\t\t\t\t<h2 class=\"elementor-heading-title elementor-size-default\">1. domeniul de aplicare<span style=\"color: #BC1923\">.<\/span><\/h2>\t\t\t\t<\/div>\n\t\t\t\t<\/div>\n\t\t\t\t<div class=\"elementor-element elementor-element-4f89079 elementor-widget elementor-widget-text-editor\" data-id=\"4f89079\" data-element_type=\"widget\" data-widget_type=\"text-editor.default\">\n\t\t\t\t<div class=\"elementor-widget-container\">\n\t\t\t\t\t\t\t\t\t<p data-pm-slice=\"1 1 []\">Ace\u0219ti Termeni \u0219i condi\u021bii generale (TCG) se aplic\u0103 tuturor contractelor \u00eencheiate \u00eentre Mihalca Homes GmbH, Peter-Henlein-Str. 13, 89312 G\u00fcnzburg (denumit \u00een continuare \"Prestatorul\") \u0219i clien\u021bii s\u0103i. Acestea includ, \u00een special, contractele de brokeraj, contractele de \u00eenchiriere \u0219i contractele de cump\u0103rare a propriet\u0103\u021bii.<\/p>\t\t\t\t\t\t\t\t<\/div>\n\t\t\t\t<\/div>\n\t\t\t\t<\/div>\n\t\t<div class=\"elementor-element elementor-element-9d0c238 e-con-full e-flex e-con e-child\" data-id=\"9d0c238\" data-element_type=\"container\" data-settings=\"{&quot;background_background&quot;:&quot;classic&quot;}\">\n\t\t\t\t<div class=\"elementor-element elementor-element-82be7ef elementor-widget elementor-widget-heading\" data-id=\"82be7ef\" data-element_type=\"widget\" data-widget_type=\"heading.default\">\n\t\t\t\t<div class=\"elementor-widget-container\">\n\t\t\t\t\t<h2 class=\"elementor-heading-title elementor-size-default\">2. \u00eencheierea contractului<span style=\"color: #BC1923\">.<\/span><\/h2>\t\t\t\t<\/div>\n\t\t\t\t<\/div>\n\t\t\t\t<div class=\"elementor-element elementor-element-24fd040 elementor-widget elementor-widget-text-editor\" data-id=\"24fd040\" data-element_type=\"widget\" data-widget_type=\"text-editor.default\">\n\t\t\t\t<div class=\"elementor-widget-container\">\n\t\t\t\t\t\t\t\t\t<p data-pm-slice=\"1 1 []\">Un contract este \u00eencheiat de \u00eendat\u0103 ce ambele p\u0103r\u021bi au ajuns la un acord scris. Acceptarea poate fi f\u0103cut\u0103 \u00een scris, electronic sau verbal. Clientul este de acord cu prezentele TCG.<\/p>\t\t\t\t\t\t\t\t<\/div>\n\t\t\t\t<\/div>\n\t\t\t\t<\/div>\n\t\t<div class=\"elementor-element elementor-element-6d92e92 e-con-full e-flex e-con e-child\" data-id=\"6d92e92\" data-element_type=\"container\" data-settings=\"{&quot;background_background&quot;:&quot;classic&quot;}\">\n\t\t\t\t<div class=\"elementor-element elementor-element-0f430f6 elementor-widget elementor-widget-heading\" data-id=\"0f430f6\" data-element_type=\"widget\" data-widget_type=\"heading.default\">\n\t\t\t\t<div class=\"elementor-widget-container\">\n\t\t\t\t\t<h2 class=\"elementor-heading-title elementor-size-default\">3. serviciile furnizorului<span style=\"color: #BC1923\">.<\/span><\/h2>\t\t\t\t<\/div>\n\t\t\t\t<\/div>\n\t\t\t\t<div class=\"elementor-element elementor-element-1a23c52 elementor-widget elementor-widget-text-editor\" data-id=\"1a23c52\" data-element_type=\"widget\" data-widget_type=\"text-editor.default\">\n\t\t\t\t<div class=\"elementor-widget-container\">\n\t\t\t\t\t\t\t\t\t<p data-pm-slice=\"1 3 []\">Furnizorul ofer\u0103 urm\u0103toarele servicii:<\/p><ul data-spread=\"false\"><li><p>Brokeraj imobiliar (contracte de brokeraj)<\/p><\/li><li><p>\u00cencheierea de contracte de \u00eenchiriere<\/p><\/li><li><p>Brokeraj imobiliar \u0219i v\u00e2nz\u0103ri<\/p><\/li><\/ul>\t\t\t\t\t\t\t\t<\/div>\n\t\t\t\t<\/div>\n\t\t\t\t<\/div>\n\t\t\t\t<\/div>\n\t\t<div class=\"elementor-element elementor-element-8456933 e-con-full e-flex e-con e-child\" data-id=\"8456933\" data-element_type=\"container\">\n\t\t<div class=\"elementor-element elementor-element-2a110f9 e-con-full e-flex e-con e-child\" data-id=\"2a110f9\" data-element_type=\"container\" data-settings=\"{&quot;background_background&quot;:&quot;classic&quot;}\">\n\t\t\t\t<div class=\"elementor-element elementor-element-05a2ce6 elementor-widget elementor-widget-heading\" data-id=\"05a2ce6\" data-element_type=\"widget\" data-widget_type=\"heading.default\">\n\t\t\t\t<div class=\"elementor-widget-container\">\n\t\t\t\t\t<h2 class=\"elementor-heading-title elementor-size-default\">4. remunera\u021bie<span style=\"color: #BC1923\">.<\/span><\/h2>\t\t\t\t<\/div>\n\t\t\t\t<\/div>\n\t\t\t\t<div class=\"elementor-element elementor-element-6a01d83 elementor-widget elementor-widget-text-editor\" data-id=\"6a01d83\" data-element_type=\"widget\" data-widget_type=\"text-editor.default\">\n\t\t\t\t<div class=\"elementor-widget-container\">\n\t\t\t\t\t\t\t\t\t<p data-pm-slice=\"1 1 []\">Pentru serviciile furnizate se convine un comision, care este reglementat \u00een contract. Comisionul este datorat la \u00eencheierea contractului.<\/p>\t\t\t\t\t\t\t\t<\/div>\n\t\t\t\t<\/div>\n\t\t\t\t<\/div>\n\t\t<div class=\"elementor-element elementor-element-3d0a772 e-con-full e-flex e-con e-child\" data-id=\"3d0a772\" data-element_type=\"container\" data-settings=\"{&quot;background_background&quot;:&quot;classic&quot;}\">\n\t\t\t\t<div class=\"elementor-element elementor-element-6fda15a elementor-widget elementor-widget-heading\" data-id=\"6fda15a\" data-element_type=\"widget\" data-widget_type=\"heading.default\">\n\t\t\t\t<div class=\"elementor-widget-container\">\n\t\t\t\t\t<h2 class=\"elementor-heading-title elementor-size-default\">5. plat\u0103<br>condi\u021bii<span style=\"color: #BC1923\">.<\/span><\/h2>\t\t\t\t<\/div>\n\t\t\t\t<\/div>\n\t\t\t\t<div class=\"elementor-element elementor-element-cb155d3 elementor-widget elementor-widget-text-editor\" data-id=\"cb155d3\" data-element_type=\"widget\" data-widget_type=\"text-editor.default\">\n\t\t\t\t<div class=\"elementor-widget-container\">\n\t\t\t\t\t\t\t\t\t<p data-pm-slice=\"1 1 []\">Remunera\u021bia convenit\u0103 trebuie pl\u0103tit\u0103 \u00een termen de 14 zile de la facturare. \u00cen caz de \u00eent\u00e2rziere a pl\u0103\u021bii, furnizorul \u00ee\u0219i rezerv\u0103 dreptul de a percepe dob\u00e2nzi de \u00eent\u00e2rziere la o rat\u0103 de 5 % peste rata de baz\u0103 respectiv\u0103.<\/p>\t\t\t\t\t\t\t\t<\/div>\n\t\t\t\t<\/div>\n\t\t\t\t<\/div>\n\t\t<div class=\"elementor-element elementor-element-567376f e-con-full e-flex e-con e-child\" data-id=\"567376f\" data-element_type=\"container\" data-settings=\"{&quot;background_background&quot;:&quot;classic&quot;}\">\n\t\t\t\t<div class=\"elementor-element elementor-element-0232b96 elementor-widget elementor-widget-heading\" data-id=\"0232b96\" data-element_type=\"widget\" data-widget_type=\"heading.default\">\n\t\t\t\t<div class=\"elementor-widget-container\">\n\t\t\t\t\t<h2 class=\"elementor-heading-title elementor-size-default\">6. r\u0103spundere<span style=\"color: #BC1923\">.<\/span><\/h2>\t\t\t\t<\/div>\n\t\t\t\t<\/div>\n\t\t\t\t<div class=\"elementor-element elementor-element-2c480db elementor-widget elementor-widget-text-editor\" data-id=\"2c480db\" data-element_type=\"widget\" data-widget_type=\"text-editor.default\">\n\t\t\t\t<div class=\"elementor-widget-container\">\n\t\t\t\t\t\t\t\t\t<p data-pm-slice=\"1 1 []\">Prestatorul este r\u0103spunz\u0103tor numai pentru daunele care pot fi atribuite \u00eenc\u0103lc\u0103rii inten\u021bionate sau prin neglijen\u021b\u0103 grav\u0103 a obliga\u021biilor. R\u0103spunderea pentru neglijen\u021b\u0103 u\u0219oar\u0103 este exclus\u0103 \u00een m\u0103sura \u00een care nu sunt afectate obliga\u021bii contractuale esen\u021biale.<\/p>\t\t\t\t\t\t\t\t<\/div>\n\t\t\t\t<\/div>\n\t\t\t\t<\/div>\n\t\t\t\t<\/div>\n\t\t<div class=\"elementor-element elementor-element-d1d74ee e-con-full e-flex e-con e-child\" data-id=\"d1d74ee\" data-element_type=\"container\">\n\t\t<div class=\"elementor-element elementor-element-457af15 e-con-full e-flex e-con e-child\" data-id=\"457af15\" data-element_type=\"container\" data-settings=\"{&quot;background_background&quot;:&quot;classic&quot;}\">\n\t\t\t\t<div class=\"elementor-element elementor-element-302161f elementor-widget elementor-widget-heading\" data-id=\"302161f\" data-element_type=\"widget\" data-widget_type=\"heading.default\">\n\t\t\t\t<div class=\"elementor-widget-container\">\n\t\t\t\t\t<h2 class=\"elementor-heading-title elementor-size-default\">7. protec\u021bia datelor<span style=\"color: #BC1923\">.<\/span><\/h2>\t\t\t\t<\/div>\n\t\t\t\t<\/div>\n\t\t\t\t<div class=\"elementor-element elementor-element-60ae3fd elementor-widget elementor-widget-text-editor\" data-id=\"60ae3fd\" data-element_type=\"widget\" data-widget_type=\"text-editor.default\">\n\t\t\t\t<div class=\"elementor-widget-container\">\n\t\t\t\t\t\t\t\t\t<p data-pm-slice=\"1 1 []\">Furnizorul se angajeaz\u0103 s\u0103 trateze confiden\u021bial datele personale ale clien\u021bilor \u0219i s\u0103 le prelucreze \u00een conformitate cu legile aplicabile privind protec\u021bia datelor. Informa\u021bii suplimentare pot fi g\u0103site \u00een politica noastr\u0103 de confiden\u021bialitate.<\/p>\t\t\t\t\t\t\t\t<\/div>\n\t\t\t\t<\/div>\n\t\t\t\t<\/div>\n\t\t<div class=\"elementor-element elementor-element-2ae0291 e-con-full e-flex e-con e-child\" data-id=\"2ae0291\" data-element_type=\"container\" data-settings=\"{&quot;background_background&quot;:&quot;classic&quot;}\">\n\t\t\t\t<div class=\"elementor-element elementor-element-341dc42 elementor-widget elementor-widget-heading\" data-id=\"341dc42\" data-element_type=\"widget\" data-widget_type=\"heading.default\">\n\t\t\t\t<div class=\"elementor-widget-container\">\n\t\t\t\t\t<h2 class=\"elementor-heading-title elementor-size-default\">8. dreptul de anulare<span style=\"color: #BC1923\">.<\/span><\/h2>\t\t\t\t<\/div>\n\t\t\t\t<\/div>\n\t\t\t\t<div class=\"elementor-element elementor-element-857d338 elementor-widget elementor-widget-text-editor\" data-id=\"857d338\" data-element_type=\"widget\" data-widget_type=\"text-editor.default\">\n\t\t\t\t<div class=\"elementor-widget-container\">\n\t\t\t\t\t\t\t\t\t<p data-pm-slice=\"1 1 []\">Consumatorii au un drept legal de anulare. Detalii pot fi g\u0103site \u00een politica de anulare.<\/p>\t\t\t\t\t\t\t\t<\/div>\n\t\t\t\t<\/div>\n\t\t\t\t<\/div>\n\t\t<div class=\"elementor-element elementor-element-3c80c35 e-con-full e-flex e-con e-child\" data-id=\"3c80c35\" data-element_type=\"container\" data-settings=\"{&quot;background_background&quot;:&quot;classic&quot;}\">\n\t\t\t\t<div class=\"elementor-element elementor-element-559647e elementor-widget elementor-widget-heading\" data-id=\"559647e\" data-element_type=\"widget\" data-widget_type=\"heading.default\">\n\t\t\t\t<div class=\"elementor-widget-container\">\n\t\t\t\t\t<h2 class=\"elementor-heading-title elementor-size-default\">9 Durata \u0219i rezilierea contractului<span style=\"color: #BC1923\">.<\/span><\/h2>\t\t\t\t<\/div>\n\t\t\t\t<\/div>\n\t\t\t\t<div class=\"elementor-element elementor-element-5d076c3 elementor-widget elementor-widget-text-editor\" data-id=\"5d076c3\" data-element_type=\"widget\" data-widget_type=\"text-editor.default\">\n\t\t\t\t<div class=\"elementor-widget-container\">\n\t\t\t\t\t\t\t\t\t<p data-pm-slice=\"1 1 []\">Durata contractului \u0219i perioadele de anulare se bazeaz\u0103 pe contractele individuale \u00eencheiate. Cu excep\u021bia cazului \u00een care se convine altfel, se aplic\u0103 o perioad\u0103 de anulare de trei luni p\u00e2n\u0103 la sf\u00e2r\u0219itul lunii.<\/p>\t\t\t\t\t\t\t\t<\/div>\n\t\t\t\t<\/div>\n\t\t\t\t<\/div>\n\t\t\t\t<\/div>\n\t\t<div class=\"elementor-element elementor-element-1157180 e-con-full e-flex e-con e-child\" data-id=\"1157180\" data-element_type=\"container\">\n\t\t<div class=\"elementor-element elementor-element-73dbc42 e-con-full e-flex e-con e-child\" data-id=\"73dbc42\" data-element_type=\"container\" data-settings=\"{&quot;background_background&quot;:&quot;classic&quot;}\">\n\t\t\t\t<div class=\"elementor-element elementor-element-c34b1a7 elementor-widget elementor-widget-heading\" data-id=\"c34b1a7\" data-element_type=\"widget\" data-widget_type=\"heading.default\">\n\t\t\t\t<div class=\"elementor-widget-container\">\n\t\t\t\t\t<h2 class=\"elementor-heading-title elementor-size-default\">10. concluzie<br>Dispozi\u021bii<span style=\"color: #BC1923\">.<\/span><\/h2>\t\t\t\t<\/div>\n\t\t\t\t<\/div>\n\t\t\t\t<div class=\"elementor-element elementor-element-e1992bf elementor-widget elementor-widget-text-editor\" data-id=\"e1992bf\" data-element_type=\"widget\" data-widget_type=\"text-editor.default\">\n\t\t\t\t<div class=\"elementor-widget-container\">\n\t\t\t\t\t\t\t\t\t<p data-pm-slice=\"1 1 []\">\u00cen cazul \u00een care anumite dispozi\u021bii ale prezentelor CGC sunt sau devin invalide, validitatea celorlalte dispozi\u021bii nu este afectat\u0103. Dispozi\u021bia invalid\u0103 va fi \u00eenlocuit\u0103 cu o dispozi\u021bie care se apropie cel mai mult de scopul economic al dispozi\u021biei invalidate.<\/p><p>Locul de jurisdic\u021bie pentru toate litigiile care decurg din rela\u021biile contractuale este G\u00fcnzburg.<\/p><div>\u00a0<\/div>\t\t\t\t\t\t\t\t<\/div>\n\t\t\t\t<\/div>\n\t\t\t\t<\/div>\n\t\t<div class=\"elementor-element elementor-element-fddd2ce e-con-full e-flex e-con e-child\" data-id=\"fddd2ce\" data-element_type=\"container\" data-settings=\"{&quot;background_background&quot;:&quot;classic&quot;}\">\n\t\t\t\t<div class=\"elementor-element elementor-element-7f1b52d elementor-widget elementor-widget-image\" data-id=\"7f1b52d\" data-element_type=\"widget\" data-widget_type=\"image.default\">\n\t\t\t\t<div class=\"elementor-widget-container\">\n\t\t\t\t\t\t\t\t\t\t\t\t\t\t\t<img fetchpriority=\"high\" decoding=\"async\" width=\"800\" height=\"213\" src=\"https:\/\/mihalca.de\/wp-content\/uploads\/2025\/01\/2-1024x273.png\" class=\"attachment-large size-large wp-image-2525\" alt=\"\" srcset=\"https:\/\/mihalca.de\/wp-content\/uploads\/2025\/01\/2-1024x273.png 1024w, https:\/\/mihalca.de\/wp-content\/uploads\/2025\/01\/2-300x80.png 300w, https:\/\/mihalca.de\/wp-content\/uploads\/2025\/01\/2-768x205.png 768w, https:\/\/mihalca.de\/wp-content\/uploads\/2025\/01\/2.png 1125w\" sizes=\"(max-width: 800px) 100vw, 800px\" \/>\t\t\t\t\t\t\t\t\t\t\t\t\t\t\t<\/div>\n\t\t\t\t<\/div>\n\t\t\t\t<div class=\"elementor-element elementor-element-f77e6bf elementor-widget elementor-widget-heading\" data-id=\"f77e6bf\" data-element_type=\"widget\" data-widget_type=\"heading.default\">\n\t\t\t\t<div class=\"elementor-widget-container\">\n\t\t\t\t\t<h2 class=\"elementor-heading-title elementor-size-default\">Contacta\u021bi-ne<span style=\"color: #BC1923\">.<\/span><\/h2>\t\t\t\t<\/div>\n\t\t\t\t<\/div>\n\t\t\t\t<div class=\"elementor-element elementor-element-05b8fbd elementor-widget elementor-widget-text-editor\" data-id=\"05b8fbd\" data-element_type=\"widget\" data-widget_type=\"text-editor.default\">\n\t\t\t\t<div class=\"elementor-widget-container\">\n\t\t\t\t\t\t\t\t\t<p data-pm-slice=\"1 1 []\">Pentru toate solicit\u0103rile, v\u0103 rug\u0103m s\u0103 contacta\u021bi:<\/p><p><strong>Mihalca Homes GmbH<\/strong><br \/>Peter-Henlein-Str. 13<br \/>89312 G\u00fcnzburg<br \/>e-mail: <a>welcome@mihalca.de<\/a><\/p><p data-pm-slice=\"1 1 []\">Statut: ianuarie 2025<\/p>\t\t\t\t\t\t\t\t<\/div>\n\t\t\t\t<\/div>\n\t\t\t\t<\/div>\n\t\t\t\t<\/div>\n\t\t\t\t\t<\/div>\n\t\t\t\t<\/div>\n\t\t\t\t<\/div>","protected":false},"excerpt":{"rendered":"<p>AllgemeineGesch\u00e4ftsbedingungen. Allgemeine Gesch\u00e4ftsbedingungen (AGB) der Mihalca Homes GmbH. 1. Geltungsbereich. Diese Allgemeinen Gesch\u00e4ftsbedingungen (AGB) gelten f\u00fcr alle Vertr\u00e4ge, die zwischen der Mihalca Homes GmbH, Peter-Henlein-Str. 13, 89312 G\u00fcnzburg (nachfolgend &#8222;Anbieter&#8220;) und ihren Kunden geschlossen werden. Dazu z\u00e4hlen insbesondere Maklervertr\u00e4ge, Mietvertr\u00e4ge und Kaufvertr\u00e4ge \u00fcber Immobilien. 2. Vertragsabschluss. Ein Vertrag kommt zustande, sobald beide Parteien eine schriftliche [&hellip;]<\/p>","protected":false},"author":2,"featured_media":0,"parent":0,"menu_order":0,"comment_status":"closed","ping_status":"closed","template":"","meta":{"_acf_changed":false,"footnotes":""},"class_list":["post-3677","page","type-page","status-publish","hentry"],"acf":[],"_links":{"self":[{"href":"https:\/\/mihalca.de\/ro\/wp-json\/wp\/v2\/pages\/3677","targetHints":{"allow":["GET"]}}],"collection":[{"href":"https:\/\/mihalca.de\/ro\/wp-json\/wp\/v2\/pages"}],"about":[{"href":"https:\/\/mihalca.de\/ro\/wp-json\/wp\/v2\/types\/page"}],"author":[{"embeddable":true,"href":"https:\/\/mihalca.de\/ro\/wp-json\/wp\/v2\/users\/2"}],"replies":[{"embeddable":true,"href":"https:\/\/mihalca.de\/ro\/wp-json\/wp\/v2\/comments?post=3677"}],"version-history":[{"count":10,"href":"https:\/\/mihalca.de\/ro\/wp-json\/wp\/v2\/pages\/3677\/revisions"}],"predecessor-version":[{"id":3986,"href":"https:\/\/mihalca.de\/ro\/wp-json\/wp\/v2\/pages\/3677\/revisions\/3986"}],"wp:attachment":[{"href":"https:\/\/mihalca.de\/ro\/wp-json\/wp\/v2\/media?parent=3677"}],"curies":[{"name":"wp","href":"https:\/\/api.w.org\/{rel}","templated":true}]}}