{"id":3664,"date":"2025-01-14T19:32:52","date_gmt":"2025-01-14T18:32:52","guid":{"rendered":"https:\/\/mihalca.de\/?page_id=3664"},"modified":"2025-01-20T12:33:58","modified_gmt":"2025-01-20T11:33:58","slug":"wiederrufsbelehrung","status":"publish","type":"page","link":"https:\/\/mihalca.de\/ro\/politica-de-anulare\/","title":{"rendered":"Politica de anulare"},"content":{"rendered":"<div data-elementor-type=\"wp-page\" data-elementor-id=\"3664\" class=\"elementor elementor-3664\" data-elementor-post-type=\"page\">\n\t\t\t\t<div class=\"elementor-element elementor-element-065eb17 e-con-full e-flex e-con e-parent\" data-id=\"065eb17\" data-element_type=\"container\" data-settings=\"{&quot;background_background&quot;:&quot;classic&quot;}\">\n\t\t<div class=\"elementor-element elementor-element-e867578 animated-fast e-flex e-con-boxed elementor-invisible e-con e-child\" data-id=\"e867578\" data-element_type=\"container\" data-settings=\"{&quot;background_background&quot;:&quot;classic&quot;,&quot;animation&quot;:&quot;fadeIn&quot;}\">\n\t\t\t\t\t<div class=\"e-con-inner\">\n\t\t<div class=\"elementor-element elementor-element-9fa3082 e-con-full e-flex e-con e-child\" data-id=\"9fa3082\" data-element_type=\"container\">\n\t\t\t\t<div class=\"elementor-element elementor-element-408e3d3 elementor-widget elementor-widget-heading\" data-id=\"408e3d3\" data-element_type=\"widget\" data-widget_type=\"heading.default\">\n\t\t\t\t<div class=\"elementor-widget-container\">\n\t\t\t\t\t<h1 class=\"elementor-heading-title elementor-size-default\">Revocare<br>instruc\u021biuni<span style=\"color: #BC1923\">.<\/span>\n<\/h1>\t\t\t\t<\/div>\n\t\t\t\t<\/div>\n\t\t\t\t<\/div>\n\t\t\t\t\t<\/div>\n\t\t\t\t<\/div>\n\t\t\t\t<\/div>\n\t\t<div class=\"elementor-element elementor-element-cc36bc0 e-flex e-con-boxed e-con e-parent\" data-id=\"cc36bc0\" data-element_type=\"container\">\n\t\t\t\t\t<div class=\"e-con-inner\">\n\t\t<div class=\"elementor-element elementor-element-8383464 e-con-full e-flex e-con e-child\" data-id=\"8383464\" data-element_type=\"container\">\n\t\t<div class=\"elementor-element elementor-element-a1077e3 e-con-full e-flex e-con e-child\" data-id=\"a1077e3\" data-element_type=\"container\" data-settings=\"{&quot;background_background&quot;:&quot;classic&quot;}\">\n\t\t\t\t<div class=\"elementor-element elementor-element-3993e4e elementor-widget elementor-widget-heading\" data-id=\"3993e4e\" data-element_type=\"widget\" data-widget_type=\"heading.default\">\n\t\t\t\t<div class=\"elementor-widget-container\">\n\t\t\t\t\t<h2 class=\"elementor-heading-title elementor-size-default\">1. dreptul de anulare<span style=\"color: #BC1923\">.<\/span><\/h2>\t\t\t\t<\/div>\n\t\t\t\t<\/div>\n\t\t\t\t<div class=\"elementor-element elementor-element-8dd282e elementor-widget elementor-widget-text-editor\" data-id=\"8dd282e\" data-element_type=\"widget\" data-widget_type=\"text-editor.default\">\n\t\t\t\t<div class=\"elementor-widget-container\">\n\t\t\t\t\t\t\t\t\t<p data-pm-slice=\"1 1 []\">Consumatorii au dreptul de a anula un contract \u00eencheiat \u00een termen de paisprezece zile, f\u0103r\u0103 a da motive.<\/p><h3>Perioada de anulare<\/h3><p>Perioada de anulare este de paisprezece zile de la data \u00eencheierii contractului.<\/p><h3>Exercitarea dreptului de anulare<\/h3><p>Pentru a v\u0103 exercita dreptul de anulare, trebuie s\u0103 ne informa\u021bi<\/p><p><strong>Mihalca Homes GmbH<\/strong><br \/>Peter-Henlein-Str. 13<br \/>89312 G\u00fcnzburg<br \/>Telefon: 0160 968 194 86<br \/>e-mail: <a>welcome@mihalca.de<\/a><\/p><p>a deciziei dumneavoastr\u0103 de a v\u0103 retrage din prezentul contract printr-o declara\u021bie f\u0103r\u0103 echivoc (de exemplu, o scrisoare trimis\u0103 prin po\u0219t\u0103 sau e-mail). Pute\u021bi utiliza modelul de formular de anulare furnizat mai jos, dar acest lucru nu este obligatoriu.<\/p><p>Pentru a respecta termenul de anulare, este suficient s\u0103 trimite\u021bi notificarea de exercitare a dreptului de anulare \u00eenainte de expirarea perioadei de anulare.<\/p>\t\t\t\t\t\t\t\t<\/div>\n\t\t\t\t<\/div>\n\t\t\t\t<\/div>\n\t\t<div class=\"elementor-element elementor-element-eb704b7 e-con-full e-flex e-con e-child\" data-id=\"eb704b7\" data-element_type=\"container\" data-settings=\"{&quot;background_background&quot;:&quot;classic&quot;}\">\n\t\t\t\t<div class=\"elementor-element elementor-element-36b96a4 elementor-widget elementor-widget-heading\" data-id=\"36b96a4\" data-element_type=\"widget\" data-widget_type=\"heading.default\">\n\t\t\t\t<div class=\"elementor-widget-container\">\n\t\t\t\t\t<h2 class=\"elementor-heading-title elementor-size-default\">2. consecin\u021bele anul\u0103rii<span style=\"color: #BC1923\">.<\/span><\/h2>\t\t\t\t<\/div>\n\t\t\t\t<\/div>\n\t\t\t\t<div class=\"elementor-element elementor-element-2dcac8e elementor-widget elementor-widget-text-editor\" data-id=\"2dcac8e\" data-element_type=\"widget\" data-widget_type=\"text-editor.default\">\n\t\t\t\t<div class=\"elementor-widget-container\">\n\t\t\t\t\t\t\t\t\t<p data-pm-slice=\"1 1 []\">\u00cen cazul \u00een care v\u0103 retrage\u021bi din prezentul contract, v\u0103 vom rambursa toate pl\u0103\u021bile primite de la dumneavoastr\u0103, inclusiv costurile de livrare (cu excep\u021bia costurilor suplimentare rezultate din alegerea de c\u0103tre dumneavoastr\u0103 a unui alt tip de livrare dec\u00e2t cel mai ieftin tip de livrare standard oferit de noi), f\u0103r\u0103 \u00eent\u00e2rzieri nejustificate \u0219i, \u00een orice caz, nu mai t\u00e2rziu de 14 zile de la data la care suntem informa\u021bi despre decizia dumneavoastr\u0103 de a v\u0103 retrage din prezentul contract.<\/p><p>Pentru aceast\u0103 rambursare, vom utiliza acelea\u0219i mijloace de plat\u0103 pe care le-a\u021bi utilizat pentru tranzac\u021bia ini\u021bial\u0103, cu excep\u021bia cazului \u00een care s-a convenit \u00een mod expres altfel cu dumneavoastr\u0103; \u00een niciun caz nu vi se vor percepe comisioane pentru aceast\u0103 rambursare.<\/p>\t\t\t\t\t\t\t\t<\/div>\n\t\t\t\t<\/div>\n\t\t\t\t<\/div>\n\t\t\t\t<\/div>\n\t\t<div class=\"elementor-element elementor-element-8ef581f e-con-full e-flex e-con e-child\" data-id=\"8ef581f\" data-element_type=\"container\">\n\t\t<div class=\"elementor-element elementor-element-f16db7a e-con-full e-flex e-con e-child\" data-id=\"f16db7a\" data-element_type=\"container\" data-settings=\"{&quot;background_background&quot;:&quot;classic&quot;}\">\n\t\t\t\t<div class=\"elementor-element elementor-element-61406e2 elementor-widget elementor-widget-heading\" data-id=\"61406e2\" data-element_type=\"widget\" data-widget_type=\"heading.default\">\n\t\t\t\t<div class=\"elementor-widget-container\">\n\t\t\t\t\t<h2 class=\"elementor-heading-title elementor-size-default\">3. excluderea dreptului de anulare<span style=\"color: #BC1923\">.<\/span><\/h2>\t\t\t\t<\/div>\n\t\t\t\t<\/div>\n\t\t\t\t<div class=\"elementor-element elementor-element-63c140e elementor-widget elementor-widget-text-editor\" data-id=\"63c140e\" data-element_type=\"widget\" data-widget_type=\"text-editor.default\">\n\t\t\t\t<div class=\"elementor-widget-container\">\n\t\t\t\t\t\t\t\t\t<p data-pm-slice=\"1 3 []\">Dreptul de anulare nu se aplic\u0103 urm\u0103toarelor contracte:<\/p><ul data-spread=\"false\"><li><p>Contractele de prestare de servicii \u00een leg\u0103tur\u0103 cu bunurile imobiliare, cum ar fi contractele de brokeraj, \u00een cazul \u00een care antreprenorul a prestat integral serviciul \u0219i a \u00eenceput s\u0103 \u00eel presteze numai dup\u0103 ce consumatorul \u0219i-a dat consim\u021b\u0103m\u00e2ntul expres \u0219i, \u00een acela\u0219i timp, \u0219i-a confirmat cunoa\u0219terea faptului c\u0103 \u00ee\u0219i va pierde dreptul de reziliere la \u00eendeplinirea complet\u0103 a contractului.<\/p><\/li><li><p>Contracte de \u00eenchiriere a propriet\u0103\u021bilor reziden\u021biale \u00een alte scopuri dec\u00e2t cele reziden\u021biale.<\/p><\/li><\/ul>\t\t\t\t\t\t\t\t<\/div>\n\t\t\t\t<\/div>\n\t\t\t\t<\/div>\n\t\t<div class=\"elementor-element elementor-element-afcecc4 e-con-full e-flex e-con e-child\" data-id=\"afcecc4\" data-element_type=\"container\" data-settings=\"{&quot;background_background&quot;:&quot;classic&quot;}\">\n\t\t\t\t<div class=\"elementor-element elementor-element-a4d1193 elementor-widget elementor-widget-heading\" data-id=\"a4d1193\" data-element_type=\"widget\" data-widget_type=\"heading.default\">\n\t\t\t\t<div class=\"elementor-widget-container\">\n\t\t\t\t\t<h2 class=\"elementor-heading-title elementor-size-default\">4. model de formular de anulare<span style=\"color: #BC1923\">.<\/span><\/h2>\t\t\t\t<\/div>\n\t\t\t\t<\/div>\n\t\t\t\t<div class=\"elementor-element elementor-element-6b3d27c elementor-widget elementor-widget-text-editor\" data-id=\"6b3d27c\" data-element_type=\"widget\" data-widget_type=\"text-editor.default\">\n\t\t\t\t<div class=\"elementor-widget-container\">\n\t\t\t\t\t\t\t\t\t<p data-pm-slice=\"1 1 []\">Dac\u0103 dori\u021bi s\u0103 anula\u021bi contractul, v\u0103 rug\u0103m s\u0103 completa\u021bi acest formular \u0219i s\u0103 ni-l trimite\u021bi:<\/p><p><strong>Mihalca Homes GmbH<\/strong><br \/>Peter-Henlein-Str. 13<br \/>89312 G\u00fcnzburg<br \/>e-mail: <a>welcome@mihalca.de<br \/><br \/><\/a><\/p><p>Eu\/noi (*) anulez\/anul\u0103m prin prezenta contractul \u00eencheiat de mine\/noi (*) pentru achizi\u021bionarea urm\u0103toarelor bunuri (*)\/prestarea urm\u0103toarelor servicii (*)<\/p><p>Comandat pe (*)\/recep\u021bionat pe (*)<\/p><p>Numele consumatorului (consumatorilor):<\/p><p>Adresa consumatorului (consumatorilor):<\/p><p>Semn\u0103tura consumatorului (consumatorilor) (numai pentru notificarea pe h\u00e2rtie):<\/p><p>Data:<\/p><p>(*) \u0218terge\u021bi dup\u0103 caz.<\/p><p><a>\u00a0<\/a><\/p>\t\t\t\t\t\t\t\t<\/div>\n\t\t\t\t<\/div>\n\t\t\t\t<\/div>\n\t\t\t\t<\/div>\n\t\t<div class=\"elementor-element elementor-element-674ea51 e-con-full e-flex e-con e-child\" data-id=\"674ea51\" data-element_type=\"container\">\n\t\t<div class=\"elementor-element elementor-element-fe9d0bf e-con-full e-flex e-con e-child\" data-id=\"fe9d0bf\" data-element_type=\"container\" data-settings=\"{&quot;background_background&quot;:&quot;classic&quot;}\">\n\t\t\t\t<div class=\"elementor-element elementor-element-c2d6d46 elementor-widget elementor-widget-image\" data-id=\"c2d6d46\" data-element_type=\"widget\" data-widget_type=\"image.default\">\n\t\t\t\t<div class=\"elementor-widget-container\">\n\t\t\t\t\t\t\t\t\t\t\t\t\t\t\t<img fetchpriority=\"high\" decoding=\"async\" width=\"800\" height=\"213\" src=\"https:\/\/mihalca.de\/wp-content\/uploads\/2025\/01\/2-1024x273.png\" class=\"attachment-large size-large wp-image-2525\" alt=\"\" srcset=\"https:\/\/mihalca.de\/wp-content\/uploads\/2025\/01\/2-1024x273.png 1024w, https:\/\/mihalca.de\/wp-content\/uploads\/2025\/01\/2-300x80.png 300w, https:\/\/mihalca.de\/wp-content\/uploads\/2025\/01\/2-768x205.png 768w, https:\/\/mihalca.de\/wp-content\/uploads\/2025\/01\/2.png 1125w\" sizes=\"(max-width: 800px) 100vw, 800px\" \/>\t\t\t\t\t\t\t\t\t\t\t\t\t\t\t<\/div>\n\t\t\t\t<\/div>\n\t\t\t\t<div class=\"elementor-element elementor-element-97d690a elementor-widget elementor-widget-heading\" data-id=\"97d690a\" data-element_type=\"widget\" data-widget_type=\"heading.default\">\n\t\t\t\t<div class=\"elementor-widget-container\">\n\t\t\t\t\t<h2 class=\"elementor-heading-title elementor-size-default\">Contacta\u021bi-ne<span style=\"color: #BC1923\">.<\/span><\/h2>\t\t\t\t<\/div>\n\t\t\t\t<\/div>\n\t\t\t\t<div class=\"elementor-element elementor-element-cfdb249 elementor-widget elementor-widget-text-editor\" data-id=\"cfdb249\" data-element_type=\"widget\" data-widget_type=\"text-editor.default\">\n\t\t\t\t<div class=\"elementor-widget-container\">\n\t\t\t\t\t\t\t\t\t<p data-pm-slice=\"1 1 []\">Dac\u0103 ave\u021bi \u00eentreb\u0103ri suplimentare cu privire la exercitarea dreptului dvs. de anulare, v\u0103 rug\u0103m s\u0103 nu ezita\u021bi s\u0103 ne contacta\u021bi \u00een orice moment.<\/p><p><strong>Mihalca Homes GmbH<\/strong><br \/>Peter-Henlein-Str. 13<br \/>89312 G\u00fcnzburg<br \/>e-mail: <a>welcome@mihalca.de<\/a><\/p>\t\t\t\t\t\t\t\t<\/div>\n\t\t\t\t<\/div>\n\t\t\t\t<\/div>\n\t\t\t\t<\/div>\n\t\t\t\t\t<\/div>\n\t\t\t\t<\/div>\n\t\t\t\t<\/div>","protected":false},"excerpt":{"rendered":"<p>Wiederrufsbelehrung. 1. Widerrufsrecht. Verbraucher haben das Recht, binnen vierzehn Tagen ohne Angabe von Gr\u00fcnden einen geschlossenen Vertrag zu widerrufen. Widerrufsfrist Die Widerrufsfrist betr\u00e4gt vierzehn Tage ab dem Tag des Vertragsabschlusses. Aus\u00fcbung des Widerrufsrechts Um Ihr Widerrufsrecht auszu\u00fcben, m\u00fcssen Sie uns, der Mihalca Homes GmbHPeter-Henlein-Str. 1389312 G\u00fcnzburgTelefon: 0160 968 194 86E-Mail: welcome@mihalca.de mittels einer eindeutigen Erkl\u00e4rung [&hellip;]<\/p>","protected":false},"author":2,"featured_media":0,"parent":0,"menu_order":0,"comment_status":"closed","ping_status":"closed","template":"","meta":{"_acf_changed":false,"footnotes":""},"class_list":["post-3664","page","type-page","status-publish","hentry"],"acf":[],"_links":{"self":[{"href":"https:\/\/mihalca.de\/ro\/wp-json\/wp\/v2\/pages\/3664","targetHints":{"allow":["GET"]}}],"collection":[{"href":"https:\/\/mihalca.de\/ro\/wp-json\/wp\/v2\/pages"}],"about":[{"href":"https:\/\/mihalca.de\/ro\/wp-json\/wp\/v2\/types\/page"}],"author":[{"embeddable":true,"href":"https:\/\/mihalca.de\/ro\/wp-json\/wp\/v2\/users\/2"}],"replies":[{"embeddable":true,"href":"https:\/\/mihalca.de\/ro\/wp-json\/wp\/v2\/comments?post=3664"}],"version-history":[{"count":7,"href":"https:\/\/mihalca.de\/ro\/wp-json\/wp\/v2\/pages\/3664\/revisions"}],"predecessor-version":[{"id":3983,"href":"https:\/\/mihalca.de\/ro\/wp-json\/wp\/v2\/pages\/3664\/revisions\/3983"}],"wp:attachment":[{"href":"https:\/\/mihalca.de\/ro\/wp-json\/wp\/v2\/media?parent=3664"}],"curies":[{"name":"wp","href":"https:\/\/api.w.org\/{rel}","templated":true}]}}