{"id":3659,"date":"2025-01-14T19:13:03","date_gmt":"2025-01-14T18:13:03","guid":{"rendered":"https:\/\/mihalca.de\/?page_id=3659"},"modified":"2025-01-20T12:33:23","modified_gmt":"2025-01-20T11:33:23","slug":"datenschutz","status":"publish","type":"page","link":"https:\/\/mihalca.de\/ro\/protectia-datelor\/","title":{"rendered":"Protec\u021bia datelor"},"content":{"rendered":"<div data-elementor-type=\"wp-page\" data-elementor-id=\"3659\" class=\"elementor elementor-3659\" data-elementor-post-type=\"page\">\n\t\t\t\t<div class=\"elementor-element elementor-element-56c3a95 e-con-full e-flex e-con e-parent\" data-id=\"56c3a95\" data-element_type=\"container\">\n\t\t<div class=\"elementor-element elementor-element-7f30f4d animated-fast e-flex e-con-boxed elementor-invisible e-con e-child\" data-id=\"7f30f4d\" data-element_type=\"container\" data-settings=\"{&quot;background_background&quot;:&quot;classic&quot;,&quot;animation&quot;:&quot;fadeIn&quot;}\">\n\t\t\t\t\t<div class=\"e-con-inner\">\n\t\t<div class=\"elementor-element elementor-element-bc5e5f9 e-con-full e-flex e-con e-child\" data-id=\"bc5e5f9\" data-element_type=\"container\">\n\t\t\t\t<div class=\"elementor-element elementor-element-c1d8803 elementor-widget elementor-widget-heading\" data-id=\"c1d8803\" data-element_type=\"widget\" data-widget_type=\"heading.default\">\n\t\t\t\t<div class=\"elementor-widget-container\">\n\t\t\t\t\t<h1 class=\"elementor-heading-title elementor-size-default\">Protec\u021bia datelor<span style=\"color: #BC1923\">.<\/span>\n<\/h1>\t\t\t\t<\/div>\n\t\t\t\t<\/div>\n\t\t\t\t<\/div>\n\t\t\t\t\t<\/div>\n\t\t\t\t<\/div>\n\t\t\t\t<\/div>\n\t\t<div class=\"elementor-element elementor-element-d6374f0 e-flex e-con-boxed e-con e-parent\" data-id=\"d6374f0\" data-element_type=\"container\">\n\t\t\t\t\t<div class=\"e-con-inner\">\n\t\t<div class=\"elementor-element elementor-element-9bdcfb5 e-con-full e-flex e-con e-child\" data-id=\"9bdcfb5\" data-element_type=\"container\">\n\t\t<div class=\"elementor-element elementor-element-65f7095 e-con-full e-flex e-con e-child\" data-id=\"65f7095\" data-element_type=\"container\" data-settings=\"{&quot;background_background&quot;:&quot;classic&quot;}\">\n\t\t\t\t<div class=\"elementor-element elementor-element-cb12c70 elementor-widget elementor-widget-heading\" data-id=\"cb12c70\" data-element_type=\"widget\" data-widget_type=\"heading.default\">\n\t\t\t\t<div class=\"elementor-widget-container\">\n\t\t\t\t\t<h2 class=\"elementor-heading-title elementor-size-default\">1. persoan\u0103 responsabil\u0103<span style=\"color: #BC1923\">.<\/span><\/h2>\t\t\t\t<\/div>\n\t\t\t\t<\/div>\n\t\t\t\t<div class=\"elementor-element elementor-element-f176c2b elementor-widget elementor-widget-text-editor\" data-id=\"f176c2b\" data-element_type=\"widget\" data-widget_type=\"text-editor.default\">\n\t\t\t\t<div class=\"elementor-widget-container\">\n\t\t\t\t\t\t\t\t\t<p data-pm-slice=\"1 1 []\">Mihalca Homes GmbH<\/p><p data-pm-slice=\"1 1 []\"><br \/>Peter-Henlein-Str. 13<br \/>89312 G\u00fcnzburg<br \/>Germania<\/p><p data-pm-slice=\"1 1 []\">Telefon: 0160 968 194 86<br \/>e-mail: <a>welcome@mihalca.de<\/a><br \/>Reprezentat\u0103 de: Marian Mihalca &amp; Marcel Mihalca<\/p>\t\t\t\t\t\t\t\t<\/div>\n\t\t\t\t<\/div>\n\t\t\t\t<\/div>\n\t\t<div class=\"elementor-element elementor-element-75b8a0b e-con-full e-flex e-con e-child\" data-id=\"75b8a0b\" data-element_type=\"container\" data-settings=\"{&quot;background_background&quot;:&quot;classic&quot;}\">\n\t\t\t\t<div class=\"elementor-element elementor-element-033ef7b elementor-widget elementor-widget-heading\" data-id=\"033ef7b\" data-element_type=\"widget\" data-widget_type=\"heading.default\">\n\t\t\t\t<div class=\"elementor-widget-container\">\n\t\t\t\t\t<h2 class=\"elementor-heading-title elementor-size-default\">2. informa\u021bii generale privind protec\u021bia datelor<span style=\"color: #BC1923\">.<\/span><\/h2>\t\t\t\t<\/div>\n\t\t\t\t<\/div>\n\t\t\t\t<div class=\"elementor-element elementor-element-a29edcc elementor-widget elementor-widget-text-editor\" data-id=\"a29edcc\" data-element_type=\"widget\" data-widget_type=\"text-editor.default\">\n\t\t\t\t<div class=\"elementor-widget-container\">\n\t\t\t\t\t\t\t\t\t<p data-pm-slice=\"1 1 []\">Lu\u0103m foarte \u00een serios protec\u021bia datelor dvs. personale. Datele dvs. personale vor fi tratate confiden\u021bial \u0219i \u00een conformitate cu reglement\u0103rile legale privind protec\u021bia datelor \u0219i cu prezenta politic\u0103 de confiden\u021bialitate.<\/p><p>Atunci c\u00e2nd utiliza\u021bi acest site, sunt colectate diverse date cu caracter personal. Datele cu caracter personal sunt date care pot fi utilizate pentru a v\u0103 identifica personal. Aceast\u0103 politic\u0103 de confiden\u021bialitate explic\u0103 ce date colect\u0103m \u0219i pentru ce le folosim. De asemenea, explic\u0103 cum \u0219i \u00een ce scop se face acest lucru.<\/p>\t\t\t\t\t\t\t\t<\/div>\n\t\t\t\t<\/div>\n\t\t\t\t<\/div>\n\t\t\t\t<\/div>\n\t\t\t\t\t<\/div>\n\t\t\t\t<\/div>\n\t\t<div class=\"elementor-element elementor-element-61ca4d0 e-con-full e-flex e-con e-parent\" data-id=\"61ca4d0\" data-element_type=\"container\" data-settings=\"{&quot;background_background&quot;:&quot;classic&quot;}\">\n\t\t<div class=\"elementor-element elementor-element-e4ba825 e-flex e-con-boxed e-con e-child\" data-id=\"e4ba825\" data-element_type=\"container\" data-settings=\"{&quot;background_background&quot;:&quot;classic&quot;}\">\n\t\t\t\t\t<div class=\"e-con-inner\">\n\t\t\t\t<div class=\"elementor-element elementor-element-7d56489 elementor-widget elementor-widget-heading\" data-id=\"7d56489\" data-element_type=\"widget\" data-widget_type=\"heading.default\">\n\t\t\t\t<div class=\"elementor-widget-container\">\n\t\t\t\t\t<h2 class=\"elementor-heading-title elementor-size-default\">3. colectarea datelor pe site-ul nostru web<span style=\"color: #BC1923\">.<\/span><\/h2>\t\t\t\t<\/div>\n\t\t\t\t<\/div>\n\t\t<div class=\"elementor-element elementor-element-a389d80 e-con-full e-flex e-con e-child\" data-id=\"a389d80\" data-element_type=\"container\">\n\t\t<div class=\"elementor-element elementor-element-8bd7afb e-con-full e-flex e-con e-child\" data-id=\"8bd7afb\" data-element_type=\"container\" data-settings=\"{&quot;background_background&quot;:&quot;classic&quot;}\">\n\t\t\t\t<div class=\"elementor-element elementor-element-5ff629a elementor-widget elementor-widget-heading\" data-id=\"5ff629a\" data-element_type=\"widget\" data-widget_type=\"heading.default\">\n\t\t\t\t<div class=\"elementor-widget-container\">\n\t\t\t\t\t<h2 class=\"elementor-heading-title elementor-size-default\">3.1 Module cookie<span style=\"color: #BC1923\">.<\/span><\/h2>\t\t\t\t<\/div>\n\t\t\t\t<\/div>\n\t\t\t\t<div class=\"elementor-element elementor-element-f084ea4 elementor-widget elementor-widget-text-editor\" data-id=\"f084ea4\" data-element_type=\"widget\" data-widget_type=\"text-editor.default\">\n\t\t\t\t<div class=\"elementor-widget-container\">\n\t\t\t\t\t\t\t\t\t<p data-pm-slice=\"1 3 []\">Site-ul nostru utilizeaz\u0103 module cookie. Modulele cookie sunt fi\u0219iere text de mici dimensiuni care sunt stocate pe dispozitivul dumneavoastr\u0103 final \u0219i salvate de browserul dumneavoastr\u0103. Acestea nu provoac\u0103 nicio deteriorare a dispozitivului dvs. final. Unele module cookie r\u0103m\u00e2n stocate pe dispozitivul dvs. p\u00e2n\u0103 c\u00e2nd le \u0219terge\u021bi. Aceste module cookie ne permit s\u0103 v\u0103 recunoa\u0219tem browserul la urm\u0103toarea vizit\u0103.<\/p><p>Atunci c\u00e2nd vizita\u021bi site-ul nostru pentru prima dat\u0103, ve\u021bi fi informat prin intermediul unui banner cookie \u0219i vi se va cere consim\u021b\u0103m\u00e2ntul. Pute\u021bi s\u0103 v\u0103 revoca\u021bi consim\u021b\u0103m\u00e2ntul \u00een orice moment.<\/p><p><strong>Scopul prelucr\u0103rii:<\/strong><\/p><ul data-spread=\"false\"><li><p>Asigurarea func\u021bionalit\u0103\u021bii tehnice a site-ului<\/p><\/li><li><p>Optimizarea u\u0219urin\u021bei de utilizare<\/p><\/li><li><p>Analiza utiliz\u0103rii site-ului web<\/p><\/li><\/ul><p><strong>Temei juridic:<\/strong><\/p><ul data-spread=\"false\"><li><p>Art. 6 alin. 1 lit. a GDPR (consim\u021b\u0103m\u00e2nt)<\/p><\/li><li><p>Art. 6 alin. 1 lit. f GDPR (interes legitim \u00een furnizarea f\u0103r\u0103 erori tehnice a site-ului)<\/p><\/li><\/ul>\t\t\t\t\t\t\t\t<\/div>\n\t\t\t\t<\/div>\n\t\t\t\t<\/div>\n\t\t<div class=\"elementor-element elementor-element-ad47bdb e-con-full e-flex e-con e-child\" data-id=\"ad47bdb\" data-element_type=\"container\" data-settings=\"{&quot;background_background&quot;:&quot;classic&quot;}\">\n\t\t\t\t<div class=\"elementor-element elementor-element-0ba28f6 elementor-widget elementor-widget-heading\" data-id=\"0ba28f6\" data-element_type=\"widget\" data-widget_type=\"heading.default\">\n\t\t\t\t<div class=\"elementor-widget-container\">\n\t\t\t\t\t<h2 class=\"elementor-heading-title elementor-size-default\">3.2 Fi\u0219iere jurnal server<span style=\"color: #BC1923\">.<\/span><\/h2>\t\t\t\t<\/div>\n\t\t\t\t<\/div>\n\t\t\t\t<div class=\"elementor-element elementor-element-3da4a0b elementor-widget elementor-widget-text-editor\" data-id=\"3da4a0b\" data-element_type=\"widget\" data-widget_type=\"text-editor.default\">\n\t\t\t\t<div class=\"elementor-widget-container\">\n\t\t\t\t\t\t\t\t\t<p data-pm-slice=\"1 1 []\">Furnizorul de g\u0103zduire al site-ului nostru (All-Inkl.) colecteaz\u0103 \u0219i stocheaz\u0103 automat informa\u021bii \u00een a\u0219a-numitele fi\u0219iere jurnal de server, pe care browserul dvs. ni le transmite automat. Acestea sunt<\/p><ul data-spread=\"false\"><li><p>Tipul \u0219i versiunea browserului<\/p><\/li><li><p>Sistemul de operare utilizat<\/p><\/li><li><p>Referitor URL<\/p><\/li><li><p>Numele gazdei computerului de accesare<\/p><\/li><li><p>Ora solicit\u0103rii serverului<\/p><\/li><\/ul><p>Aceste date nu pot fi atribuite anumitor persoane. Aceste date nu sunt fuzionate cu alte surse de date.<\/p>\t\t\t\t\t\t\t\t<\/div>\n\t\t\t\t<\/div>\n\t\t\t\t<\/div>\n\t\t\t\t<\/div>\n\t\t\t\t\t<\/div>\n\t\t\t\t<\/div>\n\t\t\t\t<\/div>\n\t\t<div class=\"elementor-element elementor-element-1c88c2e e-flex e-con-boxed e-con e-parent\" data-id=\"1c88c2e\" data-element_type=\"container\">\n\t\t\t\t\t<div class=\"e-con-inner\">\n\t\t<div class=\"elementor-element elementor-element-78e288d e-con-full e-flex e-con e-child\" data-id=\"78e288d\" data-element_type=\"container\">\n\t\t<div class=\"elementor-element elementor-element-d60e592 e-con-full e-flex e-con e-child\" data-id=\"d60e592\" data-element_type=\"container\" data-settings=\"{&quot;background_background&quot;:&quot;classic&quot;}\">\n\t\t\t\t<div class=\"elementor-element elementor-element-c49dd94 elementor-widget elementor-widget-heading\" data-id=\"c49dd94\" data-element_type=\"widget\" data-widget_type=\"heading.default\">\n\t\t\t\t<div class=\"elementor-widget-container\">\n\t\t\t\t\t<h2 class=\"elementor-heading-title elementor-size-default\">4. instrumente ter\u021be<span style=\"color: #BC1923\">.<\/span><\/h2>\t\t\t\t<\/div>\n\t\t\t\t<\/div>\n\t\t\t\t<div class=\"elementor-element elementor-element-f4e743c elementor-widget elementor-widget-text-editor\" data-id=\"f4e743c\" data-element_type=\"widget\" data-widget_type=\"text-editor.default\">\n\t\t\t\t<div class=\"elementor-widget-container\">\n\t\t\t\t\t\t\t\t\t<p data-pm-slice=\"1 1 []\">Utiliz\u0103m diverse instrumente ter\u021be pentru optimizarea serviciilor noastre \u0219i \u00eembun\u0103t\u0103\u021birea experien\u021bei utilizatorilor. Aceste instrumente sunt utilizate numai cu consim\u021b\u0103m\u00e2ntul dumneavoastr\u0103.<\/p><p><strong>Instrumente ter\u021b\u0103 parte utilizate:<\/strong><\/p><ul data-spread=\"false\"><li><p>Google Analytics (instrument de analiz\u0103)<\/p><\/li><li><p>Meta Pixel (instrument de marketing)<\/p><\/li><li><p>Google Ads (instrument de publicitate)<\/p><\/li><li><p>Typeform (sistem CRM)<\/p><\/li><li><p>Plugin-uri pentru social media (Instagram, Facebook, LinkedIn, Airbnb, Booking.com, Immoscout, Immowelt)<\/p><\/li><li><p>Serviciul de newsletter: OnOffice<\/p><\/li><\/ul><p><strong>Temei juridic:<\/strong> Art. 6 alin. 1 lit. a GDPR (consim\u021b\u0103m\u00e2nt)<\/p>\t\t\t\t\t\t\t\t<\/div>\n\t\t\t\t<\/div>\n\t\t\t\t<\/div>\n\t\t<div class=\"elementor-element elementor-element-1914cd9 e-con-full e-flex e-con e-child\" data-id=\"1914cd9\" data-element_type=\"container\" data-settings=\"{&quot;background_background&quot;:&quot;classic&quot;}\">\n\t\t\t\t<div class=\"elementor-element elementor-element-59edb3d elementor-widget elementor-widget-heading\" data-id=\"59edb3d\" data-element_type=\"widget\" data-widget_type=\"heading.default\">\n\t\t\t\t<div class=\"elementor-widget-container\">\n\t\t\t\t\t<h2 class=\"elementor-heading-title elementor-size-default\">5. prestator de servicii de plat\u0103<span style=\"color: #BC1923\">.<\/span><\/h2>\t\t\t\t<\/div>\n\t\t\t\t<\/div>\n\t\t\t\t<div class=\"elementor-element elementor-element-92d43aa elementor-widget elementor-widget-text-editor\" data-id=\"92d43aa\" data-element_type=\"widget\" data-widget_type=\"text-editor.default\">\n\t\t\t\t<div class=\"elementor-widget-container\">\n\t\t\t\t\t\t\t\t\t<p data-pm-slice=\"1 3 []\">\u00cen cazul \u00een care efectua\u021bi pl\u0103\u021bi prin intermediul site-ului nostru, lucr\u0103m \u00eempreun\u0103 cu urm\u0103torii furnizori de servicii de plat\u0103:<\/p><ul data-spread=\"false\"><li><p>PayPal<\/p><\/li><li><p>Klarna<\/p><\/li><li>Transfer bancar<br \/><br \/><\/li><\/ul><p>Ace\u0219ti furnizori de servicii de plat\u0103 primesc date cu caracter personal ca parte a proces\u0103rii pl\u0103\u021bilor.<\/p><p><strong>Temei juridic:<\/strong><\/p><ul data-spread=\"false\"><li><p>Art. 6 alin. 1 lit. b GDPR (\u00eendeplinirea contractului)<\/p><\/li><li><p>Art. 6 alin. 1 lit. f GDPR (interes legitim \u00een prelucrarea securizat\u0103 a pl\u0103\u021bilor)<\/p><\/li><\/ul>\t\t\t\t\t\t\t\t<\/div>\n\t\t\t\t<\/div>\n\t\t\t\t<\/div>\n\t\t\t\t<\/div>\n\t\t<div class=\"elementor-element elementor-element-33eef0f e-con-full e-flex e-con e-child\" data-id=\"33eef0f\" data-element_type=\"container\">\n\t\t<div class=\"elementor-element elementor-element-40e3954 e-con-full e-flex e-con e-child\" data-id=\"40e3954\" data-element_type=\"container\" data-settings=\"{&quot;background_background&quot;:&quot;classic&quot;}\">\n\t\t\t\t<div class=\"elementor-element elementor-element-f5c8f3d elementor-widget elementor-widget-heading\" data-id=\"f5c8f3d\" data-element_type=\"widget\" data-widget_type=\"heading.default\">\n\t\t\t\t<div class=\"elementor-widget-container\">\n\t\t\t\t\t<h2 class=\"elementor-heading-title elementor-size-default\">6. prelucrarea categoriilor speciale de date<span style=\"color: #BC1923\">.<\/span><\/h2>\t\t\t\t<\/div>\n\t\t\t\t<\/div>\n\t\t\t\t<div class=\"elementor-element elementor-element-541ab4b elementor-widget elementor-widget-text-editor\" data-id=\"541ab4b\" data-element_type=\"widget\" data-widget_type=\"text-editor.default\">\n\t\t\t\t<div class=\"elementor-widget-container\">\n\t\t\t\t\t\t\t\t\t<p data-pm-slice=\"1 1 []\">\u00cen anumite cazuri, prelucr\u0103m date personale sensibile, \u00een special informa\u021bii private privind situa\u021bia financiar\u0103 a clien\u021bilor no\u0219tri. Aceste date sunt utilizate exclusiv pentru evaluarea bonit\u0103\u021bii \u0219i pentru prelucrarea tranzac\u021biilor imobiliare.<\/p><p><strong>Temei juridic:<\/strong> Art. 9 alin. 2 lit. b GDPR (necesar pentru \u00eendeplinirea obliga\u021biilor contractuale)<\/p>\t\t\t\t\t\t\t\t<\/div>\n\t\t\t\t<\/div>\n\t\t\t\t<\/div>\n\t\t<div class=\"elementor-element elementor-element-8b60a9f e-con-full e-flex e-con e-child\" data-id=\"8b60a9f\" data-element_type=\"container\" data-settings=\"{&quot;background_background&quot;:&quot;classic&quot;}\">\n\t\t\t\t<div class=\"elementor-element elementor-element-d44a584 elementor-widget elementor-widget-heading\" data-id=\"d44a584\" data-element_type=\"widget\" data-widget_type=\"heading.default\">\n\t\t\t\t<div class=\"elementor-widget-container\">\n\t\t\t\t\t<h2 class=\"elementor-heading-title elementor-size-default\">7. zona de conectare<span style=\"color: #BC1923\">.<\/span><\/h2>\t\t\t\t<\/div>\n\t\t\t\t<\/div>\n\t\t\t\t<div class=\"elementor-element elementor-element-7d50f58 elementor-widget elementor-widget-text-editor\" data-id=\"7d50f58\" data-element_type=\"widget\" data-widget_type=\"text-editor.default\">\n\t\t\t\t<div class=\"elementor-widget-container\">\n\t\t\t\t\t\t\t\t\t<p data-pm-slice=\"1 3 []\">\u00cen viitor, site-ul nostru va oferi o zon\u0103 de autentificare care va permite utilizatorilor \u00eenregistra\u021bi s\u0103 acceseze anumite con\u021binuturi \u0219i servicii. Ca parte a procesului de \u00eenregistrare, vor fi colectate date personale precum numele, adresa de e-mail \u0219i parola.<\/p><p><strong>Scopul prelucr\u0103rii:<\/strong><\/p><ul data-spread=\"false\"><li><p>Gestionarea contului de utilizator<\/p><\/li><li><p>Furnizarea de con\u021binut personalizat<\/p><\/li><\/ul><p><strong>Temei juridic:<\/strong><\/p><ul data-spread=\"false\"><li><p>Art. 6 alin. 1 lit. a GDPR (consim\u021b\u0103m\u00e2nt)<\/p><\/li><\/ul>\t\t\t\t\t\t\t\t<\/div>\n\t\t\t\t<\/div>\n\t\t\t\t<\/div>\n\t\t\t\t<\/div>\n\t\t<div class=\"elementor-element elementor-element-f4163e3 e-con-full e-flex e-con e-child\" data-id=\"f4163e3\" data-element_type=\"container\">\n\t\t<div class=\"elementor-element elementor-element-f41cd2c e-con-full e-flex e-con e-child\" data-id=\"f41cd2c\" data-element_type=\"container\" data-settings=\"{&quot;background_background&quot;:&quot;classic&quot;}\">\n\t\t\t\t<div class=\"elementor-element elementor-element-2d48e95 elementor-widget elementor-widget-heading\" data-id=\"2d48e95\" data-element_type=\"widget\" data-widget_type=\"heading.default\">\n\t\t\t\t<div class=\"elementor-widget-container\">\n\t\t\t\t\t<h2 class=\"elementor-heading-title elementor-size-default\">8. drepturile dumneavoastr\u0103<span style=\"color: #BC1923\">.<\/span><\/h2>\t\t\t\t<\/div>\n\t\t\t\t<\/div>\n\t\t\t\t<div class=\"elementor-element elementor-element-410fcb2 elementor-widget elementor-widget-text-editor\" data-id=\"410fcb2\" data-element_type=\"widget\" data-widget_type=\"text-editor.default\">\n\t\t\t\t<div class=\"elementor-widget-container\">\n\t\t\t\t\t\t\t\t\t<p data-pm-slice=\"1 1 []\">Ave\u021bi dreptul de a primi \u00een orice moment informa\u021bii gratuite cu privire la originea, destinatarul \u0219i scopul datelor dumneavoastr\u0103 cu caracter personal stocate. De asemenea, ave\u021bi dreptul de a solicita corectarea sau \u0219tergerea acestor date.<\/p><p>Dac\u0103 v-a\u021bi dat consim\u021b\u0103m\u00e2ntul pentru prelucrarea datelor, \u00eel pute\u021bi revoca \u00een orice moment.<\/p><p>De asemenea, ave\u021bi dreptul de a depune o pl\u00e2ngere la autoritatea de supraveghere competent\u0103.<\/p><p><strong>Autoritatea de supraveghere competent\u0103:<\/strong> Oficiul de Stat Bavarez pentru Supravegherea Protec\u021biei Datelor (BayLDA)<br \/>Promenada 27 (Castel)<br \/>91522 Ansbach<br \/>Telefon: +49 981 53 1300<br \/>e-mail: <a>poststelle@lda.bayern.de<\/a><\/p>\t\t\t\t\t\t\t\t<\/div>\n\t\t\t\t<\/div>\n\t\t\t\t<\/div>\n\t\t<div class=\"elementor-element elementor-element-c393caf e-con-full e-flex e-con e-child\" data-id=\"c393caf\" data-element_type=\"container\" data-settings=\"{&quot;background_background&quot;:&quot;classic&quot;}\">\n\t\t\t\t<div class=\"elementor-element elementor-element-33e8093 elementor-widget elementor-widget-heading\" data-id=\"33e8093\" data-element_type=\"widget\" data-widget_type=\"heading.default\">\n\t\t\t\t<div class=\"elementor-widget-container\">\n\t\t\t\t\t<h2 class=\"elementor-heading-title elementor-size-default\">9. contact<span style=\"color: #BC1923\">.<\/span><\/h2>\t\t\t\t<\/div>\n\t\t\t\t<\/div>\n\t\t\t\t<div class=\"elementor-element elementor-element-e7e0996 elementor-widget elementor-widget-text-editor\" data-id=\"e7e0996\" data-element_type=\"widget\" data-widget_type=\"text-editor.default\">\n\t\t\t\t<div class=\"elementor-widget-container\">\n\t\t\t\t\t\t\t\t\t<p data-pm-slice=\"1 1 []\">Pentru toate solicit\u0103rile privind protec\u021bia datelor, v\u0103 rug\u0103m s\u0103 contacta\u021bi:<\/p><p><strong>Mihalca Homes GmbH<\/strong><br \/>Peter-Henlein-Str. 13<br \/>89312 G\u00fcnzburg<br \/>e-mail: <a>welcome@mihalca.de<\/a><\/p>\t\t\t\t\t\t\t\t<\/div>\n\t\t\t\t<\/div>\n\t\t\t\t<div class=\"elementor-element elementor-element-1dee514 elementor-widget elementor-widget-image\" data-id=\"1dee514\" data-element_type=\"widget\" data-widget_type=\"image.default\">\n\t\t\t\t<div class=\"elementor-widget-container\">\n\t\t\t\t\t\t\t\t\t\t\t\t\t\t\t<img fetchpriority=\"high\" decoding=\"async\" width=\"800\" height=\"213\" src=\"https:\/\/mihalca.de\/wp-content\/uploads\/2025\/01\/2-1024x273.png\" class=\"attachment-large size-large wp-image-2525\" alt=\"\" srcset=\"https:\/\/mihalca.de\/wp-content\/uploads\/2025\/01\/2-1024x273.png 1024w, https:\/\/mihalca.de\/wp-content\/uploads\/2025\/01\/2-300x80.png 300w, https:\/\/mihalca.de\/wp-content\/uploads\/2025\/01\/2-768x205.png 768w, https:\/\/mihalca.de\/wp-content\/uploads\/2025\/01\/2.png 1125w\" sizes=\"(max-width: 800px) 100vw, 800px\" \/>\t\t\t\t\t\t\t\t\t\t\t\t\t\t\t<\/div>\n\t\t\t\t<\/div>\n\t\t\t\t<\/div>\n\t\t\t\t<\/div>\n\t\t\t\t\t<\/div>\n\t\t\t\t<\/div>\n\t\t\t\t<\/div>","protected":false},"excerpt":{"rendered":"<p>Datenschutz. 1. Verantwortlicher. Mihalca Homes GmbH Peter-Henlein-Str. 1389312 G\u00fcnzburgDeutschland Telefon: 0160 968 194 86E-Mail: welcome@mihalca.deVertreten durch: Marian Mihalca &amp; Marcel Mihalca 2. Allgemeine Hinweise zum Datenschutz. Wir nehmen den Schutz Ihrer pers\u00f6nlichen Daten sehr ernst. Ihre personenbezogenen Daten werden vertraulich und entsprechend der gesetzlichen Datenschutzvorschriften sowie dieser Datenschutzerkl\u00e4rung behandelt. Wenn Sie diese Website benutzen, werden [&hellip;]<\/p>","protected":false},"author":2,"featured_media":0,"parent":0,"menu_order":0,"comment_status":"closed","ping_status":"closed","template":"","meta":{"_acf_changed":false,"footnotes":""},"class_list":["post-3659","page","type-page","status-publish","hentry"],"acf":[],"_links":{"self":[{"href":"https:\/\/mihalca.de\/ro\/wp-json\/wp\/v2\/pages\/3659","targetHints":{"allow":["GET"]}}],"collection":[{"href":"https:\/\/mihalca.de\/ro\/wp-json\/wp\/v2\/pages"}],"about":[{"href":"https:\/\/mihalca.de\/ro\/wp-json\/wp\/v2\/types\/page"}],"author":[{"embeddable":true,"href":"https:\/\/mihalca.de\/ro\/wp-json\/wp\/v2\/users\/2"}],"replies":[{"embeddable":true,"href":"https:\/\/mihalca.de\/ro\/wp-json\/wp\/v2\/comments?post=3659"}],"version-history":[{"count":10,"href":"https:\/\/mihalca.de\/ro\/wp-json\/wp\/v2\/pages\/3659\/revisions"}],"predecessor-version":[{"id":3980,"href":"https:\/\/mihalca.de\/ro\/wp-json\/wp\/v2\/pages\/3659\/revisions\/3980"}],"wp:attachment":[{"href":"https:\/\/mihalca.de\/ro\/wp-json\/wp\/v2\/media?parent=3659"}],"curies":[{"name":"wp","href":"https:\/\/api.w.org\/{rel}","templated":true}]}}