{"id":3677,"date":"2025-01-14T19:52:08","date_gmt":"2025-01-14T18:52:08","guid":{"rendered":"https:\/\/mihalca.de\/?page_id=3677"},"modified":"2025-01-20T12:34:49","modified_gmt":"2025-01-20T11:34:49","slug":"agb","status":"publish","type":"page","link":"https:\/\/mihalca.de\/pl\/agb\/","title":{"rendered":"AGB"},"content":{"rendered":"<div data-elementor-type=\"wp-page\" data-elementor-id=\"3677\" class=\"elementor elementor-3677\" data-elementor-post-type=\"page\">\n\t\t\t\t<div class=\"elementor-element elementor-element-29b341a e-con-full e-flex e-con e-parent\" data-id=\"29b341a\" data-element_type=\"container\">\n\t\t<div class=\"elementor-element elementor-element-e8b4eb0 animated-fast e-flex e-con-boxed elementor-invisible e-con e-child\" data-id=\"e8b4eb0\" data-element_type=\"container\" data-settings=\"{&quot;background_background&quot;:&quot;classic&quot;,&quot;animation&quot;:&quot;fadeIn&quot;}\">\n\t\t\t\t\t<div class=\"e-con-inner\">\n\t\t<div class=\"elementor-element elementor-element-a1ef2e4 e-con-full e-flex e-con e-child\" data-id=\"a1ef2e4\" data-element_type=\"container\">\n\t\t\t\t<div class=\"elementor-element elementor-element-fc7c128 elementor-widget elementor-widget-heading\" data-id=\"fc7c128\" data-element_type=\"widget\" data-widget_type=\"heading.default\">\n\t\t\t\t<div class=\"elementor-widget-container\">\n\t\t\t\t\t<h1 class=\"elementor-heading-title elementor-size-default\">Og\u00f3lne<br>Biznes<br>warunki<span style=\"color: #BC1923\">.<\/span>\n<\/h1>\t\t\t\t<\/div>\n\t\t\t\t<\/div>\n\t\t\t\t<\/div>\n\t\t\t\t\t<\/div>\n\t\t\t\t<\/div>\n\t\t\t\t<\/div>\n\t\t<div class=\"elementor-element elementor-element-ad389db e-flex e-con-boxed e-con e-parent\" data-id=\"ad389db\" data-element_type=\"container\">\n\t\t\t\t\t<div class=\"e-con-inner\">\n\t\t<div class=\"elementor-element elementor-element-ca0fc7a e-con-full e-flex e-con e-child\" data-id=\"ca0fc7a\" data-element_type=\"container\">\n\t\t<div class=\"elementor-element elementor-element-6e4fc22 e-con-full e-flex e-con e-child\" data-id=\"6e4fc22\" data-element_type=\"container\">\n\t\t<div class=\"elementor-element elementor-element-f29ace0 e-con-full e-flex e-con e-child\" data-id=\"f29ace0\" data-element_type=\"container\" data-settings=\"{&quot;background_background&quot;:&quot;classic&quot;}\">\n\t\t\t\t<div class=\"elementor-element elementor-element-d44e88a elementor-widget elementor-widget-image\" data-id=\"d44e88a\" data-element_type=\"widget\" data-widget_type=\"image.default\">\n\t\t\t\t<div class=\"elementor-widget-container\">\n\t\t\t\t\t\t\t\t\t\t\t\t\t\t\t<img fetchpriority=\"high\" decoding=\"async\" width=\"800\" height=\"213\" src=\"https:\/\/mihalca.de\/wp-content\/uploads\/2025\/01\/2-1024x273.png\" class=\"attachment-large size-large wp-image-2525\" alt=\"\" srcset=\"https:\/\/mihalca.de\/wp-content\/uploads\/2025\/01\/2-1024x273.png 1024w, https:\/\/mihalca.de\/wp-content\/uploads\/2025\/01\/2-300x80.png 300w, https:\/\/mihalca.de\/wp-content\/uploads\/2025\/01\/2-768x205.png 768w, https:\/\/mihalca.de\/wp-content\/uploads\/2025\/01\/2.png 1125w\" sizes=\"(max-width: 800px) 100vw, 800px\" \/>\t\t\t\t\t\t\t\t\t\t\t\t\t\t\t<\/div>\n\t\t\t\t<\/div>\n\t\t\t\t<div class=\"elementor-element elementor-element-f68929e elementor-widget elementor-widget-heading\" data-id=\"f68929e\" data-element_type=\"widget\" data-widget_type=\"heading.default\">\n\t\t\t\t<div class=\"elementor-widget-container\">\n\t\t\t\t\t<h2 class=\"elementor-heading-title elementor-size-default\">Dzia\u0142alno\u015b\u0107 og\u00f3lna<br>Warunki handlowe (OWH) Mihalca Homes GmbH<span style=\"color: #BC1923\">.<\/span><\/h2>\t\t\t\t<\/div>\n\t\t\t\t<\/div>\n\t\t\t\t<\/div>\n\t\t\t\t<\/div>\n\t\t\t\t<\/div>\n\t\t<div class=\"elementor-element elementor-element-3257e76 e-con-full e-flex e-con e-child\" data-id=\"3257e76\" data-element_type=\"container\">\n\t\t<div class=\"elementor-element elementor-element-3925b87 e-con-full e-flex e-con e-child\" data-id=\"3925b87\" data-element_type=\"container\" data-settings=\"{&quot;background_background&quot;:&quot;classic&quot;}\">\n\t\t\t\t<div class=\"elementor-element elementor-element-b2bc5c3 elementor-widget elementor-widget-heading\" data-id=\"b2bc5c3\" data-element_type=\"widget\" data-widget_type=\"heading.default\">\n\t\t\t\t<div class=\"elementor-widget-container\">\n\t\t\t\t\t<h2 class=\"elementor-heading-title elementor-size-default\">1. zakres zastosowania<span style=\"color: #BC1923\">.<\/span><\/h2>\t\t\t\t<\/div>\n\t\t\t\t<\/div>\n\t\t\t\t<div class=\"elementor-element elementor-element-4f89079 elementor-widget elementor-widget-text-editor\" data-id=\"4f89079\" data-element_type=\"widget\" data-widget_type=\"text-editor.default\">\n\t\t\t\t<div class=\"elementor-widget-container\">\n\t\t\t\t\t\t\t\t\t<p data-pm-slice=\"1 1 []\">Niniejsze Og\u00f3lne Warunki Handlowe (OWH) maj\u0105 zastosowanie do wszystkich um\u00f3w zawieranych mi\u0119dzy Mihalca Homes GmbH, Peter-Henlein-Str. 13, 89312 G\u00fcnzburg (zwan\u0105 dalej \"Dostawc\u0105\") a jej klientami. Obejmuj\u0105 one w szczeg\u00f3lno\u015bci umowy po\u015brednictwa, umowy najmu i umowy kupna nieruchomo\u015bci.<\/p>\t\t\t\t\t\t\t\t<\/div>\n\t\t\t\t<\/div>\n\t\t\t\t<\/div>\n\t\t<div class=\"elementor-element elementor-element-9d0c238 e-con-full e-flex e-con e-child\" data-id=\"9d0c238\" data-element_type=\"container\" data-settings=\"{&quot;background_background&quot;:&quot;classic&quot;}\">\n\t\t\t\t<div class=\"elementor-element elementor-element-82be7ef elementor-widget elementor-widget-heading\" data-id=\"82be7ef\" data-element_type=\"widget\" data-widget_type=\"heading.default\">\n\t\t\t\t<div class=\"elementor-widget-container\">\n\t\t\t\t\t<h2 class=\"elementor-heading-title elementor-size-default\">2. zawarcie umowy<span style=\"color: #BC1923\">.<\/span><\/h2>\t\t\t\t<\/div>\n\t\t\t\t<\/div>\n\t\t\t\t<div class=\"elementor-element elementor-element-24fd040 elementor-widget elementor-widget-text-editor\" data-id=\"24fd040\" data-element_type=\"widget\" data-widget_type=\"text-editor.default\">\n\t\t\t\t<div class=\"elementor-widget-container\">\n\t\t\t\t\t\t\t\t\t<p data-pm-slice=\"1 1 []\">Umowa zostaje zawarta, gdy tylko obie strony osi\u0105gn\u0105 pisemne porozumienie. Akceptacja mo\u017ce nast\u0105pi\u0107 w formie pisemnej, elektronicznej lub ustnej. Klient wyra\u017ca zgod\u0119 na niniejsze OWH.<\/p>\t\t\t\t\t\t\t\t<\/div>\n\t\t\t\t<\/div>\n\t\t\t\t<\/div>\n\t\t<div class=\"elementor-element elementor-element-6d92e92 e-con-full e-flex e-con e-child\" data-id=\"6d92e92\" data-element_type=\"container\" data-settings=\"{&quot;background_background&quot;:&quot;classic&quot;}\">\n\t\t\t\t<div class=\"elementor-element elementor-element-0f430f6 elementor-widget elementor-widget-heading\" data-id=\"0f430f6\" data-element_type=\"widget\" data-widget_type=\"heading.default\">\n\t\t\t\t<div class=\"elementor-widget-container\">\n\t\t\t\t\t<h2 class=\"elementor-heading-title elementor-size-default\">3. us\u0142ugi \u015bwiadczone przez dostawc\u0119<span style=\"color: #BC1923\">.<\/span><\/h2>\t\t\t\t<\/div>\n\t\t\t\t<\/div>\n\t\t\t\t<div class=\"elementor-element elementor-element-1a23c52 elementor-widget elementor-widget-text-editor\" data-id=\"1a23c52\" data-element_type=\"widget\" data-widget_type=\"text-editor.default\">\n\t\t\t\t<div class=\"elementor-widget-container\">\n\t\t\t\t\t\t\t\t\t<p data-pm-slice=\"1 3 []\">Dostawca \u015bwiadczy nast\u0119puj\u0105ce us\u0142ugi:<\/p><ul data-spread=\"false\"><li><p>Po\u015brednictwo w obrocie nieruchomo\u015bciami (umowy po\u015brednictwa)<\/p><\/li><li><p>Zawieranie um\u00f3w najmu<\/p><\/li><li><p>Po\u015brednictwo i sprzeda\u017c nieruchomo\u015bci<\/p><\/li><\/ul>\t\t\t\t\t\t\t\t<\/div>\n\t\t\t\t<\/div>\n\t\t\t\t<\/div>\n\t\t\t\t<\/div>\n\t\t<div class=\"elementor-element elementor-element-8456933 e-con-full e-flex e-con e-child\" data-id=\"8456933\" data-element_type=\"container\">\n\t\t<div class=\"elementor-element elementor-element-2a110f9 e-con-full e-flex e-con e-child\" data-id=\"2a110f9\" data-element_type=\"container\" data-settings=\"{&quot;background_background&quot;:&quot;classic&quot;}\">\n\t\t\t\t<div class=\"elementor-element elementor-element-05a2ce6 elementor-widget elementor-widget-heading\" data-id=\"05a2ce6\" data-element_type=\"widget\" data-widget_type=\"heading.default\">\n\t\t\t\t<div class=\"elementor-widget-container\">\n\t\t\t\t\t<h2 class=\"elementor-heading-title elementor-size-default\">4. wynagrodzenie<span style=\"color: #BC1923\">.<\/span><\/h2>\t\t\t\t<\/div>\n\t\t\t\t<\/div>\n\t\t\t\t<div class=\"elementor-element elementor-element-6a01d83 elementor-widget elementor-widget-text-editor\" data-id=\"6a01d83\" data-element_type=\"widget\" data-widget_type=\"text-editor.default\">\n\t\t\t\t<div class=\"elementor-widget-container\">\n\t\t\t\t\t\t\t\t\t<p data-pm-slice=\"1 1 []\">Za \u015bwiadczone us\u0142ugi ustalana jest prowizja, kt\u00f3ra jest regulowana w umowie. Prowizja jest nale\u017cna po zawarciu umowy.<\/p>\t\t\t\t\t\t\t\t<\/div>\n\t\t\t\t<\/div>\n\t\t\t\t<\/div>\n\t\t<div class=\"elementor-element elementor-element-3d0a772 e-con-full e-flex e-con e-child\" data-id=\"3d0a772\" data-element_type=\"container\" data-settings=\"{&quot;background_background&quot;:&quot;classic&quot;}\">\n\t\t\t\t<div class=\"elementor-element elementor-element-6fda15a elementor-widget elementor-widget-heading\" data-id=\"6fda15a\" data-element_type=\"widget\" data-widget_type=\"heading.default\">\n\t\t\t\t<div class=\"elementor-widget-container\">\n\t\t\t\t\t<h2 class=\"elementor-heading-title elementor-size-default\">5. p\u0142atno\u015b\u0107<br>warunki<span style=\"color: #BC1923\">.<\/span><\/h2>\t\t\t\t<\/div>\n\t\t\t\t<\/div>\n\t\t\t\t<div class=\"elementor-element elementor-element-cb155d3 elementor-widget elementor-widget-text-editor\" data-id=\"cb155d3\" data-element_type=\"widget\" data-widget_type=\"text-editor.default\">\n\t\t\t\t<div class=\"elementor-widget-container\">\n\t\t\t\t\t\t\t\t\t<p data-pm-slice=\"1 1 []\">Uzgodnione wynagrodzenie musi zosta\u0107 zap\u0142acone w ci\u0105gu 14 dni od wystawienia faktury. W przypadku op\u00f3\u017anienia w p\u0142atno\u015bci dostawca zastrzega sobie prawo do naliczania odsetek za zw\u0142ok\u0119 w wysoko\u015bci 5 % powy\u017cej odpowiedniej stopy bazowej.<\/p>\t\t\t\t\t\t\t\t<\/div>\n\t\t\t\t<\/div>\n\t\t\t\t<\/div>\n\t\t<div class=\"elementor-element elementor-element-567376f e-con-full e-flex e-con e-child\" data-id=\"567376f\" data-element_type=\"container\" data-settings=\"{&quot;background_background&quot;:&quot;classic&quot;}\">\n\t\t\t\t<div class=\"elementor-element elementor-element-0232b96 elementor-widget elementor-widget-heading\" data-id=\"0232b96\" data-element_type=\"widget\" data-widget_type=\"heading.default\">\n\t\t\t\t<div class=\"elementor-widget-container\">\n\t\t\t\t\t<h2 class=\"elementor-heading-title elementor-size-default\">6. odpowiedzialno\u015b\u0107<span style=\"color: #BC1923\">.<\/span><\/h2>\t\t\t\t<\/div>\n\t\t\t\t<\/div>\n\t\t\t\t<div class=\"elementor-element elementor-element-2c480db elementor-widget elementor-widget-text-editor\" data-id=\"2c480db\" data-element_type=\"widget\" data-widget_type=\"text-editor.default\">\n\t\t\t\t<div class=\"elementor-widget-container\">\n\t\t\t\t\t\t\t\t\t<p data-pm-slice=\"1 1 []\">Dostawca ponosi odpowiedzialno\u015b\u0107 wy\u0142\u0105cznie za szkody, kt\u00f3re mo\u017cna przypisa\u0107 umy\u015blnemu lub ra\u017c\u0105co niedba\u0142emu naruszeniu obowi\u0105zk\u00f3w. Odpowiedzialno\u015b\u0107 za lekkie zaniedbanie jest wykluczona, o ile nie ma to wp\u0142ywu na istotne zobowi\u0105zania umowne.<\/p>\t\t\t\t\t\t\t\t<\/div>\n\t\t\t\t<\/div>\n\t\t\t\t<\/div>\n\t\t\t\t<\/div>\n\t\t<div class=\"elementor-element elementor-element-d1d74ee e-con-full e-flex e-con e-child\" data-id=\"d1d74ee\" data-element_type=\"container\">\n\t\t<div class=\"elementor-element elementor-element-457af15 e-con-full e-flex e-con e-child\" data-id=\"457af15\" data-element_type=\"container\" data-settings=\"{&quot;background_background&quot;:&quot;classic&quot;}\">\n\t\t\t\t<div class=\"elementor-element elementor-element-302161f elementor-widget elementor-widget-heading\" data-id=\"302161f\" data-element_type=\"widget\" data-widget_type=\"heading.default\">\n\t\t\t\t<div class=\"elementor-widget-container\">\n\t\t\t\t\t<h2 class=\"elementor-heading-title elementor-size-default\">7. ochrona danych<span style=\"color: #BC1923\">.<\/span><\/h2>\t\t\t\t<\/div>\n\t\t\t\t<\/div>\n\t\t\t\t<div class=\"elementor-element elementor-element-60ae3fd elementor-widget elementor-widget-text-editor\" data-id=\"60ae3fd\" data-element_type=\"widget\" data-widget_type=\"text-editor.default\">\n\t\t\t\t<div class=\"elementor-widget-container\">\n\t\t\t\t\t\t\t\t\t<p data-pm-slice=\"1 1 []\">Dostawca zobowi\u0105zuje si\u0119 traktowa\u0107 dane osobowe klient\u00f3w w spos\u00f3b poufny i przetwarza\u0107 je zgodnie z obowi\u0105zuj\u0105cymi przepisami o ochronie danych. Wi\u0119cej informacji mo\u017cna znale\u017a\u0107 w naszej polityce prywatno\u015bci.<\/p>\t\t\t\t\t\t\t\t<\/div>\n\t\t\t\t<\/div>\n\t\t\t\t<\/div>\n\t\t<div class=\"elementor-element elementor-element-2ae0291 e-con-full e-flex e-con e-child\" data-id=\"2ae0291\" data-element_type=\"container\" data-settings=\"{&quot;background_background&quot;:&quot;classic&quot;}\">\n\t\t\t\t<div class=\"elementor-element elementor-element-341dc42 elementor-widget elementor-widget-heading\" data-id=\"341dc42\" data-element_type=\"widget\" data-widget_type=\"heading.default\">\n\t\t\t\t<div class=\"elementor-widget-container\">\n\t\t\t\t\t<h2 class=\"elementor-heading-title elementor-size-default\">8. prawo do anulowania<span style=\"color: #BC1923\">.<\/span><\/h2>\t\t\t\t<\/div>\n\t\t\t\t<\/div>\n\t\t\t\t<div class=\"elementor-element elementor-element-857d338 elementor-widget elementor-widget-text-editor\" data-id=\"857d338\" data-element_type=\"widget\" data-widget_type=\"text-editor.default\">\n\t\t\t\t<div class=\"elementor-widget-container\">\n\t\t\t\t\t\t\t\t\t<p data-pm-slice=\"1 1 []\">Konsumentom przys\u0142uguje ustawowe prawo do odst\u0105pienia od umowy. Szczeg\u00f3\u0142y mo\u017cna znale\u017a\u0107 w polityce anulowania.<\/p>\t\t\t\t\t\t\t\t<\/div>\n\t\t\t\t<\/div>\n\t\t\t\t<\/div>\n\t\t<div class=\"elementor-element elementor-element-3c80c35 e-con-full e-flex e-con e-child\" data-id=\"3c80c35\" data-element_type=\"container\" data-settings=\"{&quot;background_background&quot;:&quot;classic&quot;}\">\n\t\t\t\t<div class=\"elementor-element elementor-element-559647e elementor-widget elementor-widget-heading\" data-id=\"559647e\" data-element_type=\"widget\" data-widget_type=\"heading.default\">\n\t\t\t\t<div class=\"elementor-widget-container\">\n\t\t\t\t\t<h2 class=\"elementor-heading-title elementor-size-default\">9 Okres obowi\u0105zywania umowy i jej rozwi\u0105zanie<span style=\"color: #BC1923\">.<\/span><\/h2>\t\t\t\t<\/div>\n\t\t\t\t<\/div>\n\t\t\t\t<div class=\"elementor-element elementor-element-5d076c3 elementor-widget elementor-widget-text-editor\" data-id=\"5d076c3\" data-element_type=\"widget\" data-widget_type=\"text-editor.default\">\n\t\t\t\t<div class=\"elementor-widget-container\">\n\t\t\t\t\t\t\t\t\t<p data-pm-slice=\"1 1 []\">Okres obowi\u0105zywania umowy i okresy anulowania s\u0105 oparte na poszczeg\u00f3lnych zawartych umowach. O ile nie uzgodniono inaczej, obowi\u0105zuje trzymiesi\u0119czny okres odst\u0105pienia od umowy do ko\u0144ca miesi\u0105ca.<\/p>\t\t\t\t\t\t\t\t<\/div>\n\t\t\t\t<\/div>\n\t\t\t\t<\/div>\n\t\t\t\t<\/div>\n\t\t<div class=\"elementor-element elementor-element-1157180 e-con-full e-flex e-con e-child\" data-id=\"1157180\" data-element_type=\"container\">\n\t\t<div class=\"elementor-element elementor-element-73dbc42 e-con-full e-flex e-con e-child\" data-id=\"73dbc42\" data-element_type=\"container\" data-settings=\"{&quot;background_background&quot;:&quot;classic&quot;}\">\n\t\t\t\t<div class=\"elementor-element elementor-element-c34b1a7 elementor-widget elementor-widget-heading\" data-id=\"c34b1a7\" data-element_type=\"widget\" data-widget_type=\"heading.default\">\n\t\t\t\t<div class=\"elementor-widget-container\">\n\t\t\t\t\t<h2 class=\"elementor-heading-title elementor-size-default\">10. wniosek<br>Postanowienia<span style=\"color: #BC1923\">.<\/span><\/h2>\t\t\t\t<\/div>\n\t\t\t\t<\/div>\n\t\t\t\t<div class=\"elementor-element elementor-element-e1992bf elementor-widget elementor-widget-text-editor\" data-id=\"e1992bf\" data-element_type=\"widget\" data-widget_type=\"text-editor.default\">\n\t\t\t\t<div class=\"elementor-widget-container\">\n\t\t\t\t\t\t\t\t\t<p data-pm-slice=\"1 1 []\">Je\u017celi poszczeg\u00f3lne postanowienia niniejszych OWH s\u0105 lub stan\u0105 si\u0119 niewa\u017cne, wa\u017cno\u015b\u0107 pozosta\u0142ych postanowie\u0144 pozostanie nienaruszona. Niewa\u017cne postanowienie zostanie zast\u0105pione postanowieniem, kt\u00f3re jest najbardziej zbli\u017cone do ekonomicznego celu niewa\u017cnego postanowienia.<\/p><p>Miejscem jurysdykcji dla wszystkich spor\u00f3w wynikaj\u0105cych ze stosunk\u00f3w umownych jest G\u00fcnzburg.<\/p><div>\u00a0<\/div>\t\t\t\t\t\t\t\t<\/div>\n\t\t\t\t<\/div>\n\t\t\t\t<\/div>\n\t\t<div class=\"elementor-element elementor-element-fddd2ce e-con-full e-flex e-con e-child\" data-id=\"fddd2ce\" data-element_type=\"container\" data-settings=\"{&quot;background_background&quot;:&quot;classic&quot;}\">\n\t\t\t\t<div class=\"elementor-element elementor-element-7f1b52d elementor-widget elementor-widget-image\" data-id=\"7f1b52d\" data-element_type=\"widget\" data-widget_type=\"image.default\">\n\t\t\t\t<div class=\"elementor-widget-container\">\n\t\t\t\t\t\t\t\t\t\t\t\t\t\t\t<img fetchpriority=\"high\" decoding=\"async\" width=\"800\" height=\"213\" src=\"https:\/\/mihalca.de\/wp-content\/uploads\/2025\/01\/2-1024x273.png\" class=\"attachment-large size-large wp-image-2525\" alt=\"\" srcset=\"https:\/\/mihalca.de\/wp-content\/uploads\/2025\/01\/2-1024x273.png 1024w, https:\/\/mihalca.de\/wp-content\/uploads\/2025\/01\/2-300x80.png 300w, https:\/\/mihalca.de\/wp-content\/uploads\/2025\/01\/2-768x205.png 768w, https:\/\/mihalca.de\/wp-content\/uploads\/2025\/01\/2.png 1125w\" sizes=\"(max-width: 800px) 100vw, 800px\" \/>\t\t\t\t\t\t\t\t\t\t\t\t\t\t\t<\/div>\n\t\t\t\t<\/div>\n\t\t\t\t<div class=\"elementor-element elementor-element-f77e6bf elementor-widget elementor-widget-heading\" data-id=\"f77e6bf\" data-element_type=\"widget\" data-widget_type=\"heading.default\">\n\t\t\t\t<div class=\"elementor-widget-container\">\n\t\t\t\t\t<h2 class=\"elementor-heading-title elementor-size-default\">Skontaktuj si\u0119 z nami<span style=\"color: #BC1923\">.<\/span><\/h2>\t\t\t\t<\/div>\n\t\t\t\t<\/div>\n\t\t\t\t<div class=\"elementor-element elementor-element-05b8fbd elementor-widget elementor-widget-text-editor\" data-id=\"05b8fbd\" data-element_type=\"widget\" data-widget_type=\"text-editor.default\">\n\t\t\t\t<div class=\"elementor-widget-container\">\n\t\t\t\t\t\t\t\t\t<p data-pm-slice=\"1 1 []\">W przypadku wszelkich pyta\u0144 prosimy o kontakt:<\/p><p><strong>Mihalca Homes GmbH<\/strong><br \/>Peter-Henlein-Str. 13<br \/>89312 G\u00fcnzburg<br \/>E-mail: <a>welcome@mihalca.de<\/a><\/p><p data-pm-slice=\"1 1 []\">Status: stycze\u0144 2025 r.<\/p>\t\t\t\t\t\t\t\t<\/div>\n\t\t\t\t<\/div>\n\t\t\t\t<\/div>\n\t\t\t\t<\/div>\n\t\t\t\t\t<\/div>\n\t\t\t\t<\/div>\n\t\t\t\t<\/div>","protected":false},"excerpt":{"rendered":"<p>AllgemeineGesch\u00e4ftsbedingungen. Allgemeine Gesch\u00e4ftsbedingungen (AGB) der Mihalca Homes GmbH. 1. Geltungsbereich. Diese Allgemeinen Gesch\u00e4ftsbedingungen (AGB) gelten f\u00fcr alle Vertr\u00e4ge, die zwischen der Mihalca Homes GmbH, Peter-Henlein-Str. 13, 89312 G\u00fcnzburg (nachfolgend &#8222;Anbieter&#8220;) und ihren Kunden geschlossen werden. Dazu z\u00e4hlen insbesondere Maklervertr\u00e4ge, Mietvertr\u00e4ge und Kaufvertr\u00e4ge \u00fcber Immobilien. 2. Vertragsabschluss. Ein Vertrag kommt zustande, sobald beide Parteien eine schriftliche [&hellip;]<\/p>","protected":false},"author":2,"featured_media":0,"parent":0,"menu_order":0,"comment_status":"closed","ping_status":"closed","template":"","meta":{"_acf_changed":false,"footnotes":""},"class_list":["post-3677","page","type-page","status-publish","hentry"],"acf":[],"_links":{"self":[{"href":"https:\/\/mihalca.de\/pl\/wp-json\/wp\/v2\/pages\/3677","targetHints":{"allow":["GET"]}}],"collection":[{"href":"https:\/\/mihalca.de\/pl\/wp-json\/wp\/v2\/pages"}],"about":[{"href":"https:\/\/mihalca.de\/pl\/wp-json\/wp\/v2\/types\/page"}],"author":[{"embeddable":true,"href":"https:\/\/mihalca.de\/pl\/wp-json\/wp\/v2\/users\/2"}],"replies":[{"embeddable":true,"href":"https:\/\/mihalca.de\/pl\/wp-json\/wp\/v2\/comments?post=3677"}],"version-history":[{"count":10,"href":"https:\/\/mihalca.de\/pl\/wp-json\/wp\/v2\/pages\/3677\/revisions"}],"predecessor-version":[{"id":3986,"href":"https:\/\/mihalca.de\/pl\/wp-json\/wp\/v2\/pages\/3677\/revisions\/3986"}],"wp:attachment":[{"href":"https:\/\/mihalca.de\/pl\/wp-json\/wp\/v2\/media?parent=3677"}],"curies":[{"name":"wp","href":"https:\/\/api.w.org\/{rel}","templated":true}]}}