{"id":3664,"date":"2025-01-14T19:32:52","date_gmt":"2025-01-14T18:32:52","guid":{"rendered":"https:\/\/mihalca.de\/?page_id=3664"},"modified":"2025-01-20T12:33:58","modified_gmt":"2025-01-20T11:33:58","slug":"wiederrufsbelehrung","status":"publish","type":"page","link":"https:\/\/mihalca.de\/pl\/polityka-anulowania\/","title":{"rendered":"Polityka anulowania"},"content":{"rendered":"<div data-elementor-type=\"wp-page\" data-elementor-id=\"3664\" class=\"elementor elementor-3664\" data-elementor-post-type=\"page\">\n\t\t\t\t<div class=\"elementor-element elementor-element-065eb17 e-con-full e-flex e-con e-parent\" data-id=\"065eb17\" data-element_type=\"container\" data-settings=\"{&quot;background_background&quot;:&quot;classic&quot;}\">\n\t\t<div class=\"elementor-element elementor-element-e867578 animated-fast e-flex e-con-boxed elementor-invisible e-con e-child\" data-id=\"e867578\" data-element_type=\"container\" data-settings=\"{&quot;background_background&quot;:&quot;classic&quot;,&quot;animation&quot;:&quot;fadeIn&quot;}\">\n\t\t\t\t\t<div class=\"e-con-inner\">\n\t\t<div class=\"elementor-element elementor-element-9fa3082 e-con-full e-flex e-con e-child\" data-id=\"9fa3082\" data-element_type=\"container\">\n\t\t\t\t<div class=\"elementor-element elementor-element-408e3d3 elementor-widget elementor-widget-heading\" data-id=\"408e3d3\" data-element_type=\"widget\" data-widget_type=\"heading.default\">\n\t\t\t\t<div class=\"elementor-widget-container\">\n\t\t\t\t\t<h1 class=\"elementor-heading-title elementor-size-default\">Cofni\u0119cie<br>instrukcja<span style=\"color: #BC1923\">.<\/span>\n<\/h1>\t\t\t\t<\/div>\n\t\t\t\t<\/div>\n\t\t\t\t<\/div>\n\t\t\t\t\t<\/div>\n\t\t\t\t<\/div>\n\t\t\t\t<\/div>\n\t\t<div class=\"elementor-element elementor-element-cc36bc0 e-flex e-con-boxed e-con e-parent\" data-id=\"cc36bc0\" data-element_type=\"container\">\n\t\t\t\t\t<div class=\"e-con-inner\">\n\t\t<div class=\"elementor-element elementor-element-8383464 e-con-full e-flex e-con e-child\" data-id=\"8383464\" data-element_type=\"container\">\n\t\t<div class=\"elementor-element elementor-element-a1077e3 e-con-full e-flex e-con e-child\" data-id=\"a1077e3\" data-element_type=\"container\" data-settings=\"{&quot;background_background&quot;:&quot;classic&quot;}\">\n\t\t\t\t<div class=\"elementor-element elementor-element-3993e4e elementor-widget elementor-widget-heading\" data-id=\"3993e4e\" data-element_type=\"widget\" data-widget_type=\"heading.default\">\n\t\t\t\t<div class=\"elementor-widget-container\">\n\t\t\t\t\t<h2 class=\"elementor-heading-title elementor-size-default\">1. prawo do anulowania<span style=\"color: #BC1923\">.<\/span><\/h2>\t\t\t\t<\/div>\n\t\t\t\t<\/div>\n\t\t\t\t<div class=\"elementor-element elementor-element-8dd282e elementor-widget elementor-widget-text-editor\" data-id=\"8dd282e\" data-element_type=\"widget\" data-widget_type=\"text-editor.default\">\n\t\t\t\t<div class=\"elementor-widget-container\">\n\t\t\t\t\t\t\t\t\t<p data-pm-slice=\"1 1 []\">Konsumenci maj\u0105 prawo do odst\u0105pienia od zawartej umowy w ci\u0105gu czternastu dni bez podania przyczyny.<\/p><h3>Okres anulowania<\/h3><p>Okres odst\u0105pienia od umowy wynosi czterna\u015bcie dni od dnia zawarcia umowy.<\/p><h3>Skorzystanie z prawa do odst\u0105pienia od umowy<\/h3><p>Aby skorzysta\u0107 z prawa do odst\u0105pienia od umowy, u\u017cytkownik musi poinformowa\u0107 nas, \u017ce<\/p><p><strong>Mihalca Homes GmbH<\/strong><br \/>Peter-Henlein-Str. 13<br \/>89312 G\u00fcnzburg<br \/>Telefon: 0160 968 194 86<br \/>E-mail: <a>welcome@mihalca.de<\/a><\/p><p>o swojej decyzji o odst\u0105pieniu od niniejszej umowy w drodze jednoznacznego o\u015bwiadczenia (np. pismo wys\u0142ane poczt\u0105 lub poczt\u0105 elektroniczn\u0105). Mo\u017cna skorzysta\u0107 z przyk\u0142adowego formularza odst\u0105pienia od umowy zamieszczonego poni\u017cej, ale nie jest to obowi\u0105zkowe.<\/p><p>Aby dotrzyma\u0107 terminu odst\u0105pienia od umowy, wystarczy wys\u0142a\u0107 powiadomienie o skorzystaniu z prawa do odst\u0105pienia od umowy przed up\u0142ywem terminu odst\u0105pienia od umowy.<\/p>\t\t\t\t\t\t\t\t<\/div>\n\t\t\t\t<\/div>\n\t\t\t\t<\/div>\n\t\t<div class=\"elementor-element elementor-element-eb704b7 e-con-full e-flex e-con e-child\" data-id=\"eb704b7\" data-element_type=\"container\" data-settings=\"{&quot;background_background&quot;:&quot;classic&quot;}\">\n\t\t\t\t<div class=\"elementor-element elementor-element-36b96a4 elementor-widget elementor-widget-heading\" data-id=\"36b96a4\" data-element_type=\"widget\" data-widget_type=\"heading.default\">\n\t\t\t\t<div class=\"elementor-widget-container\">\n\t\t\t\t\t<h2 class=\"elementor-heading-title elementor-size-default\">2. konsekwencje anulowania<span style=\"color: #BC1923\">.<\/span><\/h2>\t\t\t\t<\/div>\n\t\t\t\t<\/div>\n\t\t\t\t<div class=\"elementor-element elementor-element-2dcac8e elementor-widget elementor-widget-text-editor\" data-id=\"2dcac8e\" data-element_type=\"widget\" data-widget_type=\"text-editor.default\">\n\t\t\t\t<div class=\"elementor-widget-container\">\n\t\t\t\t\t\t\t\t\t<p data-pm-slice=\"1 1 []\">W przypadku odst\u0105pienia od niniejszej umowy zwracamy U\u017cytkownikowi wszystkie otrzymane od niego p\u0142atno\u015bci, w tym koszty dostawy (z wyj\u0105tkiem dodatkowych koszt\u00f3w wynikaj\u0105cych z wyboru przez U\u017cytkownika rodzaju dostawy innego ni\u017c najta\u0144szy rodzaj standardowej dostawy oferowanej przez nas), bez zb\u0119dnej zw\u0142oki, a w ka\u017cdym przypadku nie p\u00f3\u017aniej ni\u017c 14 dni od dnia, w kt\u00f3rym zostali\u015bmy poinformowani o decyzji U\u017cytkownika o odst\u0105pieniu od niniejszej umowy.<\/p><p>W celu dokonania zwrotu u\u017cyjemy tych samych \u015brodk\u00f3w p\u0142atno\u015bci, kt\u00f3re zosta\u0142y u\u017cyte w pierwotnej transakcji, chyba \u017ce wyra\u017anie uzgodniono inaczej; w \u017cadnym wypadku u\u017cytkownik nie zostanie obci\u0105\u017cony \u017cadnymi op\u0142atami za ten zwrot.<\/p>\t\t\t\t\t\t\t\t<\/div>\n\t\t\t\t<\/div>\n\t\t\t\t<\/div>\n\t\t\t\t<\/div>\n\t\t<div class=\"elementor-element elementor-element-8ef581f e-con-full e-flex e-con e-child\" data-id=\"8ef581f\" data-element_type=\"container\">\n\t\t<div class=\"elementor-element elementor-element-f16db7a e-con-full e-flex e-con e-child\" data-id=\"f16db7a\" data-element_type=\"container\" data-settings=\"{&quot;background_background&quot;:&quot;classic&quot;}\">\n\t\t\t\t<div class=\"elementor-element elementor-element-61406e2 elementor-widget elementor-widget-heading\" data-id=\"61406e2\" data-element_type=\"widget\" data-widget_type=\"heading.default\">\n\t\t\t\t<div class=\"elementor-widget-container\">\n\t\t\t\t\t<h2 class=\"elementor-heading-title elementor-size-default\">3. wy\u0142\u0105czenie prawa do odst\u0105pienia od umowy<span style=\"color: #BC1923\">.<\/span><\/h2>\t\t\t\t<\/div>\n\t\t\t\t<\/div>\n\t\t\t\t<div class=\"elementor-element elementor-element-63c140e elementor-widget elementor-widget-text-editor\" data-id=\"63c140e\" data-element_type=\"widget\" data-widget_type=\"text-editor.default\">\n\t\t\t\t<div class=\"elementor-widget-container\">\n\t\t\t\t\t\t\t\t\t<p data-pm-slice=\"1 3 []\">Prawo do odst\u0105pienia od umowy nie ma zastosowania do nast\u0119puj\u0105cych um\u00f3w:<\/p><ul data-spread=\"false\"><li><p>Umowy o \u015bwiadczenie us\u0142ug zwi\u0105zanych z nieruchomo\u015bciami, takie jak umowy po\u015brednictwa, je\u017celi przedsi\u0119biorca wykona\u0142 us\u0142ug\u0119 w ca\u0142o\u015bci i rozpocz\u0105\u0142 jej \u015bwiadczenie dopiero po wyra\u017ceniu przez konsumenta wyra\u017anej zgody i jednocze\u015bnie potwierdzi\u0142, \u017ce wie, i\u017c traci prawo do odst\u0105pienia od umowy po jej ca\u0142kowitym wykonaniu.<\/p><\/li><li><p>Umowy najmu nieruchomo\u015bci mieszkalnych na cele inne ni\u017c mieszkalne.<\/p><\/li><\/ul>\t\t\t\t\t\t\t\t<\/div>\n\t\t\t\t<\/div>\n\t\t\t\t<\/div>\n\t\t<div class=\"elementor-element elementor-element-afcecc4 e-con-full e-flex e-con e-child\" data-id=\"afcecc4\" data-element_type=\"container\" data-settings=\"{&quot;background_background&quot;:&quot;classic&quot;}\">\n\t\t\t\t<div class=\"elementor-element elementor-element-a4d1193 elementor-widget elementor-widget-heading\" data-id=\"a4d1193\" data-element_type=\"widget\" data-widget_type=\"heading.default\">\n\t\t\t\t<div class=\"elementor-widget-container\">\n\t\t\t\t\t<h2 class=\"elementor-heading-title elementor-size-default\">4. przyk\u0142adowy formularz anulowania<span style=\"color: #BC1923\">.<\/span><\/h2>\t\t\t\t<\/div>\n\t\t\t\t<\/div>\n\t\t\t\t<div class=\"elementor-element elementor-element-6b3d27c elementor-widget elementor-widget-text-editor\" data-id=\"6b3d27c\" data-element_type=\"widget\" data-widget_type=\"text-editor.default\">\n\t\t\t\t<div class=\"elementor-widget-container\">\n\t\t\t\t\t\t\t\t\t<p data-pm-slice=\"1 1 []\">Je\u015bli chcesz anulowa\u0107 umow\u0119, wype\u0142nij ten formularz i ode\u015blij go do nas:<\/p><p><strong>Mihalca Homes GmbH<\/strong><br \/>Peter-Henlein-Str. 13<br \/>89312 G\u00fcnzburg<br \/>E-mail: <a>welcome@mihalca.de<br \/><br \/><\/a><\/p><p>Ja\/My (*) niniejszym odst\u0119puj\u0119\/odst\u0119pujemy (*) od zawartej przeze mnie\/nas (*) umowy zakupu nast\u0119puj\u0105cych towar\u00f3w (*)\/\u015bwiadczenia nast\u0119puj\u0105cej us\u0142ugi (*)<\/p><p>Zam\u00f3wione w dniu (*)\/otrzymane w dniu (*)<\/p><p>Nazwa konsumenta(-\u00f3w):<\/p><p>Adres konsumenta(-\u00f3w):<\/p><p>Podpis konsumenta(-\u00f3w) (tylko w przypadku powiadomienia na papierze):<\/p><p>Data:<\/p><p>(*) Niepotrzebne skre\u015bli\u0107.<\/p><p><a>\u00a0<\/a><\/p>\t\t\t\t\t\t\t\t<\/div>\n\t\t\t\t<\/div>\n\t\t\t\t<\/div>\n\t\t\t\t<\/div>\n\t\t<div class=\"elementor-element elementor-element-674ea51 e-con-full e-flex e-con e-child\" data-id=\"674ea51\" data-element_type=\"container\">\n\t\t<div class=\"elementor-element elementor-element-fe9d0bf e-con-full e-flex e-con e-child\" data-id=\"fe9d0bf\" data-element_type=\"container\" data-settings=\"{&quot;background_background&quot;:&quot;classic&quot;}\">\n\t\t\t\t<div class=\"elementor-element elementor-element-c2d6d46 elementor-widget elementor-widget-image\" data-id=\"c2d6d46\" data-element_type=\"widget\" data-widget_type=\"image.default\">\n\t\t\t\t<div class=\"elementor-widget-container\">\n\t\t\t\t\t\t\t\t\t\t\t\t\t\t\t<img fetchpriority=\"high\" decoding=\"async\" width=\"800\" height=\"213\" src=\"https:\/\/mihalca.de\/wp-content\/uploads\/2025\/01\/2-1024x273.png\" class=\"attachment-large size-large wp-image-2525\" alt=\"\" srcset=\"https:\/\/mihalca.de\/wp-content\/uploads\/2025\/01\/2-1024x273.png 1024w, https:\/\/mihalca.de\/wp-content\/uploads\/2025\/01\/2-300x80.png 300w, https:\/\/mihalca.de\/wp-content\/uploads\/2025\/01\/2-768x205.png 768w, https:\/\/mihalca.de\/wp-content\/uploads\/2025\/01\/2.png 1125w\" sizes=\"(max-width: 800px) 100vw, 800px\" \/>\t\t\t\t\t\t\t\t\t\t\t\t\t\t\t<\/div>\n\t\t\t\t<\/div>\n\t\t\t\t<div class=\"elementor-element elementor-element-97d690a elementor-widget elementor-widget-heading\" data-id=\"97d690a\" data-element_type=\"widget\" data-widget_type=\"heading.default\">\n\t\t\t\t<div class=\"elementor-widget-container\">\n\t\t\t\t\t<h2 class=\"elementor-heading-title elementor-size-default\">Skontaktuj si\u0119 z nami<span style=\"color: #BC1923\">.<\/span><\/h2>\t\t\t\t<\/div>\n\t\t\t\t<\/div>\n\t\t\t\t<div class=\"elementor-element elementor-element-cfdb249 elementor-widget elementor-widget-text-editor\" data-id=\"cfdb249\" data-element_type=\"widget\" data-widget_type=\"text-editor.default\">\n\t\t\t\t<div class=\"elementor-widget-container\">\n\t\t\t\t\t\t\t\t\t<p data-pm-slice=\"1 1 []\">W przypadku dalszych pyta\u0144 dotycz\u0105cych korzystania z prawa do odst\u0105pienia od umowy, prosimy o kontakt w dowolnym momencie.<\/p><p><strong>Mihalca Homes GmbH<\/strong><br \/>Peter-Henlein-Str. 13<br \/>89312 G\u00fcnzburg<br \/>E-mail: <a>welcome@mihalca.de<\/a><\/p>\t\t\t\t\t\t\t\t<\/div>\n\t\t\t\t<\/div>\n\t\t\t\t<\/div>\n\t\t\t\t<\/div>\n\t\t\t\t\t<\/div>\n\t\t\t\t<\/div>\n\t\t\t\t<\/div>","protected":false},"excerpt":{"rendered":"<p>Wiederrufsbelehrung. 1. Widerrufsrecht. Verbraucher haben das Recht, binnen vierzehn Tagen ohne Angabe von Gr\u00fcnden einen geschlossenen Vertrag zu widerrufen. Widerrufsfrist Die Widerrufsfrist betr\u00e4gt vierzehn Tage ab dem Tag des Vertragsabschlusses. Aus\u00fcbung des Widerrufsrechts Um Ihr Widerrufsrecht auszu\u00fcben, m\u00fcssen Sie uns, der Mihalca Homes GmbHPeter-Henlein-Str. 1389312 G\u00fcnzburgTelefon: 0160 968 194 86E-Mail: welcome@mihalca.de mittels einer eindeutigen Erkl\u00e4rung [&hellip;]<\/p>","protected":false},"author":2,"featured_media":0,"parent":0,"menu_order":0,"comment_status":"closed","ping_status":"closed","template":"","meta":{"_acf_changed":false,"footnotes":""},"class_list":["post-3664","page","type-page","status-publish","hentry"],"acf":[],"_links":{"self":[{"href":"https:\/\/mihalca.de\/pl\/wp-json\/wp\/v2\/pages\/3664","targetHints":{"allow":["GET"]}}],"collection":[{"href":"https:\/\/mihalca.de\/pl\/wp-json\/wp\/v2\/pages"}],"about":[{"href":"https:\/\/mihalca.de\/pl\/wp-json\/wp\/v2\/types\/page"}],"author":[{"embeddable":true,"href":"https:\/\/mihalca.de\/pl\/wp-json\/wp\/v2\/users\/2"}],"replies":[{"embeddable":true,"href":"https:\/\/mihalca.de\/pl\/wp-json\/wp\/v2\/comments?post=3664"}],"version-history":[{"count":7,"href":"https:\/\/mihalca.de\/pl\/wp-json\/wp\/v2\/pages\/3664\/revisions"}],"predecessor-version":[{"id":3983,"href":"https:\/\/mihalca.de\/pl\/wp-json\/wp\/v2\/pages\/3664\/revisions\/3983"}],"wp:attachment":[{"href":"https:\/\/mihalca.de\/pl\/wp-json\/wp\/v2\/media?parent=3664"}],"curies":[{"name":"wp","href":"https:\/\/api.w.org\/{rel}","templated":true}]}}