{"id":3659,"date":"2025-01-14T19:13:03","date_gmt":"2025-01-14T18:13:03","guid":{"rendered":"https:\/\/mihalca.de\/?page_id=3659"},"modified":"2025-01-20T12:33:23","modified_gmt":"2025-01-20T11:33:23","slug":"datenschutz","status":"publish","type":"page","link":"https:\/\/mihalca.de\/pl\/ochrona-danych\/","title":{"rendered":"Ochrona danych"},"content":{"rendered":"<div data-elementor-type=\"wp-page\" data-elementor-id=\"3659\" class=\"elementor elementor-3659\" data-elementor-post-type=\"page\">\n\t\t\t\t<div class=\"elementor-element elementor-element-56c3a95 e-con-full e-flex e-con e-parent\" data-id=\"56c3a95\" data-element_type=\"container\">\n\t\t<div class=\"elementor-element elementor-element-7f30f4d animated-fast e-flex e-con-boxed elementor-invisible e-con e-child\" data-id=\"7f30f4d\" data-element_type=\"container\" data-settings=\"{&quot;background_background&quot;:&quot;classic&quot;,&quot;animation&quot;:&quot;fadeIn&quot;}\">\n\t\t\t\t\t<div class=\"e-con-inner\">\n\t\t<div class=\"elementor-element elementor-element-bc5e5f9 e-con-full e-flex e-con e-child\" data-id=\"bc5e5f9\" data-element_type=\"container\">\n\t\t\t\t<div class=\"elementor-element elementor-element-c1d8803 elementor-widget elementor-widget-heading\" data-id=\"c1d8803\" data-element_type=\"widget\" data-widget_type=\"heading.default\">\n\t\t\t\t<div class=\"elementor-widget-container\">\n\t\t\t\t\t<h1 class=\"elementor-heading-title elementor-size-default\">Ochrona danych<span style=\"color: #BC1923\">.<\/span>\n<\/h1>\t\t\t\t<\/div>\n\t\t\t\t<\/div>\n\t\t\t\t<\/div>\n\t\t\t\t\t<\/div>\n\t\t\t\t<\/div>\n\t\t\t\t<\/div>\n\t\t<div class=\"elementor-element elementor-element-d6374f0 e-flex e-con-boxed e-con e-parent\" data-id=\"d6374f0\" data-element_type=\"container\">\n\t\t\t\t\t<div class=\"e-con-inner\">\n\t\t<div class=\"elementor-element elementor-element-9bdcfb5 e-con-full e-flex e-con e-child\" data-id=\"9bdcfb5\" data-element_type=\"container\">\n\t\t<div class=\"elementor-element elementor-element-65f7095 e-con-full e-flex e-con e-child\" data-id=\"65f7095\" data-element_type=\"container\" data-settings=\"{&quot;background_background&quot;:&quot;classic&quot;}\">\n\t\t\t\t<div class=\"elementor-element elementor-element-cb12c70 elementor-widget elementor-widget-heading\" data-id=\"cb12c70\" data-element_type=\"widget\" data-widget_type=\"heading.default\">\n\t\t\t\t<div class=\"elementor-widget-container\">\n\t\t\t\t\t<h2 class=\"elementor-heading-title elementor-size-default\">1. osoba odpowiedzialna<span style=\"color: #BC1923\">.<\/span><\/h2>\t\t\t\t<\/div>\n\t\t\t\t<\/div>\n\t\t\t\t<div class=\"elementor-element elementor-element-f176c2b elementor-widget elementor-widget-text-editor\" data-id=\"f176c2b\" data-element_type=\"widget\" data-widget_type=\"text-editor.default\">\n\t\t\t\t<div class=\"elementor-widget-container\">\n\t\t\t\t\t\t\t\t\t<p data-pm-slice=\"1 1 []\">Mihalca Homes GmbH<\/p><p data-pm-slice=\"1 1 []\"><br \/>Peter-Henlein-Str. 13<br \/>89312 G\u00fcnzburg<br \/>Niemcy<\/p><p data-pm-slice=\"1 1 []\">Telefon: 0160 968 194 86<br \/>E-mail: <a>welcome@mihalca.de<\/a><br \/>Reprezentowany przez: Marian Mihalca &amp; Marcel Mihalca<\/p>\t\t\t\t\t\t\t\t<\/div>\n\t\t\t\t<\/div>\n\t\t\t\t<\/div>\n\t\t<div class=\"elementor-element elementor-element-75b8a0b e-con-full e-flex e-con e-child\" data-id=\"75b8a0b\" data-element_type=\"container\" data-settings=\"{&quot;background_background&quot;:&quot;classic&quot;}\">\n\t\t\t\t<div class=\"elementor-element elementor-element-033ef7b elementor-widget elementor-widget-heading\" data-id=\"033ef7b\" data-element_type=\"widget\" data-widget_type=\"heading.default\">\n\t\t\t\t<div class=\"elementor-widget-container\">\n\t\t\t\t\t<h2 class=\"elementor-heading-title elementor-size-default\">2. og\u00f3lne informacje na temat ochrony danych<span style=\"color: #BC1923\">.<\/span><\/h2>\t\t\t\t<\/div>\n\t\t\t\t<\/div>\n\t\t\t\t<div class=\"elementor-element elementor-element-a29edcc elementor-widget elementor-widget-text-editor\" data-id=\"a29edcc\" data-element_type=\"widget\" data-widget_type=\"text-editor.default\">\n\t\t\t\t<div class=\"elementor-widget-container\">\n\t\t\t\t\t\t\t\t\t<p data-pm-slice=\"1 1 []\">Bardzo powa\u017cnie traktujemy ochron\u0119 danych osobowych u\u017cytkownik\u00f3w. Dane osobowe u\u017cytkownika b\u0119d\u0105 traktowane poufnie i zgodnie z ustawowymi przepisami o ochronie danych oraz niniejsz\u0105 polityk\u0105 prywatno\u015bci.<\/p><p>Podczas korzystania z tej witryny gromadzone s\u0105 r\u00f3\u017cne dane osobowe. Dane osobowe to dane, kt\u00f3re mo\u017cna wykorzysta\u0107 do osobistej identyfikacji u\u017cytkownika. Niniejsza polityka prywatno\u015bci wyja\u015bnia, jakie dane gromadzimy i do czego je wykorzystujemy. Wyja\u015bnia r\u00f3wnie\u017c, w jaki spos\u00f3b i w jakim celu jest to robione.<\/p>\t\t\t\t\t\t\t\t<\/div>\n\t\t\t\t<\/div>\n\t\t\t\t<\/div>\n\t\t\t\t<\/div>\n\t\t\t\t\t<\/div>\n\t\t\t\t<\/div>\n\t\t<div class=\"elementor-element elementor-element-61ca4d0 e-con-full e-flex e-con e-parent\" data-id=\"61ca4d0\" data-element_type=\"container\" data-settings=\"{&quot;background_background&quot;:&quot;classic&quot;}\">\n\t\t<div class=\"elementor-element elementor-element-e4ba825 e-flex e-con-boxed e-con e-child\" data-id=\"e4ba825\" data-element_type=\"container\" data-settings=\"{&quot;background_background&quot;:&quot;classic&quot;}\">\n\t\t\t\t\t<div class=\"e-con-inner\">\n\t\t\t\t<div class=\"elementor-element elementor-element-7d56489 elementor-widget elementor-widget-heading\" data-id=\"7d56489\" data-element_type=\"widget\" data-widget_type=\"heading.default\">\n\t\t\t\t<div class=\"elementor-widget-container\">\n\t\t\t\t\t<h2 class=\"elementor-heading-title elementor-size-default\">3. gromadzenie danych na naszej stronie internetowej<span style=\"color: #BC1923\">.<\/span><\/h2>\t\t\t\t<\/div>\n\t\t\t\t<\/div>\n\t\t<div class=\"elementor-element elementor-element-a389d80 e-con-full e-flex e-con e-child\" data-id=\"a389d80\" data-element_type=\"container\">\n\t\t<div class=\"elementor-element elementor-element-8bd7afb e-con-full e-flex e-con e-child\" data-id=\"8bd7afb\" data-element_type=\"container\" data-settings=\"{&quot;background_background&quot;:&quot;classic&quot;}\">\n\t\t\t\t<div class=\"elementor-element elementor-element-5ff629a elementor-widget elementor-widget-heading\" data-id=\"5ff629a\" data-element_type=\"widget\" data-widget_type=\"heading.default\">\n\t\t\t\t<div class=\"elementor-widget-container\">\n\t\t\t\t\t<h2 class=\"elementor-heading-title elementor-size-default\">3.1 Pliki cookie<span style=\"color: #BC1923\">.<\/span><\/h2>\t\t\t\t<\/div>\n\t\t\t\t<\/div>\n\t\t\t\t<div class=\"elementor-element elementor-element-f084ea4 elementor-widget elementor-widget-text-editor\" data-id=\"f084ea4\" data-element_type=\"widget\" data-widget_type=\"text-editor.default\">\n\t\t\t\t<div class=\"elementor-widget-container\">\n\t\t\t\t\t\t\t\t\t<p data-pm-slice=\"1 3 []\">Nasza strona wykorzystuje pliki cookies. Pliki cookie to ma\u0142e pliki tekstowe, kt\u00f3re s\u0105 przechowywane na urz\u0105dzeniu ko\u0144cowym i zapisywane przez przegl\u0105dark\u0119. Nie powoduj\u0105 one \u017cadnych uszkodze\u0144 urz\u0105dzenia ko\u0144cowego. Niekt\u00f3re pliki cookie pozostaj\u0105 zapisane na urz\u0105dzeniu u\u017cytkownika do momentu ich usuni\u0119cia. Te pliki cookie umo\u017cliwiaj\u0105 nam rozpoznanie przegl\u0105darki u\u017cytkownika podczas kolejnej wizyty.<\/p><p>Podczas pierwszej wizyty na naszej stronie internetowej u\u017cytkownik zostanie poinformowany o tym fakcie za po\u015brednictwem banera plik\u00f3w cookie i poproszony o wyra\u017cenie zgody. Zgod\u0119 mo\u017cna wycofa\u0107 w dowolnym momencie.<\/p><p><strong>Cel przetwarzania danych:<\/strong><\/p><ul data-spread=\"false\"><li><p>Zapewnienie technicznej funkcjonalno\u015bci strony internetowej<\/p><\/li><li><p>Optymalizacja przyjazno\u015bci dla u\u017cytkownika<\/p><\/li><li><p>Analiza korzystania ze strony internetowej<\/p><\/li><\/ul><p><strong>Podstawa prawna:<\/strong><\/p><ul data-spread=\"false\"><li><p>Art. 6 ust. 1 lit. a RODO (zgoda)<\/p><\/li><li><p>Art. 6 ust. 1 lit. f RODO (uzasadniony interes w technicznie bezb\u0142\u0119dnym udost\u0119pnianiu strony internetowej)<\/p><\/li><\/ul>\t\t\t\t\t\t\t\t<\/div>\n\t\t\t\t<\/div>\n\t\t\t\t<\/div>\n\t\t<div class=\"elementor-element elementor-element-ad47bdb e-con-full e-flex e-con e-child\" data-id=\"ad47bdb\" data-element_type=\"container\" data-settings=\"{&quot;background_background&quot;:&quot;classic&quot;}\">\n\t\t\t\t<div class=\"elementor-element elementor-element-0ba28f6 elementor-widget elementor-widget-heading\" data-id=\"0ba28f6\" data-element_type=\"widget\" data-widget_type=\"heading.default\">\n\t\t\t\t<div class=\"elementor-widget-container\">\n\t\t\t\t\t<h2 class=\"elementor-heading-title elementor-size-default\">3.2 Pliki dziennika serwera<span style=\"color: #BC1923\">.<\/span><\/h2>\t\t\t\t<\/div>\n\t\t\t\t<\/div>\n\t\t\t\t<div class=\"elementor-element elementor-element-3da4a0b elementor-widget elementor-widget-text-editor\" data-id=\"3da4a0b\" data-element_type=\"widget\" data-widget_type=\"text-editor.default\">\n\t\t\t\t<div class=\"elementor-widget-container\">\n\t\t\t\t\t\t\t\t\t<p data-pm-slice=\"1 1 []\">Dostawca hostingu naszej strony internetowej (All-Inkl.) automatycznie gromadzi i przechowuje informacje w tak zwanych plikach dziennika serwera, kt\u00f3re przegl\u0105darka u\u017cytkownika automatycznie przesy\u0142a do nas. S\u0105 to<\/p><ul data-spread=\"false\"><li><p>Typ i wersja przegl\u0105darki<\/p><\/li><li><p>U\u017cywany system operacyjny<\/p><\/li><li><p>Adres URL strony odsy\u0142aj\u0105cej<\/p><\/li><li><p>Nazwa hosta komputera uzyskuj\u0105cego dost\u0119p<\/p><\/li><li><p>Czas \u017c\u0105dania serwera<\/p><\/li><\/ul><p>Danych tych nie mo\u017cna przypisa\u0107 do konkretnych os\u00f3b. Dane te nie s\u0105 \u0142\u0105czone z innymi \u017ar\u00f3d\u0142ami danych.<\/p>\t\t\t\t\t\t\t\t<\/div>\n\t\t\t\t<\/div>\n\t\t\t\t<\/div>\n\t\t\t\t<\/div>\n\t\t\t\t\t<\/div>\n\t\t\t\t<\/div>\n\t\t\t\t<\/div>\n\t\t<div class=\"elementor-element elementor-element-1c88c2e e-flex e-con-boxed e-con e-parent\" data-id=\"1c88c2e\" data-element_type=\"container\">\n\t\t\t\t\t<div class=\"e-con-inner\">\n\t\t<div class=\"elementor-element elementor-element-78e288d e-con-full e-flex e-con e-child\" data-id=\"78e288d\" data-element_type=\"container\">\n\t\t<div class=\"elementor-element elementor-element-d60e592 e-con-full e-flex e-con e-child\" data-id=\"d60e592\" data-element_type=\"container\" data-settings=\"{&quot;background_background&quot;:&quot;classic&quot;}\">\n\t\t\t\t<div class=\"elementor-element elementor-element-c49dd94 elementor-widget elementor-widget-heading\" data-id=\"c49dd94\" data-element_type=\"widget\" data-widget_type=\"heading.default\">\n\t\t\t\t<div class=\"elementor-widget-container\">\n\t\t\t\t\t<h2 class=\"elementor-heading-title elementor-size-default\">4. narz\u0119dzia innych firm<span style=\"color: #BC1923\">.<\/span><\/h2>\t\t\t\t<\/div>\n\t\t\t\t<\/div>\n\t\t\t\t<div class=\"elementor-element elementor-element-f4e743c elementor-widget elementor-widget-text-editor\" data-id=\"f4e743c\" data-element_type=\"widget\" data-widget_type=\"text-editor.default\">\n\t\t\t\t<div class=\"elementor-widget-container\">\n\t\t\t\t\t\t\t\t\t<p data-pm-slice=\"1 1 []\">Korzystamy z r\u00f3\u017cnych narz\u0119dzi stron trzecich w celu optymalizacji naszych us\u0142ug i poprawy komfortu u\u017cytkowania. Narz\u0119dzia te s\u0105 u\u017cywane wy\u0142\u0105cznie za zgod\u0105 u\u017cytkownika.<\/p><p><strong>U\u017cywane narz\u0119dzia innych firm:<\/strong><\/p><ul data-spread=\"false\"><li><p>Google Analytics (narz\u0119dzie analityczne)<\/p><\/li><li><p>Meta Pixel (narz\u0119dzie marketingowe)<\/p><\/li><li><p>Google Ads (narz\u0119dzie reklamowe)<\/p><\/li><li><p>Typeform (system CRM)<\/p><\/li><li><p>Wtyczki medi\u00f3w spo\u0142eczno\u015bciowych (Instagram, Facebook, LinkedIn, Airbnb, Booking.com, Immoscout, Immowelt)<\/p><\/li><li><p>Us\u0142uga newslettera: OnOffice<\/p><\/li><\/ul><p><strong>Podstawa prawna:<\/strong> Art. 6 ust. 1 lit. a RODO (zgoda)<\/p>\t\t\t\t\t\t\t\t<\/div>\n\t\t\t\t<\/div>\n\t\t\t\t<\/div>\n\t\t<div class=\"elementor-element elementor-element-1914cd9 e-con-full e-flex e-con e-child\" data-id=\"1914cd9\" data-element_type=\"container\" data-settings=\"{&quot;background_background&quot;:&quot;classic&quot;}\">\n\t\t\t\t<div class=\"elementor-element elementor-element-59edb3d elementor-widget elementor-widget-heading\" data-id=\"59edb3d\" data-element_type=\"widget\" data-widget_type=\"heading.default\">\n\t\t\t\t<div class=\"elementor-widget-container\">\n\t\t\t\t\t<h2 class=\"elementor-heading-title elementor-size-default\">5. dostawca us\u0142ug p\u0142atniczych<span style=\"color: #BC1923\">.<\/span><\/h2>\t\t\t\t<\/div>\n\t\t\t\t<\/div>\n\t\t\t\t<div class=\"elementor-element elementor-element-92d43aa elementor-widget elementor-widget-text-editor\" data-id=\"92d43aa\" data-element_type=\"widget\" data-widget_type=\"text-editor.default\">\n\t\t\t\t<div class=\"elementor-widget-container\">\n\t\t\t\t\t\t\t\t\t<p data-pm-slice=\"1 3 []\">W przypadku dokonywania p\u0142atno\u015bci za po\u015brednictwem naszej strony internetowej wsp\u00f3\u0142pracujemy z nast\u0119puj\u0105cymi dostawcami us\u0142ug p\u0142atniczych:<\/p><ul data-spread=\"false\"><li><p>PayPal<\/p><\/li><li><p>Klarna<\/p><\/li><li>Przelew bankowy<br \/><br \/><\/li><\/ul><p>Ci dostawcy us\u0142ug p\u0142atniczych otrzymuj\u0105 dane osobowe w ramach przetwarzania p\u0142atno\u015bci.<\/p><p><strong>Podstawa prawna:<\/strong><\/p><ul data-spread=\"false\"><li><p>Art. 6 ust. 1 lit. b RODO (wykonanie umowy)<\/p><\/li><li><p>Art. 6 ust. 1 lit. f RODO (uzasadniony interes w bezpiecznym przetwarzaniu p\u0142atno\u015bci)<\/p><\/li><\/ul>\t\t\t\t\t\t\t\t<\/div>\n\t\t\t\t<\/div>\n\t\t\t\t<\/div>\n\t\t\t\t<\/div>\n\t\t<div class=\"elementor-element elementor-element-33eef0f e-con-full e-flex e-con e-child\" data-id=\"33eef0f\" data-element_type=\"container\">\n\t\t<div class=\"elementor-element elementor-element-40e3954 e-con-full e-flex e-con e-child\" data-id=\"40e3954\" data-element_type=\"container\" data-settings=\"{&quot;background_background&quot;:&quot;classic&quot;}\">\n\t\t\t\t<div class=\"elementor-element elementor-element-f5c8f3d elementor-widget elementor-widget-heading\" data-id=\"f5c8f3d\" data-element_type=\"widget\" data-widget_type=\"heading.default\">\n\t\t\t\t<div class=\"elementor-widget-container\">\n\t\t\t\t\t<h2 class=\"elementor-heading-title elementor-size-default\">6. przetwarzanie szczeg\u00f3lnych kategorii danych<span style=\"color: #BC1923\">.<\/span><\/h2>\t\t\t\t<\/div>\n\t\t\t\t<\/div>\n\t\t\t\t<div class=\"elementor-element elementor-element-541ab4b elementor-widget elementor-widget-text-editor\" data-id=\"541ab4b\" data-element_type=\"widget\" data-widget_type=\"text-editor.default\">\n\t\t\t\t<div class=\"elementor-widget-container\">\n\t\t\t\t\t\t\t\t\t<p data-pm-slice=\"1 1 []\">W niekt\u00f3rych przypadkach przetwarzamy wra\u017cliwe dane osobowe, w szczeg\u00f3lno\u015bci prywatne informacje o sytuacji finansowej naszych klient\u00f3w. Dane te s\u0105 wykorzystywane wy\u0142\u0105cznie do oceny zdolno\u015bci kredytowej i przetwarzania transakcji dotycz\u0105cych nieruchomo\u015bci.<\/p><p><strong>Podstawa prawna:<\/strong> Art. 9 ust. 2 lit. b RODO (niezb\u0119dne do wype\u0142nienia zobowi\u0105za\u0144 umownych)<\/p>\t\t\t\t\t\t\t\t<\/div>\n\t\t\t\t<\/div>\n\t\t\t\t<\/div>\n\t\t<div class=\"elementor-element elementor-element-8b60a9f e-con-full e-flex e-con e-child\" data-id=\"8b60a9f\" data-element_type=\"container\" data-settings=\"{&quot;background_background&quot;:&quot;classic&quot;}\">\n\t\t\t\t<div class=\"elementor-element elementor-element-d44a584 elementor-widget elementor-widget-heading\" data-id=\"d44a584\" data-element_type=\"widget\" data-widget_type=\"heading.default\">\n\t\t\t\t<div class=\"elementor-widget-container\">\n\t\t\t\t\t<h2 class=\"elementor-heading-title elementor-size-default\">7. obszar logowania<span style=\"color: #BC1923\">.<\/span><\/h2>\t\t\t\t<\/div>\n\t\t\t\t<\/div>\n\t\t\t\t<div class=\"elementor-element elementor-element-7d50f58 elementor-widget elementor-widget-text-editor\" data-id=\"7d50f58\" data-element_type=\"widget\" data-widget_type=\"text-editor.default\">\n\t\t\t\t<div class=\"elementor-widget-container\">\n\t\t\t\t\t\t\t\t\t<p data-pm-slice=\"1 3 []\">W przysz\u0142o\u015bci nasza witryna b\u0119dzie oferowa\u0107 obszar logowania, kt\u00f3ry umo\u017cliwi zarejestrowanym u\u017cytkownikom dost\u0119p do okre\u015blonych tre\u015bci i us\u0142ug. W ramach procesu rejestracji gromadzone b\u0119d\u0105 dane osobowe, takie jak imi\u0119 i nazwisko, adres e-mail i has\u0142o.<\/p><p><strong>Cel przetwarzania danych:<\/strong><\/p><ul data-spread=\"false\"><li><p>Zarz\u0105dzanie kontami u\u017cytkownik\u00f3w<\/p><\/li><li><p>Dostarczanie spersonalizowanej zawarto\u015bci<\/p><\/li><\/ul><p><strong>Podstawa prawna:<\/strong><\/p><ul data-spread=\"false\"><li><p>Art. 6 ust. 1 lit. a RODO (zgoda)<\/p><\/li><\/ul>\t\t\t\t\t\t\t\t<\/div>\n\t\t\t\t<\/div>\n\t\t\t\t<\/div>\n\t\t\t\t<\/div>\n\t\t<div class=\"elementor-element elementor-element-f4163e3 e-con-full e-flex e-con e-child\" data-id=\"f4163e3\" data-element_type=\"container\">\n\t\t<div class=\"elementor-element elementor-element-f41cd2c e-con-full e-flex e-con e-child\" data-id=\"f41cd2c\" data-element_type=\"container\" data-settings=\"{&quot;background_background&quot;:&quot;classic&quot;}\">\n\t\t\t\t<div class=\"elementor-element elementor-element-2d48e95 elementor-widget elementor-widget-heading\" data-id=\"2d48e95\" data-element_type=\"widget\" data-widget_type=\"heading.default\">\n\t\t\t\t<div class=\"elementor-widget-container\">\n\t\t\t\t\t<h2 class=\"elementor-heading-title elementor-size-default\">8. Twoje prawa<span style=\"color: #BC1923\">.<\/span><\/h2>\t\t\t\t<\/div>\n\t\t\t\t<\/div>\n\t\t\t\t<div class=\"elementor-element elementor-element-410fcb2 elementor-widget elementor-widget-text-editor\" data-id=\"410fcb2\" data-element_type=\"widget\" data-widget_type=\"text-editor.default\">\n\t\t\t\t<div class=\"elementor-widget-container\">\n\t\t\t\t\t\t\t\t\t<p data-pm-slice=\"1 1 []\">U\u017cytkownik ma prawo do bezp\u0142atnego otrzymania w dowolnym momencie informacji o pochodzeniu, odbiorcy i celu przechowywanych danych osobowych. U\u017cytkownik ma r\u00f3wnie\u017c prawo za\u017c\u0105da\u0107 poprawienia lub usuni\u0119cia tych danych.<\/p><p>Je\u015bli u\u017cytkownik wyrazi\u0142 zgod\u0119 na przetwarzanie danych, mo\u017ce j\u0105 cofn\u0105\u0107 w dowolnym momencie.<\/p><p>U\u017cytkownik ma r\u00f3wnie\u017c prawo do z\u0142o\u017cenia skargi do w\u0142a\u015bciwego organu nadzorczego.<\/p><p><strong>W\u0142a\u015bciwy organ nadzorczy:<\/strong> Bawarski Pa\u0144stwowy Urz\u0105d Nadzoru Ochrony Danych (BayLDA)<br \/>Promenada 27 (Zamek)<br \/>91522 Ansbach<br \/>Telefon: +49 981 53 1300<br \/>E-mail: <a>poststelle@lda.bayern.de<\/a><\/p>\t\t\t\t\t\t\t\t<\/div>\n\t\t\t\t<\/div>\n\t\t\t\t<\/div>\n\t\t<div class=\"elementor-element elementor-element-c393caf e-con-full e-flex e-con e-child\" data-id=\"c393caf\" data-element_type=\"container\" data-settings=\"{&quot;background_background&quot;:&quot;classic&quot;}\">\n\t\t\t\t<div class=\"elementor-element elementor-element-33e8093 elementor-widget elementor-widget-heading\" data-id=\"33e8093\" data-element_type=\"widget\" data-widget_type=\"heading.default\">\n\t\t\t\t<div class=\"elementor-widget-container\">\n\t\t\t\t\t<h2 class=\"elementor-heading-title elementor-size-default\">9. kontakt<span style=\"color: #BC1923\">.<\/span><\/h2>\t\t\t\t<\/div>\n\t\t\t\t<\/div>\n\t\t\t\t<div class=\"elementor-element elementor-element-e7e0996 elementor-widget elementor-widget-text-editor\" data-id=\"e7e0996\" data-element_type=\"widget\" data-widget_type=\"text-editor.default\">\n\t\t\t\t<div class=\"elementor-widget-container\">\n\t\t\t\t\t\t\t\t\t<p data-pm-slice=\"1 1 []\">W przypadku wszelkich pyta\u0144 dotycz\u0105cych ochrony danych prosimy o kontakt:<\/p><p><strong>Mihalca Homes GmbH<\/strong><br \/>Peter-Henlein-Str. 13<br \/>89312 G\u00fcnzburg<br \/>E-mail: <a>welcome@mihalca.de<\/a><\/p>\t\t\t\t\t\t\t\t<\/div>\n\t\t\t\t<\/div>\n\t\t\t\t<div class=\"elementor-element elementor-element-1dee514 elementor-widget elementor-widget-image\" data-id=\"1dee514\" data-element_type=\"widget\" data-widget_type=\"image.default\">\n\t\t\t\t<div class=\"elementor-widget-container\">\n\t\t\t\t\t\t\t\t\t\t\t\t\t\t\t<img fetchpriority=\"high\" decoding=\"async\" width=\"800\" height=\"213\" src=\"https:\/\/mihalca.de\/wp-content\/uploads\/2025\/01\/2-1024x273.png\" class=\"attachment-large size-large wp-image-2525\" alt=\"\" srcset=\"https:\/\/mihalca.de\/wp-content\/uploads\/2025\/01\/2-1024x273.png 1024w, https:\/\/mihalca.de\/wp-content\/uploads\/2025\/01\/2-300x80.png 300w, https:\/\/mihalca.de\/wp-content\/uploads\/2025\/01\/2-768x205.png 768w, https:\/\/mihalca.de\/wp-content\/uploads\/2025\/01\/2.png 1125w\" sizes=\"(max-width: 800px) 100vw, 800px\" \/>\t\t\t\t\t\t\t\t\t\t\t\t\t\t\t<\/div>\n\t\t\t\t<\/div>\n\t\t\t\t<\/div>\n\t\t\t\t<\/div>\n\t\t\t\t\t<\/div>\n\t\t\t\t<\/div>\n\t\t\t\t<\/div>","protected":false},"excerpt":{"rendered":"<p>Datenschutz. 1. Verantwortlicher. Mihalca Homes GmbH Peter-Henlein-Str. 1389312 G\u00fcnzburgDeutschland Telefon: 0160 968 194 86E-Mail: welcome@mihalca.deVertreten durch: Marian Mihalca &amp; Marcel Mihalca 2. Allgemeine Hinweise zum Datenschutz. Wir nehmen den Schutz Ihrer pers\u00f6nlichen Daten sehr ernst. Ihre personenbezogenen Daten werden vertraulich und entsprechend der gesetzlichen Datenschutzvorschriften sowie dieser Datenschutzerkl\u00e4rung behandelt. Wenn Sie diese Website benutzen, werden [&hellip;]<\/p>","protected":false},"author":2,"featured_media":0,"parent":0,"menu_order":0,"comment_status":"closed","ping_status":"closed","template":"","meta":{"_acf_changed":false,"footnotes":""},"class_list":["post-3659","page","type-page","status-publish","hentry"],"acf":[],"_links":{"self":[{"href":"https:\/\/mihalca.de\/pl\/wp-json\/wp\/v2\/pages\/3659","targetHints":{"allow":["GET"]}}],"collection":[{"href":"https:\/\/mihalca.de\/pl\/wp-json\/wp\/v2\/pages"}],"about":[{"href":"https:\/\/mihalca.de\/pl\/wp-json\/wp\/v2\/types\/page"}],"author":[{"embeddable":true,"href":"https:\/\/mihalca.de\/pl\/wp-json\/wp\/v2\/users\/2"}],"replies":[{"embeddable":true,"href":"https:\/\/mihalca.de\/pl\/wp-json\/wp\/v2\/comments?post=3659"}],"version-history":[{"count":10,"href":"https:\/\/mihalca.de\/pl\/wp-json\/wp\/v2\/pages\/3659\/revisions"}],"predecessor-version":[{"id":3980,"href":"https:\/\/mihalca.de\/pl\/wp-json\/wp\/v2\/pages\/3659\/revisions\/3980"}],"wp:attachment":[{"href":"https:\/\/mihalca.de\/pl\/wp-json\/wp\/v2\/media?parent=3659"}],"curies":[{"name":"wp","href":"https:\/\/api.w.org\/{rel}","templated":true}]}}