{"id":3652,"date":"2025-01-14T18:39:55","date_gmt":"2025-01-14T17:39:55","guid":{"rendered":"https:\/\/mihalca.de\/?page_id=3652"},"modified":"2025-01-20T12:32:16","modified_gmt":"2025-01-20T11:32:16","slug":"impressum","status":"publish","type":"page","link":"https:\/\/mihalca.de\/pl\/odcisk\/","title":{"rendered":"Nadruk"},"content":{"rendered":"<div data-elementor-type=\"wp-page\" data-elementor-id=\"3652\" class=\"elementor elementor-3652\" data-elementor-post-type=\"page\">\n\t\t\t\t<div class=\"elementor-element elementor-element-6de1106 e-con-full e-flex e-con e-parent\" data-id=\"6de1106\" data-element_type=\"container\">\n\t\t<div class=\"elementor-element elementor-element-631431d animated-fast e-flex e-con-boxed elementor-invisible e-con e-child\" data-id=\"631431d\" data-element_type=\"container\" data-settings=\"{&quot;background_background&quot;:&quot;classic&quot;,&quot;animation&quot;:&quot;fadeIn&quot;}\">\n\t\t\t\t\t<div class=\"e-con-inner\">\n\t\t<div class=\"elementor-element elementor-element-c346e37 e-con-full e-flex e-con e-child\" data-id=\"c346e37\" data-element_type=\"container\">\n\t\t\t\t<div class=\"elementor-element elementor-element-3835795 elementor-widget elementor-widget-heading\" data-id=\"3835795\" data-element_type=\"widget\" data-widget_type=\"heading.default\">\n\t\t\t\t<div class=\"elementor-widget-container\">\n\t\t\t\t\t<h1 class=\"elementor-heading-title elementor-size-default\">Nadruk<span style=\"color: #BC1923\">.<\/span>\n<\/h1>\t\t\t\t<\/div>\n\t\t\t\t<\/div>\n\t\t\t\t<\/div>\n\t\t\t\t\t<\/div>\n\t\t\t\t<\/div>\n\t\t\t\t<\/div>\n\t\t<div class=\"elementor-element elementor-element-fb32035 e-flex e-con-boxed e-con e-parent\" data-id=\"fb32035\" data-element_type=\"container\">\n\t\t\t\t\t<div class=\"e-con-inner\">\n\t\t<div class=\"elementor-element elementor-element-2b8490d e-con-full e-flex e-con e-child\" data-id=\"2b8490d\" data-element_type=\"container\">\n\t\t<div class=\"elementor-element elementor-element-5b3b029 e-con-full e-flex e-con e-child\" data-id=\"5b3b029\" data-element_type=\"container\" data-settings=\"{&quot;background_background&quot;:&quot;classic&quot;}\">\n\t\t\t\t<div class=\"elementor-element elementor-element-28da109 elementor-widget elementor-widget-image\" data-id=\"28da109\" data-element_type=\"widget\" data-widget_type=\"image.default\">\n\t\t\t\t<div class=\"elementor-widget-container\">\n\t\t\t\t\t\t\t\t\t\t\t\t\t\t\t<img decoding=\"async\" width=\"300\" height=\"80\" src=\"https:\/\/mihalca.de\/wp-content\/uploads\/2025\/01\/1-300x80.png\" class=\"attachment-medium size-medium wp-image-2524\" alt=\"\" srcset=\"https:\/\/mihalca.de\/wp-content\/uploads\/2025\/01\/1-300x80.png 300w, https:\/\/mihalca.de\/wp-content\/uploads\/2025\/01\/1-1024x273.png 1024w, https:\/\/mihalca.de\/wp-content\/uploads\/2025\/01\/1-768x205.png 768w, https:\/\/mihalca.de\/wp-content\/uploads\/2025\/01\/1.png 1125w\" sizes=\"(max-width: 300px) 100vw, 300px\" \/>\t\t\t\t\t\t\t\t\t\t\t\t\t\t\t<\/div>\n\t\t\t\t<\/div>\n\t\t\t\t<div class=\"elementor-element elementor-element-bbbc7f8 elementor-widget elementor-widget-text-editor\" data-id=\"bbbc7f8\" data-element_type=\"widget\" data-widget_type=\"text-editor.default\">\n\t\t\t\t<div class=\"elementor-widget-container\">\n\t\t\t\t\t\t\t\t\t<p><strong>Mihalca Homes GmbH\u00a0<\/strong><br \/>Peter-Henlein-Str. 13<br \/>89312 G\u00fcnzburg<\/p><p>Telefon: +49 (0) 160 968 194 86\u00a0<br \/>Telefon: +49 (0) 175 998 4332\u00a0<br \/>E-mail: <a href=\"mailto:welcome@mihalca.de\">welcome@mihalca.de<\/a><\/p><p>Dyrektor zarz\u0105dzaj\u0105cy:<br \/>Marian Mihalca, Marcel Mihalca\u00a0<br \/>Forma prawna: GmbH<br \/>Siedziba: G\u00fcnzburg, s\u0105d rejonowy w Memmingen\u00a0<br \/>HRB 20324<\/p>\t\t\t\t\t\t\t\t<\/div>\n\t\t\t\t<\/div>\n\t\t\t\t<\/div>\n\t\t<div class=\"elementor-element elementor-element-3abda01 e-con-full e-flex e-con e-child\" data-id=\"3abda01\" data-element_type=\"container\" data-settings=\"{&quot;background_background&quot;:&quot;classic&quot;}\">\n\t\t\t\t<div class=\"elementor-element elementor-element-f981987 elementor-hidden-mobile elementor-widget elementor-widget-spacer\" data-id=\"f981987\" data-element_type=\"widget\" data-widget_type=\"spacer.default\">\n\t\t\t\t<div class=\"elementor-widget-container\">\n\t\t\t\t\t\t\t<div class=\"elementor-spacer\">\n\t\t\t<div class=\"elementor-spacer-inner\"><\/div>\n\t\t<\/div>\n\t\t\t\t\t\t<\/div>\n\t\t\t\t<\/div>\n\t\t\t\t<div class=\"elementor-element elementor-element-b787044 elementor-widget elementor-widget-text-editor\" data-id=\"b787044\" data-element_type=\"widget\" data-widget_type=\"text-editor.default\">\n\t\t\t\t<div class=\"elementor-widget-container\">\n\t\t\t\t\t\t\t\t\t<p><strong>\u0179r\u00f3d\u0142o zdj\u0119\u0107<\/strong><br \/>\u00a9 envato Elements\u00a0<br \/>Andreas Paulheim\u00a0<br \/>\u00a9 Adobe Stock<br \/>\u00a9 Pexles\u00a0<\/p><p>Dalsze prawa do zdj\u0119\u0107, o ile nie wskazano inaczej, s\u0105 pokazane na odpowiednim zdj\u0119ciu.<\/p><p><strong>Projektowanie stron internetowych<\/strong><br \/>Alpha Design Agency\u00a0<\/p><p>\u00a0<\/p>\t\t\t\t\t\t\t\t<\/div>\n\t\t\t\t<\/div>\n\t\t\t\t<\/div>\n\t\t\t\t<\/div>\n\t\t\t\t\t<\/div>\n\t\t\t\t<\/div>\n\t\t<div class=\"elementor-element elementor-element-cd2ad2a e-flex e-con-boxed e-con e-parent\" data-id=\"cd2ad2a\" data-element_type=\"container\">\n\t\t\t\t\t<div class=\"e-con-inner\">\n\t\t<div class=\"elementor-element elementor-element-ba06a4b e-con-full e-flex e-con e-child\" data-id=\"ba06a4b\" data-element_type=\"container\">\n\t\t<div class=\"elementor-element elementor-element-af267f2 e-con-full e-flex e-con e-child\" data-id=\"af267f2\" data-element_type=\"container\" data-settings=\"{&quot;background_background&quot;:&quot;classic&quot;}\">\n\t\t\t\t<div class=\"elementor-element elementor-element-ec79c84 elementor-widget elementor-widget-heading\" data-id=\"ec79c84\" data-element_type=\"widget\" data-widget_type=\"heading.default\">\n\t\t\t\t<div class=\"elementor-widget-container\">\n\t\t\t\t\t<h2 class=\"elementor-heading-title elementor-size-default\">Tre\u015b\u0107 oferty online<span style=\"color: #BC1923\">.<\/span><\/h2>\t\t\t\t<\/div>\n\t\t\t\t<\/div>\n\t\t\t\t<div class=\"elementor-element elementor-element-777f7b8 elementor-widget elementor-widget-text-editor\" data-id=\"777f7b8\" data-element_type=\"widget\" data-widget_type=\"text-editor.default\">\n\t\t\t\t<div class=\"elementor-widget-container\">\n\t\t\t\t\t\t\t\t\t<p>Operator nie ponosi odpowiedzialno\u015bci za aktualno\u015b\u0107, poprawno\u015b\u0107, kompletno\u015b\u0107 lub jako\u015b\u0107 udost\u0119pnianych informacji. Roszczenia wobec operatora z tytu\u0142u odpowiedzialno\u015bci za szkody materialne lub niematerialne spowodowane wykorzystaniem lub niewykorzystaniem dostarczonych informacji lub wykorzystaniem nieprawid\u0142owych lub niekompletnych informacji s\u0105 zasadniczo wykluczone, chyba \u017ce istniej\u0105 dowody umy\u015blnego dzia\u0142ania lub ra\u017c\u0105cego niedbalstwa ze strony operatora. Wszystkie oferty mog\u0105 ulec zmianie i nie s\u0105 wi\u0105\u017c\u0105ce.<br \/>Operator wyra\u017anie zastrzega sobie prawo do zmiany, uzupe\u0142nienia lub usuni\u0119cia cz\u0119\u015bci stron lub ca\u0142ej oferty bez uprzedniego powiadomienia lub do zaprzestania publikacji tymczasowo lub na sta\u0142e.<\/p>\t\t\t\t\t\t\t\t<\/div>\n\t\t\t\t<\/div>\n\t\t\t\t<\/div>\n\t\t<div class=\"elementor-element elementor-element-e15b705 e-con-full e-flex e-con e-child\" data-id=\"e15b705\" data-element_type=\"container\" data-settings=\"{&quot;background_background&quot;:&quot;classic&quot;}\">\n\t\t\t\t<div class=\"elementor-element elementor-element-dc0fc24 elementor-widget elementor-widget-heading\" data-id=\"dc0fc24\" data-element_type=\"widget\" data-widget_type=\"heading.default\">\n\t\t\t\t<div class=\"elementor-widget-container\">\n\t\t\t\t\t<h2 class=\"elementor-heading-title elementor-size-default\">Referencje i linki<span style=\"color: #BC1923\">.<\/span><\/h2>\t\t\t\t<\/div>\n\t\t\t\t<\/div>\n\t\t\t\t<div class=\"elementor-element elementor-element-e4cd320 elementor-widget elementor-widget-text-editor\" data-id=\"e4cd320\" data-element_type=\"widget\" data-widget_type=\"text-editor.default\">\n\t\t\t\t<div class=\"elementor-widget-container\">\n\t\t\t\t\t\t\t\t\t<p>W przypadku bezpo\u015brednich lub po\u015brednich odniesie\u0144 do zewn\u0119trznych stron internetowych (\"hiper\u0142\u0105cza\"), kt\u00f3re znajduj\u0105 si\u0119 poza obszarem odpowiedzialno\u015bci operatora, obowi\u0105zek odpowiedzialno\u015bci wchodzi w \u017cycie tylko wtedy, gdy operator by\u0142 \u015bwiadomy tre\u015bci i by\u0142 technicznie mo\u017cliwy i uzasadniony dla operatora, aby uniemo\u017cliwi\u0107 korzystanie w przypadku nielegalnych tre\u015bci. operator niniejszym wyra\u017anie o\u015bwiadcza, \u017ce w momencie tworzenia link\u00f3w, \u017cadne nielegalne tre\u015bci nie by\u0142y rozpoznawalne na stronach, do kt\u00f3rych prowadz\u0105 linki. Operator nie ma \u017cadnego wp\u0142ywu na obecny i przysz\u0142y wygl\u0105d, tre\u015b\u0107 lub autorstwo stron, do kt\u00f3rych prowadz\u0105 linki. Dlatego niniejszym wyra\u017anie dystansuje si\u0119 od wszelkich tre\u015bci wszystkich stron, do kt\u00f3rych prowadz\u0105 linki, kt\u00f3re zosta\u0142y zmienione po utworzeniu linku. O\u015bwiadczenie to dotyczy wszystkich link\u00f3w i odno\u015bnik\u00f3w umieszczonych na w\u0142asnej stronie internetowej operatora, a tak\u017ce wpis\u00f3w os\u00f3b trzecich w ksi\u0119gach go\u015bci, forach dyskusyjnych, katalogach link\u00f3w, listach mailingowych, blogach internetowych i wszystkich innych formach baz danych utworzonych przez operatora, do kt\u00f3rych zawarto\u015bci mo\u017cliwy jest zewn\u0119trzny dost\u0119p do zapisu. Odpowiedzialno\u015b\u0107 za nielegalne, nieprawid\u0142owe lub niekompletne tre\u015bci, a w szczeg\u00f3lno\u015bci za szkody wynikaj\u0105ce z wykorzystania lub niewykorzystania takich informacji, ponosi wy\u0142\u0105cznie dostawca strony, do kt\u00f3rej nast\u0119puje odniesienie, a nie osoba, kt\u00f3ra jedynie odsy\u0142a do danej publikacji za po\u015brednictwem link\u00f3w.<\/p>\t\t\t\t\t\t\t\t<\/div>\n\t\t\t\t<\/div>\n\t\t\t\t<\/div>\n\t\t\t\t<\/div>\n\t\t<div class=\"elementor-element elementor-element-3245e7e e-con-full e-flex e-con e-child\" data-id=\"3245e7e\" data-element_type=\"container\">\n\t\t<div class=\"elementor-element elementor-element-2827774 e-con-full e-flex e-con e-child\" data-id=\"2827774\" data-element_type=\"container\" data-settings=\"{&quot;background_background&quot;:&quot;classic&quot;}\">\n\t\t\t\t<div class=\"elementor-element elementor-element-3b47482 elementor-widget elementor-widget-heading\" data-id=\"3b47482\" data-element_type=\"widget\" data-widget_type=\"heading.default\">\n\t\t\t\t<div class=\"elementor-widget-container\">\n\t\t\t\t\t<h2 class=\"elementor-heading-title elementor-size-default\">Prawo autorskie i prawo dotycz\u0105ce etykietowania<span style=\"color: #BC1923\">.<\/span><\/h2>\t\t\t\t<\/div>\n\t\t\t\t<\/div>\n\t\t\t\t<div class=\"elementor-element elementor-element-f4d0cdb elementor-widget elementor-widget-text-editor\" data-id=\"f4d0cdb\" data-element_type=\"widget\" data-widget_type=\"text-editor.default\">\n\t\t\t\t<div class=\"elementor-widget-container\">\n\t\t\t\t\t\t\t\t\t<p>Operator dok\u0142ada wszelkich stara\u0144, aby przestrzega\u0107 praw autorskich do obraz\u00f3w, grafik, dokument\u00f3w d\u017awi\u0119kowych, sekwencji wideo i tekst\u00f3w wykorzystywanych we wszystkich publikacjach, wykorzystywa\u0107 obrazy, grafiki, dokumenty d\u017awi\u0119kowe, sekwencje wideo i teksty, kt\u00f3re sam stworzy\u0142 lub korzysta\u0107 z wolnych od licencji grafik, dokument\u00f3w d\u017awi\u0119kowych, sekwencji wideo i tekst\u00f3w. Wszystkie marki i znaki towarowe wymienione na stronie internetowej i ewentualnie chronione przez osoby trzecie podlegaj\u0105 bez ogranicze\u0144 przepisom obowi\u0105zuj\u0105cego prawa o znakach towarowych i prawom w\u0142asno\u015bci odpowiednich zarejestrowanych w\u0142a\u015bcicieli. Samo wymienienie znaku towarowego nie oznacza, \u017ce nie jest on chroniony prawami os\u00f3b trzecich! Prawa autorskie do opublikowanych obiekt\u00f3w stworzonych przez samego operatora pozostaj\u0105 wy\u0142\u0105cznie w jego posiadaniu. Powielanie lub wykorzystywanie takich grafik, dokument\u00f3w d\u017awi\u0119kowych, sekwencji wideo i tekst\u00f3w w innych publikacjach elektronicznych lub drukowanych jest niedozwolone bez wyra\u017anej zgody operatora.<\/p>\t\t\t\t\t\t\t\t<\/div>\n\t\t\t\t<\/div>\n\t\t\t\t<\/div>\n\t\t<div class=\"elementor-element elementor-element-caf8589 e-con-full e-flex e-con e-child\" data-id=\"caf8589\" data-element_type=\"container\" data-settings=\"{&quot;background_background&quot;:&quot;classic&quot;}\">\n\t\t\t\t<div class=\"elementor-element elementor-element-0f978af elementor-widget elementor-widget-heading\" data-id=\"0f978af\" data-element_type=\"widget\" data-widget_type=\"heading.default\">\n\t\t\t\t<div class=\"elementor-widget-container\">\n\t\t\t\t\t<h2 class=\"elementor-heading-title elementor-size-default\">Wa\u017cno\u015b\u0107 prawna niniejszego wy\u0142\u0105czenia odpowiedzialno\u015bci<span style=\"color: #BC1923\">.<\/span><\/h2>\t\t\t\t<\/div>\n\t\t\t\t<\/div>\n\t\t\t\t<div class=\"elementor-element elementor-element-0ef4a62 elementor-widget elementor-widget-text-editor\" data-id=\"0ef4a62\" data-element_type=\"widget\" data-widget_type=\"text-editor.default\">\n\t\t\t\t<div class=\"elementor-widget-container\">\n\t\t\t\t\t\t\t\t\t<p>Niniejsze wy\u0142\u0105czenie odpowiedzialno\u015bci nale\u017cy traktowa\u0107 jako cz\u0119\u015b\u0107 publikacji internetowej, z kt\u00f3rej u\u017cytkownik zosta\u0142 przekierowany. Je\u015bli sekcje lub poszczeg\u00f3lne warunki niniejszego o\u015bwiadczenia nie s\u0105 zgodne z prawem lub prawid\u0142owe, fakt ten nie ma wp\u0142ywu na tre\u015b\u0107 lub wa\u017cno\u015b\u0107 pozosta\u0142ych cz\u0119\u015bci.<\/p>\t\t\t\t\t\t\t\t<\/div>\n\t\t\t\t<\/div>\n\t\t\t\t<\/div>\n\t\t\t\t<\/div>\n\t\t\t\t\t<\/div>\n\t\t\t\t<\/div>\n\t\t\t\t<\/div>","protected":false},"excerpt":{"rendered":"<p>Impressum. Mihalca Homes GmbH\u00a0Peter-Henlein-Str. 1389312 Gu\u0308nzburg Telefon: +49 (0) 160 968 194 86\u00a0Telefon: +49 (0) 175 998 4332\u00a0E-Mail: welcome@mihalca.de Gescha\u0308ftsfu\u0308hrer:Marian Mihalca, Marcel Mihalca\u00a0Rechtsform: GmbHSitz: Gu\u0308nzburg, Amtsgericht Memmingen\u00a0HRB 20324 Bildnachweise\u00a9 envato Elements\u00a0\u00a9 Andreas Paulheim\u00a0\u00a9 Adobe Stock\u00a9 Pexles\u00a0 Weitere Bildrechte, wenn nicht anders angegeben, im jeweiligen Foto ausgewiesen. Website-DesignAlpha Design Agency\u00a0 \u00a0 Inhalt des Online Angebotes. Der [&hellip;]<\/p>","protected":false},"author":2,"featured_media":0,"parent":0,"menu_order":0,"comment_status":"closed","ping_status":"closed","template":"","meta":{"_acf_changed":false,"footnotes":""},"class_list":["post-3652","page","type-page","status-publish","hentry"],"acf":[],"_links":{"self":[{"href":"https:\/\/mihalca.de\/pl\/wp-json\/wp\/v2\/pages\/3652","targetHints":{"allow":["GET"]}}],"collection":[{"href":"https:\/\/mihalca.de\/pl\/wp-json\/wp\/v2\/pages"}],"about":[{"href":"https:\/\/mihalca.de\/pl\/wp-json\/wp\/v2\/types\/page"}],"author":[{"embeddable":true,"href":"https:\/\/mihalca.de\/pl\/wp-json\/wp\/v2\/users\/2"}],"replies":[{"embeddable":true,"href":"https:\/\/mihalca.de\/pl\/wp-json\/wp\/v2\/comments?post=3652"}],"version-history":[{"count":10,"href":"https:\/\/mihalca.de\/pl\/wp-json\/wp\/v2\/pages\/3652\/revisions"}],"predecessor-version":[{"id":3977,"href":"https:\/\/mihalca.de\/pl\/wp-json\/wp\/v2\/pages\/3652\/revisions\/3977"}],"wp:attachment":[{"href":"https:\/\/mihalca.de\/pl\/wp-json\/wp\/v2\/media?parent=3652"}],"curies":[{"name":"wp","href":"https:\/\/api.w.org\/{rel}","templated":true}]}}