{"id":3677,"date":"2025-01-14T19:52:08","date_gmt":"2025-01-14T18:52:08","guid":{"rendered":"https:\/\/mihalca.de\/?page_id=3677"},"modified":"2025-01-20T12:34:49","modified_gmt":"2025-01-20T11:34:49","slug":"agb","status":"publish","type":"page","link":"https:\/\/mihalca.de\/it\/agb\/","title":{"rendered":"AGB"},"content":{"rendered":"<div data-elementor-type=\"wp-page\" data-elementor-id=\"3677\" class=\"elementor elementor-3677\" data-elementor-post-type=\"page\">\n\t\t\t\t<div class=\"elementor-element elementor-element-29b341a e-con-full e-flex e-con e-parent\" data-id=\"29b341a\" data-element_type=\"container\">\n\t\t<div class=\"elementor-element elementor-element-e8b4eb0 animated-fast e-flex e-con-boxed elementor-invisible e-con e-child\" data-id=\"e8b4eb0\" data-element_type=\"container\" data-settings=\"{&quot;background_background&quot;:&quot;classic&quot;,&quot;animation&quot;:&quot;fadeIn&quot;}\">\n\t\t\t\t\t<div class=\"e-con-inner\">\n\t\t<div class=\"elementor-element elementor-element-a1ef2e4 e-con-full e-flex e-con e-child\" data-id=\"a1ef2e4\" data-element_type=\"container\">\n\t\t\t\t<div class=\"elementor-element elementor-element-fc7c128 elementor-widget elementor-widget-heading\" data-id=\"fc7c128\" data-element_type=\"widget\" data-widget_type=\"heading.default\">\n\t\t\t\t<div class=\"elementor-widget-container\">\n\t\t\t\t\t<h1 class=\"elementor-heading-title elementor-size-default\">Allgemeine<br>Gesch\u00e4fts<br>bedingungen<span style=\"color: #BC1923\">.<\/span>\n<\/h1>\t\t\t\t<\/div>\n\t\t\t\t<\/div>\n\t\t\t\t<\/div>\n\t\t\t\t\t<\/div>\n\t\t\t\t<\/div>\n\t\t\t\t<\/div>\n\t\t<div class=\"elementor-element elementor-element-ad389db e-flex e-con-boxed e-con e-parent\" data-id=\"ad389db\" data-element_type=\"container\">\n\t\t\t\t\t<div class=\"e-con-inner\">\n\t\t<div class=\"elementor-element elementor-element-ca0fc7a e-con-full e-flex e-con e-child\" data-id=\"ca0fc7a\" data-element_type=\"container\">\n\t\t<div class=\"elementor-element elementor-element-6e4fc22 e-con-full e-flex e-con e-child\" data-id=\"6e4fc22\" data-element_type=\"container\">\n\t\t<div class=\"elementor-element elementor-element-f29ace0 e-con-full e-flex e-con e-child\" data-id=\"f29ace0\" data-element_type=\"container\" data-settings=\"{&quot;background_background&quot;:&quot;classic&quot;}\">\n\t\t\t\t<div class=\"elementor-element elementor-element-d44e88a elementor-widget elementor-widget-image\" data-id=\"d44e88a\" data-element_type=\"widget\" data-widget_type=\"image.default\">\n\t\t\t\t<div class=\"elementor-widget-container\">\n\t\t\t\t\t\t\t\t\t\t\t\t\t\t\t<img fetchpriority=\"high\" decoding=\"async\" width=\"800\" height=\"213\" src=\"https:\/\/mihalca.de\/wp-content\/uploads\/2025\/01\/2-1024x273.png\" class=\"attachment-large size-large wp-image-2525\" alt=\"\" srcset=\"https:\/\/mihalca.de\/wp-content\/uploads\/2025\/01\/2-1024x273.png 1024w, https:\/\/mihalca.de\/wp-content\/uploads\/2025\/01\/2-300x80.png 300w, https:\/\/mihalca.de\/wp-content\/uploads\/2025\/01\/2-768x205.png 768w, https:\/\/mihalca.de\/wp-content\/uploads\/2025\/01\/2.png 1125w\" sizes=\"(max-width: 800px) 100vw, 800px\" \/>\t\t\t\t\t\t\t\t\t\t\t\t\t\t\t<\/div>\n\t\t\t\t<\/div>\n\t\t\t\t<div class=\"elementor-element elementor-element-f68929e elementor-widget elementor-widget-heading\" data-id=\"f68929e\" data-element_type=\"widget\" data-widget_type=\"heading.default\">\n\t\t\t\t<div class=\"elementor-widget-container\">\n\t\t\t\t\t<h2 class=\"elementor-heading-title elementor-size-default\">Allgemeine Gesch\u00e4fts<br>bedingungen (AGB) der Mihalca Homes GmbH<span style=\"color: #BC1923\">.<\/span><\/h2>\t\t\t\t<\/div>\n\t\t\t\t<\/div>\n\t\t\t\t<\/div>\n\t\t\t\t<\/div>\n\t\t\t\t<\/div>\n\t\t<div class=\"elementor-element elementor-element-3257e76 e-con-full e-flex e-con e-child\" data-id=\"3257e76\" data-element_type=\"container\">\n\t\t<div class=\"elementor-element elementor-element-3925b87 e-con-full e-flex e-con e-child\" data-id=\"3925b87\" data-element_type=\"container\" data-settings=\"{&quot;background_background&quot;:&quot;classic&quot;}\">\n\t\t\t\t<div class=\"elementor-element elementor-element-b2bc5c3 elementor-widget elementor-widget-heading\" data-id=\"b2bc5c3\" data-element_type=\"widget\" data-widget_type=\"heading.default\">\n\t\t\t\t<div class=\"elementor-widget-container\">\n\t\t\t\t\t<h2 class=\"elementor-heading-title elementor-size-default\">1. Geltungsbereich<span style=\"color: #BC1923\">.<\/span><\/h2>\t\t\t\t<\/div>\n\t\t\t\t<\/div>\n\t\t\t\t<div class=\"elementor-element elementor-element-4f89079 elementor-widget elementor-widget-text-editor\" data-id=\"4f89079\" data-element_type=\"widget\" data-widget_type=\"text-editor.default\">\n\t\t\t\t<div class=\"elementor-widget-container\">\n\t\t\t\t\t\t\t\t\t<p data-pm-slice=\"1 1 []\">Diese Allgemeinen Gesch\u00e4ftsbedingungen (AGB) gelten f\u00fcr alle Vertr\u00e4ge, die zwischen der Mihalca Homes GmbH, Peter-Henlein-Str. 13, 89312 G\u00fcnzburg (nachfolgend &#8222;Anbieter&#8220;) und ihren Kunden geschlossen werden. Dazu z\u00e4hlen insbesondere Maklervertr\u00e4ge, Mietvertr\u00e4ge und Kaufvertr\u00e4ge \u00fcber Immobilien.<\/p>\t\t\t\t\t\t\t\t<\/div>\n\t\t\t\t<\/div>\n\t\t\t\t<\/div>\n\t\t<div class=\"elementor-element elementor-element-9d0c238 e-con-full e-flex e-con e-child\" data-id=\"9d0c238\" data-element_type=\"container\" data-settings=\"{&quot;background_background&quot;:&quot;classic&quot;}\">\n\t\t\t\t<div class=\"elementor-element elementor-element-82be7ef elementor-widget elementor-widget-heading\" data-id=\"82be7ef\" data-element_type=\"widget\" data-widget_type=\"heading.default\">\n\t\t\t\t<div class=\"elementor-widget-container\">\n\t\t\t\t\t<h2 class=\"elementor-heading-title elementor-size-default\">2. Vertragsabschluss<span style=\"color: #BC1923\">.<\/span><\/h2>\t\t\t\t<\/div>\n\t\t\t\t<\/div>\n\t\t\t\t<div class=\"elementor-element elementor-element-24fd040 elementor-widget elementor-widget-text-editor\" data-id=\"24fd040\" data-element_type=\"widget\" data-widget_type=\"text-editor.default\">\n\t\t\t\t<div class=\"elementor-widget-container\">\n\t\t\t\t\t\t\t\t\t<p data-pm-slice=\"1 1 []\">Ein Vertrag kommt zustande, sobald beide Parteien eine schriftliche Vereinbarung getroffen haben. Die Annahme kann schriftlich, elektronisch oder m\u00fcndlich erfolgen. Der Kunde erkl\u00e4rt sich mit den vorliegenden AGB einverstanden.<\/p>\t\t\t\t\t\t\t\t<\/div>\n\t\t\t\t<\/div>\n\t\t\t\t<\/div>\n\t\t<div class=\"elementor-element elementor-element-6d92e92 e-con-full e-flex e-con e-child\" data-id=\"6d92e92\" data-element_type=\"container\" data-settings=\"{&quot;background_background&quot;:&quot;classic&quot;}\">\n\t\t\t\t<div class=\"elementor-element elementor-element-0f430f6 elementor-widget elementor-widget-heading\" data-id=\"0f430f6\" data-element_type=\"widget\" data-widget_type=\"heading.default\">\n\t\t\t\t<div class=\"elementor-widget-container\">\n\t\t\t\t\t<h2 class=\"elementor-heading-title elementor-size-default\">3. Leistungen des Anbieters<span style=\"color: #BC1923\">.<\/span><\/h2>\t\t\t\t<\/div>\n\t\t\t\t<\/div>\n\t\t\t\t<div class=\"elementor-element elementor-element-1a23c52 elementor-widget elementor-widget-text-editor\" data-id=\"1a23c52\" data-element_type=\"widget\" data-widget_type=\"text-editor.default\">\n\t\t\t\t<div class=\"elementor-widget-container\">\n\t\t\t\t\t\t\t\t\t<p data-pm-slice=\"1 3 []\">Der Anbieter erbringt folgende Dienstleistungen:<\/p><ul data-spread=\"false\"><li><p>Vermittlung von Immobilien (Maklervertr\u00e4ge)<\/p><\/li><li><p>Abschluss von Mietvertr\u00e4gen<\/p><\/li><li><p>Vermittlung und Verkauf von Immobilien<\/p><\/li><\/ul>\t\t\t\t\t\t\t\t<\/div>\n\t\t\t\t<\/div>\n\t\t\t\t<\/div>\n\t\t\t\t<\/div>\n\t\t<div class=\"elementor-element elementor-element-8456933 e-con-full e-flex e-con e-child\" data-id=\"8456933\" data-element_type=\"container\">\n\t\t<div class=\"elementor-element elementor-element-2a110f9 e-con-full e-flex e-con e-child\" data-id=\"2a110f9\" data-element_type=\"container\" data-settings=\"{&quot;background_background&quot;:&quot;classic&quot;}\">\n\t\t\t\t<div class=\"elementor-element elementor-element-05a2ce6 elementor-widget elementor-widget-heading\" data-id=\"05a2ce6\" data-element_type=\"widget\" data-widget_type=\"heading.default\">\n\t\t\t\t<div class=\"elementor-widget-container\">\n\t\t\t\t\t<h2 class=\"elementor-heading-title elementor-size-default\">4. Verg\u00fctung<span style=\"color: #BC1923\">.<\/span><\/h2>\t\t\t\t<\/div>\n\t\t\t\t<\/div>\n\t\t\t\t<div class=\"elementor-element elementor-element-6a01d83 elementor-widget elementor-widget-text-editor\" data-id=\"6a01d83\" data-element_type=\"widget\" data-widget_type=\"text-editor.default\">\n\t\t\t\t<div class=\"elementor-widget-container\">\n\t\t\t\t\t\t\t\t\t<p data-pm-slice=\"1 1 []\">F\u00fcr die erbrachten Dienstleistungen wird eine Provision vereinbart, die vertraglich geregelt wird. Die Provision ist mit Abschluss des Vertrages f\u00e4llig.<\/p>\t\t\t\t\t\t\t\t<\/div>\n\t\t\t\t<\/div>\n\t\t\t\t<\/div>\n\t\t<div class=\"elementor-element elementor-element-3d0a772 e-con-full e-flex e-con e-child\" data-id=\"3d0a772\" data-element_type=\"container\" data-settings=\"{&quot;background_background&quot;:&quot;classic&quot;}\">\n\t\t\t\t<div class=\"elementor-element elementor-element-6fda15a elementor-widget elementor-widget-heading\" data-id=\"6fda15a\" data-element_type=\"widget\" data-widget_type=\"heading.default\">\n\t\t\t\t<div class=\"elementor-widget-container\">\n\t\t\t\t\t<h2 class=\"elementor-heading-title elementor-size-default\">5. Zahlungs<br>bedingungen<span style=\"color: #BC1923\">.<\/span><\/h2>\t\t\t\t<\/div>\n\t\t\t\t<\/div>\n\t\t\t\t<div class=\"elementor-element elementor-element-cb155d3 elementor-widget elementor-widget-text-editor\" data-id=\"cb155d3\" data-element_type=\"widget\" data-widget_type=\"text-editor.default\">\n\t\t\t\t<div class=\"elementor-widget-container\">\n\t\t\t\t\t\t\t\t\t<p data-pm-slice=\"1 1 []\">Die vereinbarte Verg\u00fctung ist innerhalb von 14 Tagen nach Rechnungsstellung zu zahlen. Bei Zahlungsverzug beh\u00e4lt sich der Anbieter das Recht vor, Verzugszinsen in H\u00f6he von 5 % \u00fcber dem jeweiligen Basiszinssatz zu verlangen.<\/p>\t\t\t\t\t\t\t\t<\/div>\n\t\t\t\t<\/div>\n\t\t\t\t<\/div>\n\t\t<div class=\"elementor-element elementor-element-567376f e-con-full e-flex e-con e-child\" data-id=\"567376f\" data-element_type=\"container\" data-settings=\"{&quot;background_background&quot;:&quot;classic&quot;}\">\n\t\t\t\t<div class=\"elementor-element elementor-element-0232b96 elementor-widget elementor-widget-heading\" data-id=\"0232b96\" data-element_type=\"widget\" data-widget_type=\"heading.default\">\n\t\t\t\t<div class=\"elementor-widget-container\">\n\t\t\t\t\t<h2 class=\"elementor-heading-title elementor-size-default\">6. Haftung<span style=\"color: #BC1923\">.<\/span><\/h2>\t\t\t\t<\/div>\n\t\t\t\t<\/div>\n\t\t\t\t<div class=\"elementor-element elementor-element-2c480db elementor-widget elementor-widget-text-editor\" data-id=\"2c480db\" data-element_type=\"widget\" data-widget_type=\"text-editor.default\">\n\t\t\t\t<div class=\"elementor-widget-container\">\n\t\t\t\t\t\t\t\t\t<p data-pm-slice=\"1 1 []\">Der Anbieter haftet nur f\u00fcr Sch\u00e4den, die auf vors\u00e4tzliche oder grob fahrl\u00e4ssige Pflichtverletzungen zur\u00fcckzuf\u00fchren sind. Eine Haftung f\u00fcr leichte Fahrl\u00e4ssigkeit ist ausgeschlossen, soweit keine wesentlichen Vertragspflichten betroffen sind.<\/p>\t\t\t\t\t\t\t\t<\/div>\n\t\t\t\t<\/div>\n\t\t\t\t<\/div>\n\t\t\t\t<\/div>\n\t\t<div class=\"elementor-element elementor-element-d1d74ee e-con-full e-flex e-con e-child\" data-id=\"d1d74ee\" data-element_type=\"container\">\n\t\t<div class=\"elementor-element elementor-element-457af15 e-con-full e-flex e-con e-child\" data-id=\"457af15\" data-element_type=\"container\" data-settings=\"{&quot;background_background&quot;:&quot;classic&quot;}\">\n\t\t\t\t<div class=\"elementor-element elementor-element-302161f elementor-widget elementor-widget-heading\" data-id=\"302161f\" data-element_type=\"widget\" data-widget_type=\"heading.default\">\n\t\t\t\t<div class=\"elementor-widget-container\">\n\t\t\t\t\t<h2 class=\"elementor-heading-title elementor-size-default\">7. Datenschutz<span style=\"color: #BC1923\">.<\/span><\/h2>\t\t\t\t<\/div>\n\t\t\t\t<\/div>\n\t\t\t\t<div class=\"elementor-element elementor-element-60ae3fd elementor-widget elementor-widget-text-editor\" data-id=\"60ae3fd\" data-element_type=\"widget\" data-widget_type=\"text-editor.default\">\n\t\t\t\t<div class=\"elementor-widget-container\">\n\t\t\t\t\t\t\t\t\t<p data-pm-slice=\"1 1 []\">Der Anbieter verpflichtet sich, die personenbezogenen Daten der Kunden vertraulich zu behandeln und gem\u00e4\u00df den geltenden Datenschutzgesetzen zu verarbeiten. Weitere Informationen finden Sie in unserer Datenschutzerkl\u00e4rung.<\/p>\t\t\t\t\t\t\t\t<\/div>\n\t\t\t\t<\/div>\n\t\t\t\t<\/div>\n\t\t<div class=\"elementor-element elementor-element-2ae0291 e-con-full e-flex e-con e-child\" data-id=\"2ae0291\" data-element_type=\"container\" data-settings=\"{&quot;background_background&quot;:&quot;classic&quot;}\">\n\t\t\t\t<div class=\"elementor-element elementor-element-341dc42 elementor-widget elementor-widget-heading\" data-id=\"341dc42\" data-element_type=\"widget\" data-widget_type=\"heading.default\">\n\t\t\t\t<div class=\"elementor-widget-container\">\n\t\t\t\t\t<h2 class=\"elementor-heading-title elementor-size-default\">8. Widerrufsrecht<span style=\"color: #BC1923\">.<\/span><\/h2>\t\t\t\t<\/div>\n\t\t\t\t<\/div>\n\t\t\t\t<div class=\"elementor-element elementor-element-857d338 elementor-widget elementor-widget-text-editor\" data-id=\"857d338\" data-element_type=\"widget\" data-widget_type=\"text-editor.default\">\n\t\t\t\t<div class=\"elementor-widget-container\">\n\t\t\t\t\t\t\t\t\t<p data-pm-slice=\"1 1 []\">Verbrauchern steht ein gesetzliches Widerrufsrecht zu. Details hierzu finden Sie in der Widerrufsbelehrung.<\/p>\t\t\t\t\t\t\t\t<\/div>\n\t\t\t\t<\/div>\n\t\t\t\t<\/div>\n\t\t<div class=\"elementor-element elementor-element-3c80c35 e-con-full e-flex e-con e-child\" data-id=\"3c80c35\" data-element_type=\"container\" data-settings=\"{&quot;background_background&quot;:&quot;classic&quot;}\">\n\t\t\t\t<div class=\"elementor-element elementor-element-559647e elementor-widget elementor-widget-heading\" data-id=\"559647e\" data-element_type=\"widget\" data-widget_type=\"heading.default\">\n\t\t\t\t<div class=\"elementor-widget-container\">\n\t\t\t\t\t<h2 class=\"elementor-heading-title elementor-size-default\">9. Vertragslaufzeit und K\u00fcndigung<span style=\"color: #BC1923\">.<\/span><\/h2>\t\t\t\t<\/div>\n\t\t\t\t<\/div>\n\t\t\t\t<div class=\"elementor-element elementor-element-5d076c3 elementor-widget elementor-widget-text-editor\" data-id=\"5d076c3\" data-element_type=\"widget\" data-widget_type=\"text-editor.default\">\n\t\t\t\t<div class=\"elementor-widget-container\">\n\t\t\t\t\t\t\t\t\t<p data-pm-slice=\"1 1 []\">Die Vertragslaufzeit und K\u00fcndigungsfristen richten sich nach den jeweils individuell geschlossenen Vertr\u00e4gen. Sofern keine andere Vereinbarung getroffen wurde, gilt eine K\u00fcndigungsfrist von drei Monaten zum Monatsende.<\/p>\t\t\t\t\t\t\t\t<\/div>\n\t\t\t\t<\/div>\n\t\t\t\t<\/div>\n\t\t\t\t<\/div>\n\t\t<div class=\"elementor-element elementor-element-1157180 e-con-full e-flex e-con e-child\" data-id=\"1157180\" data-element_type=\"container\">\n\t\t<div class=\"elementor-element elementor-element-73dbc42 e-con-full e-flex e-con e-child\" data-id=\"73dbc42\" data-element_type=\"container\" data-settings=\"{&quot;background_background&quot;:&quot;classic&quot;}\">\n\t\t\t\t<div class=\"elementor-element elementor-element-c34b1a7 elementor-widget elementor-widget-heading\" data-id=\"c34b1a7\" data-element_type=\"widget\" data-widget_type=\"heading.default\">\n\t\t\t\t<div class=\"elementor-widget-container\">\n\t\t\t\t\t<h2 class=\"elementor-heading-title elementor-size-default\">10. Schluss<br>bestimmungen<span style=\"color: #BC1923\">.<\/span><\/h2>\t\t\t\t<\/div>\n\t\t\t\t<\/div>\n\t\t\t\t<div class=\"elementor-element elementor-element-e1992bf elementor-widget elementor-widget-text-editor\" data-id=\"e1992bf\" data-element_type=\"widget\" data-widget_type=\"text-editor.default\">\n\t\t\t\t<div class=\"elementor-widget-container\">\n\t\t\t\t\t\t\t\t\t<p data-pm-slice=\"1 1 []\">Sollten einzelne Bestimmungen dieser AGB unwirksam sein oder werden, bleibt die G\u00fcltigkeit der \u00fcbrigen Bestimmungen unber\u00fchrt. Anstelle der unwirksamen Bestimmung tritt eine Regelung, die dem wirtschaftlichen Zweck der unwirksamen Bestimmung am n\u00e4chsten kommt.<\/p><p>Gerichtsstand f\u00fcr alle Streitigkeiten aus den Vertragsverh\u00e4ltnissen ist G\u00fcnzburg.<\/p><div>\u00a0<\/div>\t\t\t\t\t\t\t\t<\/div>\n\t\t\t\t<\/div>\n\t\t\t\t<\/div>\n\t\t<div class=\"elementor-element elementor-element-fddd2ce e-con-full e-flex e-con e-child\" data-id=\"fddd2ce\" data-element_type=\"container\" data-settings=\"{&quot;background_background&quot;:&quot;classic&quot;}\">\n\t\t\t\t<div class=\"elementor-element elementor-element-7f1b52d elementor-widget elementor-widget-image\" data-id=\"7f1b52d\" data-element_type=\"widget\" data-widget_type=\"image.default\">\n\t\t\t\t<div class=\"elementor-widget-container\">\n\t\t\t\t\t\t\t\t\t\t\t\t\t\t\t<img fetchpriority=\"high\" decoding=\"async\" width=\"800\" height=\"213\" src=\"https:\/\/mihalca.de\/wp-content\/uploads\/2025\/01\/2-1024x273.png\" class=\"attachment-large size-large wp-image-2525\" alt=\"\" srcset=\"https:\/\/mihalca.de\/wp-content\/uploads\/2025\/01\/2-1024x273.png 1024w, https:\/\/mihalca.de\/wp-content\/uploads\/2025\/01\/2-300x80.png 300w, https:\/\/mihalca.de\/wp-content\/uploads\/2025\/01\/2-768x205.png 768w, https:\/\/mihalca.de\/wp-content\/uploads\/2025\/01\/2.png 1125w\" sizes=\"(max-width: 800px) 100vw, 800px\" \/>\t\t\t\t\t\t\t\t\t\t\t\t\t\t\t<\/div>\n\t\t\t\t<\/div>\n\t\t\t\t<div class=\"elementor-element elementor-element-f77e6bf elementor-widget elementor-widget-heading\" data-id=\"f77e6bf\" data-element_type=\"widget\" data-widget_type=\"heading.default\">\n\t\t\t\t<div class=\"elementor-widget-container\">\n\t\t\t\t\t<h2 class=\"elementor-heading-title elementor-size-default\">Contattateci<span style=\"color: #BC1923\">.<\/span><\/h2>\t\t\t\t<\/div>\n\t\t\t\t<\/div>\n\t\t\t\t<div class=\"elementor-element elementor-element-05b8fbd elementor-widget elementor-widget-text-editor\" data-id=\"05b8fbd\" data-element_type=\"widget\" data-widget_type=\"text-editor.default\">\n\t\t\t\t<div class=\"elementor-widget-container\">\n\t\t\t\t\t\t\t\t\t<p data-pm-slice=\"1 1 []\">F\u00fcr alle Anfragen zum \u00a0wenden Sie sich bitte an:<\/p><p><strong>Mihalca Homes GmbH<\/strong><br \/>Peter-Henlein-Str. 13<br \/>89312 G\u00fcnzburg<br \/>e-mail: <a>welcome@mihalca.de<\/a><\/p><p data-pm-slice=\"1 1 []\">Stand: Januar 2025<\/p>\t\t\t\t\t\t\t\t<\/div>\n\t\t\t\t<\/div>\n\t\t\t\t<\/div>\n\t\t\t\t<\/div>\n\t\t\t\t\t<\/div>\n\t\t\t\t<\/div>\n\t\t\t\t<\/div>","protected":false},"excerpt":{"rendered":"<p>AllgemeineGesch\u00e4ftsbedingungen. Allgemeine Gesch\u00e4ftsbedingungen (AGB) der Mihalca Homes GmbH. 1. Geltungsbereich. Diese Allgemeinen Gesch\u00e4ftsbedingungen (AGB) gelten f\u00fcr alle Vertr\u00e4ge, die zwischen der Mihalca Homes GmbH, Peter-Henlein-Str. 13, 89312 G\u00fcnzburg (nachfolgend &#8222;Anbieter&#8220;) und ihren Kunden geschlossen werden. Dazu z\u00e4hlen insbesondere Maklervertr\u00e4ge, Mietvertr\u00e4ge und Kaufvertr\u00e4ge \u00fcber Immobilien. 2. Vertragsabschluss. Ein Vertrag kommt zustande, sobald beide Parteien eine schriftliche [&hellip;]<\/p>","protected":false},"author":2,"featured_media":0,"parent":0,"menu_order":0,"comment_status":"closed","ping_status":"closed","template":"","meta":{"_acf_changed":false,"footnotes":""},"class_list":["post-3677","page","type-page","status-publish","hentry"],"acf":[],"_links":{"self":[{"href":"https:\/\/mihalca.de\/it\/wp-json\/wp\/v2\/pages\/3677","targetHints":{"allow":["GET"]}}],"collection":[{"href":"https:\/\/mihalca.de\/it\/wp-json\/wp\/v2\/pages"}],"about":[{"href":"https:\/\/mihalca.de\/it\/wp-json\/wp\/v2\/types\/page"}],"author":[{"embeddable":true,"href":"https:\/\/mihalca.de\/it\/wp-json\/wp\/v2\/users\/2"}],"replies":[{"embeddable":true,"href":"https:\/\/mihalca.de\/it\/wp-json\/wp\/v2\/comments?post=3677"}],"version-history":[{"count":10,"href":"https:\/\/mihalca.de\/it\/wp-json\/wp\/v2\/pages\/3677\/revisions"}],"predecessor-version":[{"id":3986,"href":"https:\/\/mihalca.de\/it\/wp-json\/wp\/v2\/pages\/3677\/revisions\/3986"}],"wp:attachment":[{"href":"https:\/\/mihalca.de\/it\/wp-json\/wp\/v2\/media?parent=3677"}],"curies":[{"name":"wp","href":"https:\/\/api.w.org\/{rel}","templated":true}]}}