{"id":3664,"date":"2025-01-14T19:32:52","date_gmt":"2025-01-14T18:32:52","guid":{"rendered":"https:\/\/mihalca.de\/?page_id=3664"},"modified":"2025-01-20T12:33:58","modified_gmt":"2025-01-20T11:33:58","slug":"wiederrufsbelehrung","status":"publish","type":"page","link":"https:\/\/mihalca.de\/it\/politica-di-cancellazione\/","title":{"rendered":"Politica di cancellazione"},"content":{"rendered":"<div data-elementor-type=\"wp-page\" data-elementor-id=\"3664\" class=\"elementor elementor-3664\" data-elementor-post-type=\"page\">\n\t\t\t\t<div class=\"elementor-element elementor-element-065eb17 e-con-full e-flex e-con e-parent\" data-id=\"065eb17\" data-element_type=\"container\" data-settings=\"{&quot;background_background&quot;:&quot;classic&quot;}\">\n\t\t<div class=\"elementor-element elementor-element-e867578 animated-fast e-flex e-con-boxed elementor-invisible e-con e-child\" data-id=\"e867578\" data-element_type=\"container\" data-settings=\"{&quot;background_background&quot;:&quot;classic&quot;,&quot;animation&quot;:&quot;fadeIn&quot;}\">\n\t\t\t\t\t<div class=\"e-con-inner\">\n\t\t<div class=\"elementor-element elementor-element-9fa3082 e-con-full e-flex e-con e-child\" data-id=\"9fa3082\" data-element_type=\"container\">\n\t\t\t\t<div class=\"elementor-element elementor-element-408e3d3 elementor-widget elementor-widget-heading\" data-id=\"408e3d3\" data-element_type=\"widget\" data-widget_type=\"heading.default\">\n\t\t\t\t<div class=\"elementor-widget-container\">\n\t\t\t\t\t<h1 class=\"elementor-heading-title elementor-size-default\">Revoca<br>istruzione<span style=\"color: #BC1923\">.<\/span>\n<\/h1>\t\t\t\t<\/div>\n\t\t\t\t<\/div>\n\t\t\t\t<\/div>\n\t\t\t\t\t<\/div>\n\t\t\t\t<\/div>\n\t\t\t\t<\/div>\n\t\t<div class=\"elementor-element elementor-element-cc36bc0 e-flex e-con-boxed e-con e-parent\" data-id=\"cc36bc0\" data-element_type=\"container\">\n\t\t\t\t\t<div class=\"e-con-inner\">\n\t\t<div class=\"elementor-element elementor-element-8383464 e-con-full e-flex e-con e-child\" data-id=\"8383464\" data-element_type=\"container\">\n\t\t<div class=\"elementor-element elementor-element-a1077e3 e-con-full e-flex e-con e-child\" data-id=\"a1077e3\" data-element_type=\"container\" data-settings=\"{&quot;background_background&quot;:&quot;classic&quot;}\">\n\t\t\t\t<div class=\"elementor-element elementor-element-3993e4e elementor-widget elementor-widget-heading\" data-id=\"3993e4e\" data-element_type=\"widget\" data-widget_type=\"heading.default\">\n\t\t\t\t<div class=\"elementor-widget-container\">\n\t\t\t\t\t<h2 class=\"elementor-heading-title elementor-size-default\">1. diritto di cancellazione<span style=\"color: #BC1923\">.<\/span><\/h2>\t\t\t\t<\/div>\n\t\t\t\t<\/div>\n\t\t\t\t<div class=\"elementor-element elementor-element-8dd282e elementor-widget elementor-widget-text-editor\" data-id=\"8dd282e\" data-element_type=\"widget\" data-widget_type=\"text-editor.default\">\n\t\t\t\t<div class=\"elementor-widget-container\">\n\t\t\t\t\t\t\t\t\t<p data-pm-slice=\"1 1 []\">I consumatori hanno il diritto di recedere dal contratto stipulato entro quattordici giorni senza dover fornire motivazioni.<\/p><h3>Periodo di cancellazione<\/h3><p>Il termine di cancellazione \u00e8 di quattordici giorni dal giorno della stipula del contratto.<\/p><h3>Esercizio del diritto di recesso<\/h3><p>Per esercitare il diritto di cancellazione, \u00e8 necessario informare la societ\u00e0, il<\/p><p><strong>Mihalca Homes GmbH<\/strong><br \/>Peter-Henlein-Str. 13<br \/>89312 G\u00fcnzburg<br \/>Telefono: 0160 968 194 86<br \/>e-mail: <a>welcome@mihalca.de<\/a><\/p><p>della vostra decisione di recedere dal contratto con una dichiarazione inequivocabile (ad esempio, una lettera inviata per posta o per e-mail). \u00c8 possibile utilizzare il modello di modulo di recesso fornito di seguito, ma non \u00e8 obbligatorio.<\/p><p>Per rispettare il termine di cancellazione, \u00e8 sufficiente che il cliente invii la notifica di esercizio del diritto di cancellazione prima della scadenza del periodo di cancellazione.<\/p>\t\t\t\t\t\t\t\t<\/div>\n\t\t\t\t<\/div>\n\t\t\t\t<\/div>\n\t\t<div class=\"elementor-element elementor-element-eb704b7 e-con-full e-flex e-con e-child\" data-id=\"eb704b7\" data-element_type=\"container\" data-settings=\"{&quot;background_background&quot;:&quot;classic&quot;}\">\n\t\t\t\t<div class=\"elementor-element elementor-element-36b96a4 elementor-widget elementor-widget-heading\" data-id=\"36b96a4\" data-element_type=\"widget\" data-widget_type=\"heading.default\">\n\t\t\t\t<div class=\"elementor-widget-container\">\n\t\t\t\t\t<h2 class=\"elementor-heading-title elementor-size-default\">2. conseguenze dell'annullamento<span style=\"color: #BC1923\">.<\/span><\/h2>\t\t\t\t<\/div>\n\t\t\t\t<\/div>\n\t\t\t\t<div class=\"elementor-element elementor-element-2dcac8e elementor-widget elementor-widget-text-editor\" data-id=\"2dcac8e\" data-element_type=\"widget\" data-widget_type=\"text-editor.default\">\n\t\t\t\t<div class=\"elementor-widget-container\">\n\t\t\t\t\t\t\t\t\t<p data-pm-slice=\"1 1 []\">Se Lei recede dal presente contratto, Le rimborseremo tutti i pagamenti da Lei ricevuti, compresi i costi di consegna (ad eccezione dei costi supplementari derivanti dalla Sua scelta di un tipo di consegna diverso dal tipo meno costoso di consegna standard da noi offerto), senza indebito ritardo e in ogni caso non oltre 14 giorni dal giorno in cui siamo informati della Sua decisione di recedere dal presente contratto.<\/p><p>Per questo rimborso, utilizzeremo lo stesso mezzo di pagamento che avete utilizzato per la transazione originale, a meno che non sia stato espressamente concordato diversamente con voi; in nessun caso vi sar\u00e0 addebitato alcun costo per questo rimborso.<\/p>\t\t\t\t\t\t\t\t<\/div>\n\t\t\t\t<\/div>\n\t\t\t\t<\/div>\n\t\t\t\t<\/div>\n\t\t<div class=\"elementor-element elementor-element-8ef581f e-con-full e-flex e-con e-child\" data-id=\"8ef581f\" data-element_type=\"container\">\n\t\t<div class=\"elementor-element elementor-element-f16db7a e-con-full e-flex e-con e-child\" data-id=\"f16db7a\" data-element_type=\"container\" data-settings=\"{&quot;background_background&quot;:&quot;classic&quot;}\">\n\t\t\t\t<div class=\"elementor-element elementor-element-61406e2 elementor-widget elementor-widget-heading\" data-id=\"61406e2\" data-element_type=\"widget\" data-widget_type=\"heading.default\">\n\t\t\t\t<div class=\"elementor-widget-container\">\n\t\t\t\t\t<h2 class=\"elementor-heading-title elementor-size-default\">3. esclusione del diritto di recesso<span style=\"color: #BC1923\">.<\/span><\/h2>\t\t\t\t<\/div>\n\t\t\t\t<\/div>\n\t\t\t\t<div class=\"elementor-element elementor-element-63c140e elementor-widget elementor-widget-text-editor\" data-id=\"63c140e\" data-element_type=\"widget\" data-widget_type=\"text-editor.default\">\n\t\t\t\t<div class=\"elementor-widget-container\">\n\t\t\t\t\t\t\t\t\t<p data-pm-slice=\"1 3 []\">Il diritto di recesso non si applica ai seguenti contratti:<\/p><ul data-spread=\"false\"><li><p>Contratti per la fornitura di servizi in relazione a beni immobili, come i contratti di intermediazione, se l'imprenditore ha fornito il servizio nella sua interezza e ha iniziato a fornirlo solo dopo che il consumatore ha dato il suo consenso esplicito e allo stesso tempo ha confermato di essere a conoscenza del fatto che perder\u00e0 il diritto di recesso al momento del completo adempimento del contratto.<\/p><\/li><li><p>Contratti di locazione di immobili residenziali per scopi diversi dall'uso abitativo.<\/p><\/li><\/ul>\t\t\t\t\t\t\t\t<\/div>\n\t\t\t\t<\/div>\n\t\t\t\t<\/div>\n\t\t<div class=\"elementor-element elementor-element-afcecc4 e-con-full e-flex e-con e-child\" data-id=\"afcecc4\" data-element_type=\"container\" data-settings=\"{&quot;background_background&quot;:&quot;classic&quot;}\">\n\t\t\t\t<div class=\"elementor-element elementor-element-a4d1193 elementor-widget elementor-widget-heading\" data-id=\"a4d1193\" data-element_type=\"widget\" data-widget_type=\"heading.default\">\n\t\t\t\t<div class=\"elementor-widget-container\">\n\t\t\t\t\t<h2 class=\"elementor-heading-title elementor-size-default\">4. esempio di modulo di cancellazione<span style=\"color: #BC1923\">.<\/span><\/h2>\t\t\t\t<\/div>\n\t\t\t\t<\/div>\n\t\t\t\t<div class=\"elementor-element elementor-element-6b3d27c elementor-widget elementor-widget-text-editor\" data-id=\"6b3d27c\" data-element_type=\"widget\" data-widget_type=\"text-editor.default\">\n\t\t\t\t<div class=\"elementor-widget-container\">\n\t\t\t\t\t\t\t\t\t<p data-pm-slice=\"1 1 []\">Se si desidera annullare il contratto, si prega di compilare il presente modulo e di restituirlo:<\/p><p><strong>Mihalca Homes GmbH<\/strong><br \/>Peter-Henlein-Str. 13<br \/>89312 G\u00fcnzburg<br \/>e-mail: <a>welcome@mihalca.de<br \/><br \/><\/a><\/p><p>Con la presente io\/noi (*) revochiamo il contratto stipulato da me\/noi (*) per l'acquisto dei seguenti beni (*)\/la fornitura del seguente servizio (*)<\/p><p>Ordinato il (*)\/ricevuto il (*)<\/p><p>Nome del\/i consumatore\/i:<\/p><p>Indirizzo del\/i consumatore\/i:<\/p><p>Firma del\/i consumatore\/i (solo per la notifica su carta):<\/p><p>Data:<\/p><p>(*) Cancellare la dicitura appropriata.<\/p><p><a>\u00a0<\/a><\/p>\t\t\t\t\t\t\t\t<\/div>\n\t\t\t\t<\/div>\n\t\t\t\t<\/div>\n\t\t\t\t<\/div>\n\t\t<div class=\"elementor-element elementor-element-674ea51 e-con-full e-flex e-con e-child\" data-id=\"674ea51\" data-element_type=\"container\">\n\t\t<div class=\"elementor-element elementor-element-fe9d0bf e-con-full e-flex e-con e-child\" data-id=\"fe9d0bf\" data-element_type=\"container\" data-settings=\"{&quot;background_background&quot;:&quot;classic&quot;}\">\n\t\t\t\t<div class=\"elementor-element elementor-element-c2d6d46 elementor-widget elementor-widget-image\" data-id=\"c2d6d46\" data-element_type=\"widget\" data-widget_type=\"image.default\">\n\t\t\t\t<div class=\"elementor-widget-container\">\n\t\t\t\t\t\t\t\t\t\t\t\t\t\t\t<img fetchpriority=\"high\" decoding=\"async\" width=\"800\" height=\"213\" src=\"https:\/\/mihalca.de\/wp-content\/uploads\/2025\/01\/2-1024x273.png\" class=\"attachment-large size-large wp-image-2525\" alt=\"\" srcset=\"https:\/\/mihalca.de\/wp-content\/uploads\/2025\/01\/2-1024x273.png 1024w, https:\/\/mihalca.de\/wp-content\/uploads\/2025\/01\/2-300x80.png 300w, https:\/\/mihalca.de\/wp-content\/uploads\/2025\/01\/2-768x205.png 768w, https:\/\/mihalca.de\/wp-content\/uploads\/2025\/01\/2.png 1125w\" sizes=\"(max-width: 800px) 100vw, 800px\" \/>\t\t\t\t\t\t\t\t\t\t\t\t\t\t\t<\/div>\n\t\t\t\t<\/div>\n\t\t\t\t<div class=\"elementor-element elementor-element-97d690a elementor-widget elementor-widget-heading\" data-id=\"97d690a\" data-element_type=\"widget\" data-widget_type=\"heading.default\">\n\t\t\t\t<div class=\"elementor-widget-container\">\n\t\t\t\t\t<h2 class=\"elementor-heading-title elementor-size-default\">Contattateci<span style=\"color: #BC1923\">.<\/span><\/h2>\t\t\t\t<\/div>\n\t\t\t\t<\/div>\n\t\t\t\t<div class=\"elementor-element elementor-element-cfdb249 elementor-widget elementor-widget-text-editor\" data-id=\"cfdb249\" data-element_type=\"widget\" data-widget_type=\"text-editor.default\">\n\t\t\t\t<div class=\"elementor-widget-container\">\n\t\t\t\t\t\t\t\t\t<p data-pm-slice=\"1 1 []\">In caso di ulteriori domande sull'esercizio del diritto di recesso, non esitate a contattarci in qualsiasi momento.<\/p><p><strong>Mihalca Homes GmbH<\/strong><br \/>Peter-Henlein-Str. 13<br \/>89312 G\u00fcnzburg<br \/>e-mail: <a>welcome@mihalca.de<\/a><\/p>\t\t\t\t\t\t\t\t<\/div>\n\t\t\t\t<\/div>\n\t\t\t\t<\/div>\n\t\t\t\t<\/div>\n\t\t\t\t\t<\/div>\n\t\t\t\t<\/div>\n\t\t\t\t<\/div>","protected":false},"excerpt":{"rendered":"<p>Wiederrufsbelehrung. 1. Widerrufsrecht. Verbraucher haben das Recht, binnen vierzehn Tagen ohne Angabe von Gr\u00fcnden einen geschlossenen Vertrag zu widerrufen. Widerrufsfrist Die Widerrufsfrist betr\u00e4gt vierzehn Tage ab dem Tag des Vertragsabschlusses. Aus\u00fcbung des Widerrufsrechts Um Ihr Widerrufsrecht auszu\u00fcben, m\u00fcssen Sie uns, der Mihalca Homes GmbHPeter-Henlein-Str. 1389312 G\u00fcnzburgTelefon: 0160 968 194 86E-Mail: welcome@mihalca.de mittels einer eindeutigen Erkl\u00e4rung [&hellip;]<\/p>","protected":false},"author":2,"featured_media":0,"parent":0,"menu_order":0,"comment_status":"closed","ping_status":"closed","template":"","meta":{"_acf_changed":false,"footnotes":""},"class_list":["post-3664","page","type-page","status-publish","hentry"],"acf":[],"_links":{"self":[{"href":"https:\/\/mihalca.de\/it\/wp-json\/wp\/v2\/pages\/3664","targetHints":{"allow":["GET"]}}],"collection":[{"href":"https:\/\/mihalca.de\/it\/wp-json\/wp\/v2\/pages"}],"about":[{"href":"https:\/\/mihalca.de\/it\/wp-json\/wp\/v2\/types\/page"}],"author":[{"embeddable":true,"href":"https:\/\/mihalca.de\/it\/wp-json\/wp\/v2\/users\/2"}],"replies":[{"embeddable":true,"href":"https:\/\/mihalca.de\/it\/wp-json\/wp\/v2\/comments?post=3664"}],"version-history":[{"count":7,"href":"https:\/\/mihalca.de\/it\/wp-json\/wp\/v2\/pages\/3664\/revisions"}],"predecessor-version":[{"id":3983,"href":"https:\/\/mihalca.de\/it\/wp-json\/wp\/v2\/pages\/3664\/revisions\/3983"}],"wp:attachment":[{"href":"https:\/\/mihalca.de\/it\/wp-json\/wp\/v2\/media?parent=3664"}],"curies":[{"name":"wp","href":"https:\/\/api.w.org\/{rel}","templated":true}]}}