{"id":3652,"date":"2025-01-14T18:39:55","date_gmt":"2025-01-14T17:39:55","guid":{"rendered":"https:\/\/mihalca.de\/?page_id=3652"},"modified":"2025-01-20T12:32:16","modified_gmt":"2025-01-20T11:32:16","slug":"impressum","status":"publish","type":"page","link":"https:\/\/mihalca.de\/it\/impronta\/","title":{"rendered":"Impronta"},"content":{"rendered":"<div data-elementor-type=\"wp-page\" data-elementor-id=\"3652\" class=\"elementor elementor-3652\" data-elementor-post-type=\"page\">\n\t\t\t\t<div class=\"elementor-element elementor-element-6de1106 e-con-full e-flex e-con e-parent\" data-id=\"6de1106\" data-element_type=\"container\">\n\t\t<div class=\"elementor-element elementor-element-631431d animated-fast e-flex e-con-boxed elementor-invisible e-con e-child\" data-id=\"631431d\" data-element_type=\"container\" data-settings=\"{&quot;background_background&quot;:&quot;classic&quot;,&quot;animation&quot;:&quot;fadeIn&quot;}\">\n\t\t\t\t\t<div class=\"e-con-inner\">\n\t\t<div class=\"elementor-element elementor-element-c346e37 e-con-full e-flex e-con e-child\" data-id=\"c346e37\" data-element_type=\"container\">\n\t\t\t\t<div class=\"elementor-element elementor-element-3835795 elementor-widget elementor-widget-heading\" data-id=\"3835795\" data-element_type=\"widget\" data-widget_type=\"heading.default\">\n\t\t\t\t<div class=\"elementor-widget-container\">\n\t\t\t\t\t<h1 class=\"elementor-heading-title elementor-size-default\">Impronta<span style=\"color: #BC1923\">.<\/span>\n<\/h1>\t\t\t\t<\/div>\n\t\t\t\t<\/div>\n\t\t\t\t<\/div>\n\t\t\t\t\t<\/div>\n\t\t\t\t<\/div>\n\t\t\t\t<\/div>\n\t\t<div class=\"elementor-element elementor-element-fb32035 e-flex e-con-boxed e-con e-parent\" data-id=\"fb32035\" data-element_type=\"container\">\n\t\t\t\t\t<div class=\"e-con-inner\">\n\t\t<div class=\"elementor-element elementor-element-2b8490d e-con-full e-flex e-con e-child\" data-id=\"2b8490d\" data-element_type=\"container\">\n\t\t<div class=\"elementor-element elementor-element-5b3b029 e-con-full e-flex e-con e-child\" data-id=\"5b3b029\" data-element_type=\"container\" data-settings=\"{&quot;background_background&quot;:&quot;classic&quot;}\">\n\t\t\t\t<div class=\"elementor-element elementor-element-28da109 elementor-widget elementor-widget-image\" data-id=\"28da109\" data-element_type=\"widget\" data-widget_type=\"image.default\">\n\t\t\t\t<div class=\"elementor-widget-container\">\n\t\t\t\t\t\t\t\t\t\t\t\t\t\t\t<img decoding=\"async\" width=\"300\" height=\"80\" src=\"https:\/\/mihalca.de\/wp-content\/uploads\/2025\/01\/1-300x80.png\" class=\"attachment-medium size-medium wp-image-2524\" alt=\"\" srcset=\"https:\/\/mihalca.de\/wp-content\/uploads\/2025\/01\/1-300x80.png 300w, https:\/\/mihalca.de\/wp-content\/uploads\/2025\/01\/1-1024x273.png 1024w, https:\/\/mihalca.de\/wp-content\/uploads\/2025\/01\/1-768x205.png 768w, https:\/\/mihalca.de\/wp-content\/uploads\/2025\/01\/1.png 1125w\" sizes=\"(max-width: 300px) 100vw, 300px\" \/>\t\t\t\t\t\t\t\t\t\t\t\t\t\t\t<\/div>\n\t\t\t\t<\/div>\n\t\t\t\t<div class=\"elementor-element elementor-element-bbbc7f8 elementor-widget elementor-widget-text-editor\" data-id=\"bbbc7f8\" data-element_type=\"widget\" data-widget_type=\"text-editor.default\">\n\t\t\t\t<div class=\"elementor-widget-container\">\n\t\t\t\t\t\t\t\t\t<p><strong>Mihalca Homes GmbH\u00a0<\/strong><br \/>Peter-Henlein-Str. 13<br \/>89312 G\u00fcnzburg<\/p><p>Telefono: +49 (0) 160 968 194 86\u00a0<br \/>Telefono: +49 (0) 175 998 4332\u00a0<br \/>e-mail: <a href=\"mailto:welcome@mihalca.de\">welcome@mihalca.de<\/a><\/p><p>Amministratore delegato:<br \/>Marian Mihalca, Marcel Mihalca\u00a0<br \/>Forma giuridica: GmbH<br \/>Sede legale: G\u00fcnzburg, Tribunale di Memmingen\u00a0<br \/>HRB 20324<\/p>\t\t\t\t\t\t\t\t<\/div>\n\t\t\t\t<\/div>\n\t\t\t\t<\/div>\n\t\t<div class=\"elementor-element elementor-element-3abda01 e-con-full e-flex e-con e-child\" data-id=\"3abda01\" data-element_type=\"container\" data-settings=\"{&quot;background_background&quot;:&quot;classic&quot;}\">\n\t\t\t\t<div class=\"elementor-element elementor-element-f981987 elementor-hidden-mobile elementor-widget elementor-widget-spacer\" data-id=\"f981987\" data-element_type=\"widget\" data-widget_type=\"spacer.default\">\n\t\t\t\t<div class=\"elementor-widget-container\">\n\t\t\t\t\t\t\t<div class=\"elementor-spacer\">\n\t\t\t<div class=\"elementor-spacer-inner\"><\/div>\n\t\t<\/div>\n\t\t\t\t\t\t<\/div>\n\t\t\t\t<\/div>\n\t\t\t\t<div class=\"elementor-element elementor-element-b787044 elementor-widget elementor-widget-text-editor\" data-id=\"b787044\" data-element_type=\"widget\" data-widget_type=\"text-editor.default\">\n\t\t\t\t<div class=\"elementor-widget-container\">\n\t\t\t\t\t\t\t\t\t<p><strong>Crediti d'immagine<\/strong><br \/>\u00a9 envato Elements\u00a0<br \/>Andreas Paulheim\u00a0<br \/>\u00a9 Adobe Stock<br \/>\u00a9 Pexles\u00a0<\/p><p>Ulteriori diritti di immagine, se non diversamente indicato, sono riportati nelle rispettive foto.<\/p><p><strong>Design del sito web<\/strong><br \/>Agenzia di design Alpha\u00a0<\/p><p>\u00a0<\/p>\t\t\t\t\t\t\t\t<\/div>\n\t\t\t\t<\/div>\n\t\t\t\t<\/div>\n\t\t\t\t<\/div>\n\t\t\t\t\t<\/div>\n\t\t\t\t<\/div>\n\t\t<div class=\"elementor-element elementor-element-cd2ad2a e-flex e-con-boxed e-con e-parent\" data-id=\"cd2ad2a\" data-element_type=\"container\">\n\t\t\t\t\t<div class=\"e-con-inner\">\n\t\t<div class=\"elementor-element elementor-element-ba06a4b e-con-full e-flex e-con e-child\" data-id=\"ba06a4b\" data-element_type=\"container\">\n\t\t<div class=\"elementor-element elementor-element-af267f2 e-con-full e-flex e-con e-child\" data-id=\"af267f2\" data-element_type=\"container\" data-settings=\"{&quot;background_background&quot;:&quot;classic&quot;}\">\n\t\t\t\t<div class=\"elementor-element elementor-element-ec79c84 elementor-widget elementor-widget-heading\" data-id=\"ec79c84\" data-element_type=\"widget\" data-widget_type=\"heading.default\">\n\t\t\t\t<div class=\"elementor-widget-container\">\n\t\t\t\t\t<h2 class=\"elementor-heading-title elementor-size-default\">Contenuto dell'offerta online<span style=\"color: #BC1923\">.<\/span><\/h2>\t\t\t\t<\/div>\n\t\t\t\t<\/div>\n\t\t\t\t<div class=\"elementor-element elementor-element-777f7b8 elementor-widget elementor-widget-text-editor\" data-id=\"777f7b8\" data-element_type=\"widget\" data-widget_type=\"text-editor.default\">\n\t\t\t\t<div class=\"elementor-widget-container\">\n\t\t\t\t\t\t\t\t\t<p>Il gestore non si assume alcuna responsabilit\u00e0 per l'attualit\u00e0, la correttezza, la completezza o la qualit\u00e0 delle informazioni fornite. Le richieste di responsabilit\u00e0 nei confronti del gestore relative a danni materiali o immateriali causati dall'utilizzo o dal mancato utilizzo delle informazioni fornite o dall'utilizzo di informazioni errate o incomplete sono fondamentalmente escluse, a meno che non si dimostri il dolo o la grave negligenza da parte del gestore. Tutte le offerte sono soggette a modifiche e non sono vincolanti.<br \/>Il gestore si riserva espressamente il diritto di modificare, integrare o cancellare parti delle pagine o l'intera offerta senza preavviso o di interrompere temporaneamente o definitivamente la pubblicazione.<\/p>\t\t\t\t\t\t\t\t<\/div>\n\t\t\t\t<\/div>\n\t\t\t\t<\/div>\n\t\t<div class=\"elementor-element elementor-element-e15b705 e-con-full e-flex e-con e-child\" data-id=\"e15b705\" data-element_type=\"container\" data-settings=\"{&quot;background_background&quot;:&quot;classic&quot;}\">\n\t\t\t\t<div class=\"elementor-element elementor-element-dc0fc24 elementor-widget elementor-widget-heading\" data-id=\"dc0fc24\" data-element_type=\"widget\" data-widget_type=\"heading.default\">\n\t\t\t\t<div class=\"elementor-widget-container\">\n\t\t\t\t\t<h2 class=\"elementor-heading-title elementor-size-default\">Riferimenti e link<span style=\"color: #BC1923\">.<\/span><\/h2>\t\t\t\t<\/div>\n\t\t\t\t<\/div>\n\t\t\t\t<div class=\"elementor-element elementor-element-e4cd320 elementor-widget elementor-widget-text-editor\" data-id=\"e4cd320\" data-element_type=\"widget\" data-widget_type=\"text-editor.default\">\n\t\t\t\t<div class=\"elementor-widget-container\">\n\t\t\t\t\t\t\t\t\t<p>In caso di rimandi diretti o indiretti a siti web esterni (\"hyperlink\") che esulano dall'ambito di responsabilit\u00e0 del gestore, l'obbligo di responsabilit\u00e0 entrerebbe in vigore solo nel caso in cui il gestore fosse a conoscenza dei contenuti e fosse tecnicamente possibile e ragionevole impedirne l'utilizzo in caso di contenuti illegali; il gestore dichiara espressamente che al momento della creazione dei link non erano riconoscibili contenuti illegali nelle pagine collegate. Il gestore non ha alcuna influenza sulla struttura, sul contenuto e sulla paternit\u00e0 attuale e futura delle pagine collegate. Pertanto, prende espressamente le distanze da tutti i contenuti di tutte le pagine collegate che sono stati modificati dopo la creazione del link. Questa dichiarazione vale per tutti i link e i riferimenti inseriti all'interno del sito web del gestore, nonch\u00e9 per le voci di terzi in libri degli ospiti, forum di discussione, elenchi di link, mailing list, weblog e tutte le altre forme di banche dati create dal gestore al cui contenuto \u00e8 possibile accedere in scrittura esterna. La responsabilit\u00e0 per i contenuti illegali, errati o incompleti e in particolare per i danni derivanti dall'utilizzo o dal mancato utilizzo di tali informazioni \u00e8 esclusivamente dell'offerente della pagina a cui si fa riferimento e non di chi si limita a rimandare alla rispettiva pubblicazione tramite link.<\/p>\t\t\t\t\t\t\t\t<\/div>\n\t\t\t\t<\/div>\n\t\t\t\t<\/div>\n\t\t\t\t<\/div>\n\t\t<div class=\"elementor-element elementor-element-3245e7e e-con-full e-flex e-con e-child\" data-id=\"3245e7e\" data-element_type=\"container\">\n\t\t<div class=\"elementor-element elementor-element-2827774 e-con-full e-flex e-con e-child\" data-id=\"2827774\" data-element_type=\"container\" data-settings=\"{&quot;background_background&quot;:&quot;classic&quot;}\">\n\t\t\t\t<div class=\"elementor-element elementor-element-3b47482 elementor-widget elementor-widget-heading\" data-id=\"3b47482\" data-element_type=\"widget\" data-widget_type=\"heading.default\">\n\t\t\t\t<div class=\"elementor-widget-container\">\n\t\t\t\t\t<h2 class=\"elementor-heading-title elementor-size-default\">Diritto d'autore e di etichettatura<span style=\"color: #BC1923\">.<\/span><\/h2>\t\t\t\t<\/div>\n\t\t\t\t<\/div>\n\t\t\t\t<div class=\"elementor-element elementor-element-f4d0cdb elementor-widget elementor-widget-text-editor\" data-id=\"f4d0cdb\" data-element_type=\"widget\" data-widget_type=\"text-editor.default\">\n\t\t\t\t<div class=\"elementor-widget-container\">\n\t\t\t\t\t\t\t\t\t<p>Il gestore si impegna a rispettare i diritti d'autore delle immagini, dei grafici, dei documenti sonori, delle sequenze video e dei testi utilizzati in tutte le pubblicazioni, a utilizzare immagini, grafici, documenti sonori, sequenze video e testi da lui stesso creati o a fare uso di grafici, documenti sonori, sequenze video e testi privi di licenza. Tutti i marchi e le marche citati sul sito web ed eventualmente protetti da terzi sono soggetti senza limitazioni alle disposizioni del diritto dei marchi in vigore e ai diritti di propriet\u00e0 dei rispettivi titolari registrati. La semplice menzione di un marchio non implica che esso non sia protetto da diritti di terzi! I diritti d'autore per gli oggetti pubblicati creati dall'operatore stesso restano di sua esclusiva competenza. La riproduzione o l'utilizzo di tali grafici, documenti sonori, sequenze video e testi in altre pubblicazioni elettroniche o stampate non \u00e8 consentita senza l'esplicito consenso del gestore.<\/p>\t\t\t\t\t\t\t\t<\/div>\n\t\t\t\t<\/div>\n\t\t\t\t<\/div>\n\t\t<div class=\"elementor-element elementor-element-caf8589 e-con-full e-flex e-con e-child\" data-id=\"caf8589\" data-element_type=\"container\" data-settings=\"{&quot;background_background&quot;:&quot;classic&quot;}\">\n\t\t\t\t<div class=\"elementor-element elementor-element-0f978af elementor-widget elementor-widget-heading\" data-id=\"0f978af\" data-element_type=\"widget\" data-widget_type=\"heading.default\">\n\t\t\t\t<div class=\"elementor-widget-container\">\n\t\t\t\t\t<h2 class=\"elementor-heading-title elementor-size-default\">Validit\u00e0 legale della presente clausola di esclusione della responsabilit\u00e0<span style=\"color: #BC1923\">.<\/span><\/h2>\t\t\t\t<\/div>\n\t\t\t\t<\/div>\n\t\t\t\t<div class=\"elementor-element elementor-element-0ef4a62 elementor-widget elementor-widget-text-editor\" data-id=\"0ef4a62\" data-element_type=\"widget\" data-widget_type=\"text-editor.default\">\n\t\t\t\t<div class=\"elementor-widget-container\">\n\t\t\t\t\t\t\t\t\t<p>La presente dichiarazione di non responsabilit\u00e0 deve essere considerata parte integrante della pubblicazione internet da cui siete stati indirizzati. Se sezioni o singoli termini di questa dichiarazione non sono legali o corretti, il contenuto o la validit\u00e0 delle altre parti non sono influenzati da questo fatto.<\/p>\t\t\t\t\t\t\t\t<\/div>\n\t\t\t\t<\/div>\n\t\t\t\t<\/div>\n\t\t\t\t<\/div>\n\t\t\t\t\t<\/div>\n\t\t\t\t<\/div>\n\t\t\t\t<\/div>","protected":false},"excerpt":{"rendered":"<p>Impressum. Mihalca Homes GmbH\u00a0Peter-Henlein-Str. 1389312 Gu\u0308nzburg Telefon: +49 (0) 160 968 194 86\u00a0Telefon: +49 (0) 175 998 4332\u00a0E-Mail: welcome@mihalca.de Gescha\u0308ftsfu\u0308hrer:Marian Mihalca, Marcel Mihalca\u00a0Rechtsform: GmbHSitz: Gu\u0308nzburg, Amtsgericht Memmingen\u00a0HRB 20324 Bildnachweise\u00a9 envato Elements\u00a0\u00a9 Andreas Paulheim\u00a0\u00a9 Adobe Stock\u00a9 Pexles\u00a0 Weitere Bildrechte, wenn nicht anders angegeben, im jeweiligen Foto ausgewiesen. Website-DesignAlpha Design Agency\u00a0 \u00a0 Inhalt des Online Angebotes. Der [&hellip;]<\/p>","protected":false},"author":2,"featured_media":0,"parent":0,"menu_order":0,"comment_status":"closed","ping_status":"closed","template":"","meta":{"_acf_changed":false,"footnotes":""},"class_list":["post-3652","page","type-page","status-publish","hentry"],"acf":[],"_links":{"self":[{"href":"https:\/\/mihalca.de\/it\/wp-json\/wp\/v2\/pages\/3652","targetHints":{"allow":["GET"]}}],"collection":[{"href":"https:\/\/mihalca.de\/it\/wp-json\/wp\/v2\/pages"}],"about":[{"href":"https:\/\/mihalca.de\/it\/wp-json\/wp\/v2\/types\/page"}],"author":[{"embeddable":true,"href":"https:\/\/mihalca.de\/it\/wp-json\/wp\/v2\/users\/2"}],"replies":[{"embeddable":true,"href":"https:\/\/mihalca.de\/it\/wp-json\/wp\/v2\/comments?post=3652"}],"version-history":[{"count":10,"href":"https:\/\/mihalca.de\/it\/wp-json\/wp\/v2\/pages\/3652\/revisions"}],"predecessor-version":[{"id":3977,"href":"https:\/\/mihalca.de\/it\/wp-json\/wp\/v2\/pages\/3652\/revisions\/3977"}],"wp:attachment":[{"href":"https:\/\/mihalca.de\/it\/wp-json\/wp\/v2\/media?parent=3652"}],"curies":[{"name":"wp","href":"https:\/\/api.w.org\/{rel}","templated":true}]}}