{"id":3677,"date":"2025-01-14T19:52:08","date_gmt":"2025-01-14T18:52:08","guid":{"rendered":"https:\/\/mihalca.de\/?page_id=3677"},"modified":"2025-01-20T12:34:49","modified_gmt":"2025-01-20T11:34:49","slug":"agb","status":"publish","type":"page","link":"https:\/\/mihalca.de\/cs\/agb\/","title":{"rendered":"AGB"},"content":{"rendered":"<div data-elementor-type=\"wp-page\" data-elementor-id=\"3677\" class=\"elementor elementor-3677\" data-elementor-post-type=\"page\">\n\t\t\t\t<div class=\"elementor-element elementor-element-29b341a e-con-full e-flex e-con e-parent\" data-id=\"29b341a\" data-element_type=\"container\">\n\t\t<div class=\"elementor-element elementor-element-e8b4eb0 animated-fast e-flex e-con-boxed elementor-invisible e-con e-child\" data-id=\"e8b4eb0\" data-element_type=\"container\" data-settings=\"{&quot;background_background&quot;:&quot;classic&quot;,&quot;animation&quot;:&quot;fadeIn&quot;}\">\n\t\t\t\t\t<div class=\"e-con-inner\">\n\t\t<div class=\"elementor-element elementor-element-a1ef2e4 e-con-full e-flex e-con e-child\" data-id=\"a1ef2e4\" data-element_type=\"container\">\n\t\t\t\t<div class=\"elementor-element elementor-element-fc7c128 elementor-widget elementor-widget-heading\" data-id=\"fc7c128\" data-element_type=\"widget\" data-widget_type=\"heading.default\">\n\t\t\t\t<div class=\"elementor-widget-container\">\n\t\t\t\t\t<h1 class=\"elementor-heading-title elementor-size-default\">Obecn\u00e9<br>Obchodn\u00ed<br>podm\u00ednky<span style=\"color: #BC1923\">.<\/span>\n<\/h1>\t\t\t\t<\/div>\n\t\t\t\t<\/div>\n\t\t\t\t<\/div>\n\t\t\t\t\t<\/div>\n\t\t\t\t<\/div>\n\t\t\t\t<\/div>\n\t\t<div class=\"elementor-element elementor-element-ad389db e-flex e-con-boxed e-con e-parent\" data-id=\"ad389db\" data-element_type=\"container\">\n\t\t\t\t\t<div class=\"e-con-inner\">\n\t\t<div class=\"elementor-element elementor-element-ca0fc7a e-con-full e-flex e-con e-child\" data-id=\"ca0fc7a\" data-element_type=\"container\">\n\t\t<div class=\"elementor-element elementor-element-6e4fc22 e-con-full e-flex e-con e-child\" data-id=\"6e4fc22\" data-element_type=\"container\">\n\t\t<div class=\"elementor-element elementor-element-f29ace0 e-con-full e-flex e-con e-child\" data-id=\"f29ace0\" data-element_type=\"container\" data-settings=\"{&quot;background_background&quot;:&quot;classic&quot;}\">\n\t\t\t\t<div class=\"elementor-element elementor-element-d44e88a elementor-widget elementor-widget-image\" data-id=\"d44e88a\" data-element_type=\"widget\" data-widget_type=\"image.default\">\n\t\t\t\t<div class=\"elementor-widget-container\">\n\t\t\t\t\t\t\t\t\t\t\t\t\t\t\t<img fetchpriority=\"high\" decoding=\"async\" width=\"800\" height=\"213\" src=\"https:\/\/mihalca.de\/wp-content\/uploads\/2025\/01\/2-1024x273.png\" class=\"attachment-large size-large wp-image-2525\" alt=\"\" srcset=\"https:\/\/mihalca.de\/wp-content\/uploads\/2025\/01\/2-1024x273.png 1024w, https:\/\/mihalca.de\/wp-content\/uploads\/2025\/01\/2-300x80.png 300w, https:\/\/mihalca.de\/wp-content\/uploads\/2025\/01\/2-768x205.png 768w, https:\/\/mihalca.de\/wp-content\/uploads\/2025\/01\/2.png 1125w\" sizes=\"(max-width: 800px) 100vw, 800px\" \/>\t\t\t\t\t\t\t\t\t\t\t\t\t\t\t<\/div>\n\t\t\t\t<\/div>\n\t\t\t\t<div class=\"elementor-element elementor-element-f68929e elementor-widget elementor-widget-heading\" data-id=\"f68929e\" data-element_type=\"widget\" data-widget_type=\"heading.default\">\n\t\t\t\t<div class=\"elementor-widget-container\">\n\t\t\t\t\t<h2 class=\"elementor-heading-title elementor-size-default\">Obecn\u00e9 z\u00e1le\u017eitosti<br>Obchodn\u00ed podm\u00ednky (VOP) spole\u010dnosti Mihalca Homes GmbH<span style=\"color: #BC1923\">.<\/span><\/h2>\t\t\t\t<\/div>\n\t\t\t\t<\/div>\n\t\t\t\t<\/div>\n\t\t\t\t<\/div>\n\t\t\t\t<\/div>\n\t\t<div class=\"elementor-element elementor-element-3257e76 e-con-full e-flex e-con e-child\" data-id=\"3257e76\" data-element_type=\"container\">\n\t\t<div class=\"elementor-element elementor-element-3925b87 e-con-full e-flex e-con e-child\" data-id=\"3925b87\" data-element_type=\"container\" data-settings=\"{&quot;background_background&quot;:&quot;classic&quot;}\">\n\t\t\t\t<div class=\"elementor-element elementor-element-b2bc5c3 elementor-widget elementor-widget-heading\" data-id=\"b2bc5c3\" data-element_type=\"widget\" data-widget_type=\"heading.default\">\n\t\t\t\t<div class=\"elementor-widget-container\">\n\t\t\t\t\t<h2 class=\"elementor-heading-title elementor-size-default\">1. rozsah pou\u017eit\u00ed<span style=\"color: #BC1923\">.<\/span><\/h2>\t\t\t\t<\/div>\n\t\t\t\t<\/div>\n\t\t\t\t<div class=\"elementor-element elementor-element-4f89079 elementor-widget elementor-widget-text-editor\" data-id=\"4f89079\" data-element_type=\"widget\" data-widget_type=\"text-editor.default\">\n\t\t\t\t<div class=\"elementor-widget-container\">\n\t\t\t\t\t\t\t\t\t<p data-pm-slice=\"1 1 []\">Tyto v\u0161eobecn\u00e9 obchodn\u00ed podm\u00ednky (VOP) se vztahuj\u00ed na v\u0161echny smlouvy uzav\u0159en\u00e9 mezi spole\u010dnost\u00ed Mihalca Homes GmbH, Peter-Henlein-Str. 13, 89312 G\u00fcnzburg (d\u00e1le jen \"poskytovatel\") a jej\u00edmi z\u00e1kazn\u00edky. Jedn\u00e1 se zejm\u00e9na o zprost\u0159edkovatelsk\u00e9 smlouvy, n\u00e1jemn\u00ed smlouvy a smlouvy o koupi nemovitosti.<\/p>\t\t\t\t\t\t\t\t<\/div>\n\t\t\t\t<\/div>\n\t\t\t\t<\/div>\n\t\t<div class=\"elementor-element elementor-element-9d0c238 e-con-full e-flex e-con e-child\" data-id=\"9d0c238\" data-element_type=\"container\" data-settings=\"{&quot;background_background&quot;:&quot;classic&quot;}\">\n\t\t\t\t<div class=\"elementor-element elementor-element-82be7ef elementor-widget elementor-widget-heading\" data-id=\"82be7ef\" data-element_type=\"widget\" data-widget_type=\"heading.default\">\n\t\t\t\t<div class=\"elementor-widget-container\">\n\t\t\t\t\t<h2 class=\"elementor-heading-title elementor-size-default\">2. uzav\u0159en\u00ed smlouvy<span style=\"color: #BC1923\">.<\/span><\/h2>\t\t\t\t<\/div>\n\t\t\t\t<\/div>\n\t\t\t\t<div class=\"elementor-element elementor-element-24fd040 elementor-widget elementor-widget-text-editor\" data-id=\"24fd040\" data-element_type=\"widget\" data-widget_type=\"text-editor.default\">\n\t\t\t\t<div class=\"elementor-widget-container\">\n\t\t\t\t\t\t\t\t\t<p data-pm-slice=\"1 1 []\">Smlouva je uzav\u0159ena, jakmile ob\u011b strany dos\u00e1hnou p\u00edsemn\u00e9 dohody. Akceptace m\u016f\u017ee b\u00fdt provedena p\u00edsemn\u011b, elektronicky nebo \u00fastn\u011b. Z\u00e1kazn\u00edk souhlas\u00ed s t\u011bmito VOP.<\/p>\t\t\t\t\t\t\t\t<\/div>\n\t\t\t\t<\/div>\n\t\t\t\t<\/div>\n\t\t<div class=\"elementor-element elementor-element-6d92e92 e-con-full e-flex e-con e-child\" data-id=\"6d92e92\" data-element_type=\"container\" data-settings=\"{&quot;background_background&quot;:&quot;classic&quot;}\">\n\t\t\t\t<div class=\"elementor-element elementor-element-0f430f6 elementor-widget elementor-widget-heading\" data-id=\"0f430f6\" data-element_type=\"widget\" data-widget_type=\"heading.default\">\n\t\t\t\t<div class=\"elementor-widget-container\">\n\t\t\t\t\t<h2 class=\"elementor-heading-title elementor-size-default\">3. slu\u017eby poskytovatele<span style=\"color: #BC1923\">.<\/span><\/h2>\t\t\t\t<\/div>\n\t\t\t\t<\/div>\n\t\t\t\t<div class=\"elementor-element elementor-element-1a23c52 elementor-widget elementor-widget-text-editor\" data-id=\"1a23c52\" data-element_type=\"widget\" data-widget_type=\"text-editor.default\">\n\t\t\t\t<div class=\"elementor-widget-container\">\n\t\t\t\t\t\t\t\t\t<p data-pm-slice=\"1 3 []\">Poskytovatel poskytuje tyto slu\u017eby:<\/p><ul data-spread=\"false\"><li><p>Zprost\u0159edkov\u00e1n\u00ed nemovitost\u00ed (zprost\u0159edkovatelsk\u00e9 smlouvy)<\/p><\/li><li><p>Uzav\u00edr\u00e1n\u00ed n\u00e1jemn\u00edch smluv<\/p><\/li><li><p>Zprost\u0159edkov\u00e1n\u00ed a prodej nemovitost\u00ed<\/p><\/li><\/ul>\t\t\t\t\t\t\t\t<\/div>\n\t\t\t\t<\/div>\n\t\t\t\t<\/div>\n\t\t\t\t<\/div>\n\t\t<div class=\"elementor-element elementor-element-8456933 e-con-full e-flex e-con e-child\" data-id=\"8456933\" data-element_type=\"container\">\n\t\t<div class=\"elementor-element elementor-element-2a110f9 e-con-full e-flex e-con e-child\" data-id=\"2a110f9\" data-element_type=\"container\" data-settings=\"{&quot;background_background&quot;:&quot;classic&quot;}\">\n\t\t\t\t<div class=\"elementor-element elementor-element-05a2ce6 elementor-widget elementor-widget-heading\" data-id=\"05a2ce6\" data-element_type=\"widget\" data-widget_type=\"heading.default\">\n\t\t\t\t<div class=\"elementor-widget-container\">\n\t\t\t\t\t<h2 class=\"elementor-heading-title elementor-size-default\">4. odm\u011bna<span style=\"color: #BC1923\">.<\/span><\/h2>\t\t\t\t<\/div>\n\t\t\t\t<\/div>\n\t\t\t\t<div class=\"elementor-element elementor-element-6a01d83 elementor-widget elementor-widget-text-editor\" data-id=\"6a01d83\" data-element_type=\"widget\" data-widget_type=\"text-editor.default\">\n\t\t\t\t<div class=\"elementor-widget-container\">\n\t\t\t\t\t\t\t\t\t<p data-pm-slice=\"1 1 []\">Za poskytnut\u00e9 slu\u017eby je sjedn\u00e1na provize, kter\u00e1 je upravena ve smlouv\u011b. Provize je splatn\u00e1 p\u0159i uzav\u0159en\u00ed smlouvy.<\/p>\t\t\t\t\t\t\t\t<\/div>\n\t\t\t\t<\/div>\n\t\t\t\t<\/div>\n\t\t<div class=\"elementor-element elementor-element-3d0a772 e-con-full e-flex e-con e-child\" data-id=\"3d0a772\" data-element_type=\"container\" data-settings=\"{&quot;background_background&quot;:&quot;classic&quot;}\">\n\t\t\t\t<div class=\"elementor-element elementor-element-6fda15a elementor-widget elementor-widget-heading\" data-id=\"6fda15a\" data-element_type=\"widget\" data-widget_type=\"heading.default\">\n\t\t\t\t<div class=\"elementor-widget-container\">\n\t\t\t\t\t<h2 class=\"elementor-heading-title elementor-size-default\">5. platba<br>podm\u00ednky<span style=\"color: #BC1923\">.<\/span><\/h2>\t\t\t\t<\/div>\n\t\t\t\t<\/div>\n\t\t\t\t<div class=\"elementor-element elementor-element-cb155d3 elementor-widget elementor-widget-text-editor\" data-id=\"cb155d3\" data-element_type=\"widget\" data-widget_type=\"text-editor.default\">\n\t\t\t\t<div class=\"elementor-widget-container\">\n\t\t\t\t\t\t\t\t\t<p data-pm-slice=\"1 1 []\">Dohodnut\u00e1 odm\u011bna mus\u00ed b\u00fdt uhrazena do 14 dn\u016f od vystaven\u00ed faktury. V p\u0159\u00edpad\u011b prodlen\u00ed s \u00fahradou si poskytovatel vyhrazuje pr\u00e1vo \u00fa\u010dtovat \u00farok z prodlen\u00ed ve v\u00fd\u0161i 5 % nad p\u0159\u00edslu\u0161nou z\u00e1kladn\u00ed sazbu.<\/p>\t\t\t\t\t\t\t\t<\/div>\n\t\t\t\t<\/div>\n\t\t\t\t<\/div>\n\t\t<div class=\"elementor-element elementor-element-567376f e-con-full e-flex e-con e-child\" data-id=\"567376f\" data-element_type=\"container\" data-settings=\"{&quot;background_background&quot;:&quot;classic&quot;}\">\n\t\t\t\t<div class=\"elementor-element elementor-element-0232b96 elementor-widget elementor-widget-heading\" data-id=\"0232b96\" data-element_type=\"widget\" data-widget_type=\"heading.default\">\n\t\t\t\t<div class=\"elementor-widget-container\">\n\t\t\t\t\t<h2 class=\"elementor-heading-title elementor-size-default\">6. odpov\u011bdnost<span style=\"color: #BC1923\">.<\/span><\/h2>\t\t\t\t<\/div>\n\t\t\t\t<\/div>\n\t\t\t\t<div class=\"elementor-element elementor-element-2c480db elementor-widget elementor-widget-text-editor\" data-id=\"2c480db\" data-element_type=\"widget\" data-widget_type=\"text-editor.default\">\n\t\t\t\t<div class=\"elementor-widget-container\">\n\t\t\t\t\t\t\t\t\t<p data-pm-slice=\"1 1 []\">Poskytovatel odpov\u00edd\u00e1 pouze za \u0161kodu, kter\u00e1 vznikla v d\u016fsledku \u00famysln\u00e9ho nebo hrub\u011b nedbal\u00e9ho poru\u0161en\u00ed povinnost\u00ed. Odpov\u011bdnost za lehkou nedbalost je vylou\u010dena, pokud nejsou dot\u010deny \u017e\u00e1dn\u00e9 podstatn\u00e9 smluvn\u00ed povinnosti.<\/p>\t\t\t\t\t\t\t\t<\/div>\n\t\t\t\t<\/div>\n\t\t\t\t<\/div>\n\t\t\t\t<\/div>\n\t\t<div class=\"elementor-element elementor-element-d1d74ee e-con-full e-flex e-con e-child\" data-id=\"d1d74ee\" data-element_type=\"container\">\n\t\t<div class=\"elementor-element elementor-element-457af15 e-con-full e-flex e-con e-child\" data-id=\"457af15\" data-element_type=\"container\" data-settings=\"{&quot;background_background&quot;:&quot;classic&quot;}\">\n\t\t\t\t<div class=\"elementor-element elementor-element-302161f elementor-widget elementor-widget-heading\" data-id=\"302161f\" data-element_type=\"widget\" data-widget_type=\"heading.default\">\n\t\t\t\t<div class=\"elementor-widget-container\">\n\t\t\t\t\t<h2 class=\"elementor-heading-title elementor-size-default\">7. ochrana \u00fadaj\u016f<span style=\"color: #BC1923\">.<\/span><\/h2>\t\t\t\t<\/div>\n\t\t\t\t<\/div>\n\t\t\t\t<div class=\"elementor-element elementor-element-60ae3fd elementor-widget elementor-widget-text-editor\" data-id=\"60ae3fd\" data-element_type=\"widget\" data-widget_type=\"text-editor.default\">\n\t\t\t\t<div class=\"elementor-widget-container\">\n\t\t\t\t\t\t\t\t\t<p data-pm-slice=\"1 1 []\">Poskytovatel se zavazuje zach\u00e1zet s osobn\u00edmi \u00fadaji z\u00e1kazn\u00edk\u016f d\u016fv\u011brn\u011b a zpracov\u00e1vat je v souladu s platn\u00fdmi z\u00e1kony o ochran\u011b osobn\u00edch \u00fadaj\u016f. Dal\u0161\u00ed informace naleznete v na\u0161ich z\u00e1sad\u00e1ch ochrany osobn\u00edch \u00fadaj\u016f.<\/p>\t\t\t\t\t\t\t\t<\/div>\n\t\t\t\t<\/div>\n\t\t\t\t<\/div>\n\t\t<div class=\"elementor-element elementor-element-2ae0291 e-con-full e-flex e-con e-child\" data-id=\"2ae0291\" data-element_type=\"container\" data-settings=\"{&quot;background_background&quot;:&quot;classic&quot;}\">\n\t\t\t\t<div class=\"elementor-element elementor-element-341dc42 elementor-widget elementor-widget-heading\" data-id=\"341dc42\" data-element_type=\"widget\" data-widget_type=\"heading.default\">\n\t\t\t\t<div class=\"elementor-widget-container\">\n\t\t\t\t\t<h2 class=\"elementor-heading-title elementor-size-default\">8. pr\u00e1vo na zru\u0161en\u00ed<span style=\"color: #BC1923\">.<\/span><\/h2>\t\t\t\t<\/div>\n\t\t\t\t<\/div>\n\t\t\t\t<div class=\"elementor-element elementor-element-857d338 elementor-widget elementor-widget-text-editor\" data-id=\"857d338\" data-element_type=\"widget\" data-widget_type=\"text-editor.default\">\n\t\t\t\t<div class=\"elementor-widget-container\">\n\t\t\t\t\t\t\t\t\t<p data-pm-slice=\"1 1 []\">Spot\u0159ebitel\u00e9 maj\u00ed z\u00e1konn\u00e9 pr\u00e1vo na odstoupen\u00ed od smlouvy. Podrobnosti naleznete v z\u00e1sad\u00e1ch pro zru\u0161en\u00ed rezervace.<\/p>\t\t\t\t\t\t\t\t<\/div>\n\t\t\t\t<\/div>\n\t\t\t\t<\/div>\n\t\t<div class=\"elementor-element elementor-element-3c80c35 e-con-full e-flex e-con e-child\" data-id=\"3c80c35\" data-element_type=\"container\" data-settings=\"{&quot;background_background&quot;:&quot;classic&quot;}\">\n\t\t\t\t<div class=\"elementor-element elementor-element-559647e elementor-widget elementor-widget-heading\" data-id=\"559647e\" data-element_type=\"widget\" data-widget_type=\"heading.default\">\n\t\t\t\t<div class=\"elementor-widget-container\">\n\t\t\t\t\t<h2 class=\"elementor-heading-title elementor-size-default\">9 Doba trv\u00e1n\u00ed smlouvy a odstoupen\u00ed od smlouvy<span style=\"color: #BC1923\">.<\/span><\/h2>\t\t\t\t<\/div>\n\t\t\t\t<\/div>\n\t\t\t\t<div class=\"elementor-element elementor-element-5d076c3 elementor-widget elementor-widget-text-editor\" data-id=\"5d076c3\" data-element_type=\"widget\" data-widget_type=\"text-editor.default\">\n\t\t\t\t<div class=\"elementor-widget-container\">\n\t\t\t\t\t\t\t\t\t<p data-pm-slice=\"1 1 []\">Doba trv\u00e1n\u00ed smlouvy a lh\u016fty pro odstoupen\u00ed od smlouvy se \u0159\u00edd\u00ed jednotliv\u00fdmi uzav\u0159en\u00fdmi smlouvami. Nen\u00ed-li dohodnuto jinak, plat\u00ed t\u0159\u00edm\u011bs\u00ed\u010dn\u00ed lh\u016fta pro odstoupen\u00ed od smlouvy do konce m\u011bs\u00edce.<\/p>\t\t\t\t\t\t\t\t<\/div>\n\t\t\t\t<\/div>\n\t\t\t\t<\/div>\n\t\t\t\t<\/div>\n\t\t<div class=\"elementor-element elementor-element-1157180 e-con-full e-flex e-con e-child\" data-id=\"1157180\" data-element_type=\"container\">\n\t\t<div class=\"elementor-element elementor-element-73dbc42 e-con-full e-flex e-con e-child\" data-id=\"73dbc42\" data-element_type=\"container\" data-settings=\"{&quot;background_background&quot;:&quot;classic&quot;}\">\n\t\t\t\t<div class=\"elementor-element elementor-element-c34b1a7 elementor-widget elementor-widget-heading\" data-id=\"c34b1a7\" data-element_type=\"widget\" data-widget_type=\"heading.default\">\n\t\t\t\t<div class=\"elementor-widget-container\">\n\t\t\t\t\t<h2 class=\"elementor-heading-title elementor-size-default\">10. z\u00e1v\u011br<br>Ustanoven\u00ed<span style=\"color: #BC1923\">.<\/span><\/h2>\t\t\t\t<\/div>\n\t\t\t\t<\/div>\n\t\t\t\t<div class=\"elementor-element elementor-element-e1992bf elementor-widget elementor-widget-text-editor\" data-id=\"e1992bf\" data-element_type=\"widget\" data-widget_type=\"text-editor.default\">\n\t\t\t\t<div class=\"elementor-widget-container\">\n\t\t\t\t\t\t\t\t\t<p data-pm-slice=\"1 1 []\">Pokud by jednotliv\u00e1 ustanoven\u00ed t\u011bchto VOP byla nebo se stala neplatn\u00fdmi, platnost ostatn\u00edch ustanoven\u00ed z\u016fst\u00e1v\u00e1 nedot\u010dena. Neplatn\u00e9 ustanoven\u00ed bude nahrazeno ustanoven\u00edm, kter\u00e9 se nejv\u00edce bl\u00ed\u017e\u00ed ekonomick\u00e9mu \u00fa\u010delu neplatn\u00e9ho ustanoven\u00ed.<\/p><p>M\u00edstem soudn\u00ed p\u0159\u00edslu\u0161nosti pro v\u0161echny spory vypl\u00fdvaj\u00edc\u00ed ze smluvn\u00edch vztah\u016f je G\u00fcnzburg.<\/p><div>\u00a0<\/div>\t\t\t\t\t\t\t\t<\/div>\n\t\t\t\t<\/div>\n\t\t\t\t<\/div>\n\t\t<div class=\"elementor-element elementor-element-fddd2ce e-con-full e-flex e-con e-child\" data-id=\"fddd2ce\" data-element_type=\"container\" data-settings=\"{&quot;background_background&quot;:&quot;classic&quot;}\">\n\t\t\t\t<div class=\"elementor-element elementor-element-7f1b52d elementor-widget elementor-widget-image\" data-id=\"7f1b52d\" data-element_type=\"widget\" data-widget_type=\"image.default\">\n\t\t\t\t<div class=\"elementor-widget-container\">\n\t\t\t\t\t\t\t\t\t\t\t\t\t\t\t<img fetchpriority=\"high\" decoding=\"async\" width=\"800\" height=\"213\" src=\"https:\/\/mihalca.de\/wp-content\/uploads\/2025\/01\/2-1024x273.png\" class=\"attachment-large size-large wp-image-2525\" alt=\"\" srcset=\"https:\/\/mihalca.de\/wp-content\/uploads\/2025\/01\/2-1024x273.png 1024w, https:\/\/mihalca.de\/wp-content\/uploads\/2025\/01\/2-300x80.png 300w, https:\/\/mihalca.de\/wp-content\/uploads\/2025\/01\/2-768x205.png 768w, https:\/\/mihalca.de\/wp-content\/uploads\/2025\/01\/2.png 1125w\" sizes=\"(max-width: 800px) 100vw, 800px\" \/>\t\t\t\t\t\t\t\t\t\t\t\t\t\t\t<\/div>\n\t\t\t\t<\/div>\n\t\t\t\t<div class=\"elementor-element elementor-element-f77e6bf elementor-widget elementor-widget-heading\" data-id=\"f77e6bf\" data-element_type=\"widget\" data-widget_type=\"heading.default\">\n\t\t\t\t<div class=\"elementor-widget-container\">\n\t\t\t\t\t<h2 class=\"elementor-heading-title elementor-size-default\">Kontaktujte n\u00e1s<span style=\"color: #BC1923\">.<\/span><\/h2>\t\t\t\t<\/div>\n\t\t\t\t<\/div>\n\t\t\t\t<div class=\"elementor-element elementor-element-05b8fbd elementor-widget elementor-widget-text-editor\" data-id=\"05b8fbd\" data-element_type=\"widget\" data-widget_type=\"text-editor.default\">\n\t\t\t\t<div class=\"elementor-widget-container\">\n\t\t\t\t\t\t\t\t\t<p data-pm-slice=\"1 1 []\">Ve\u0161ker\u00e9 dotazy sm\u011b\u0159ujte na:<\/p><p><strong>Mihalca Homes GmbH<\/strong><br \/>Peter-Henlein-Str. 13<br \/>89312 G\u00fcnzburg<br \/>e-mail: <a>welcome@mihalca.de<\/a><\/p><p data-pm-slice=\"1 1 []\">Stav: leden 2025<\/p>\t\t\t\t\t\t\t\t<\/div>\n\t\t\t\t<\/div>\n\t\t\t\t<\/div>\n\t\t\t\t<\/div>\n\t\t\t\t\t<\/div>\n\t\t\t\t<\/div>\n\t\t\t\t<\/div>","protected":false},"excerpt":{"rendered":"<p>AllgemeineGesch\u00e4ftsbedingungen. Allgemeine Gesch\u00e4ftsbedingungen (AGB) der Mihalca Homes GmbH. 1. Geltungsbereich. Diese Allgemeinen Gesch\u00e4ftsbedingungen (AGB) gelten f\u00fcr alle Vertr\u00e4ge, die zwischen der Mihalca Homes GmbH, Peter-Henlein-Str. 13, 89312 G\u00fcnzburg (nachfolgend &#8222;Anbieter&#8220;) und ihren Kunden geschlossen werden. Dazu z\u00e4hlen insbesondere Maklervertr\u00e4ge, Mietvertr\u00e4ge und Kaufvertr\u00e4ge \u00fcber Immobilien. 2. Vertragsabschluss. Ein Vertrag kommt zustande, sobald beide Parteien eine schriftliche [&hellip;]<\/p>","protected":false},"author":2,"featured_media":0,"parent":0,"menu_order":0,"comment_status":"closed","ping_status":"closed","template":"","meta":{"_acf_changed":false,"footnotes":""},"class_list":["post-3677","page","type-page","status-publish","hentry"],"acf":[],"_links":{"self":[{"href":"https:\/\/mihalca.de\/cs\/wp-json\/wp\/v2\/pages\/3677","targetHints":{"allow":["GET"]}}],"collection":[{"href":"https:\/\/mihalca.de\/cs\/wp-json\/wp\/v2\/pages"}],"about":[{"href":"https:\/\/mihalca.de\/cs\/wp-json\/wp\/v2\/types\/page"}],"author":[{"embeddable":true,"href":"https:\/\/mihalca.de\/cs\/wp-json\/wp\/v2\/users\/2"}],"replies":[{"embeddable":true,"href":"https:\/\/mihalca.de\/cs\/wp-json\/wp\/v2\/comments?post=3677"}],"version-history":[{"count":10,"href":"https:\/\/mihalca.de\/cs\/wp-json\/wp\/v2\/pages\/3677\/revisions"}],"predecessor-version":[{"id":3986,"href":"https:\/\/mihalca.de\/cs\/wp-json\/wp\/v2\/pages\/3677\/revisions\/3986"}],"wp:attachment":[{"href":"https:\/\/mihalca.de\/cs\/wp-json\/wp\/v2\/media?parent=3677"}],"curies":[{"name":"wp","href":"https:\/\/api.w.org\/{rel}","templated":true}]}}