{"id":3664,"date":"2025-01-14T19:32:52","date_gmt":"2025-01-14T18:32:52","guid":{"rendered":"https:\/\/mihalca.de\/?page_id=3664"},"modified":"2025-01-20T12:33:58","modified_gmt":"2025-01-20T11:33:58","slug":"wiederrufsbelehrung","status":"publish","type":"page","link":"https:\/\/mihalca.de\/cs\/storno-podminky\/","title":{"rendered":"Storno podm\u00ednky"},"content":{"rendered":"<div data-elementor-type=\"wp-page\" data-elementor-id=\"3664\" class=\"elementor elementor-3664\" data-elementor-post-type=\"page\">\n\t\t\t\t<div class=\"elementor-element elementor-element-065eb17 e-con-full e-flex e-con e-parent\" data-id=\"065eb17\" data-element_type=\"container\" data-settings=\"{&quot;background_background&quot;:&quot;classic&quot;}\">\n\t\t<div class=\"elementor-element elementor-element-e867578 animated-fast e-flex e-con-boxed elementor-invisible e-con e-child\" data-id=\"e867578\" data-element_type=\"container\" data-settings=\"{&quot;background_background&quot;:&quot;classic&quot;,&quot;animation&quot;:&quot;fadeIn&quot;}\">\n\t\t\t\t\t<div class=\"e-con-inner\">\n\t\t<div class=\"elementor-element elementor-element-9fa3082 e-con-full e-flex e-con e-child\" data-id=\"9fa3082\" data-element_type=\"container\">\n\t\t\t\t<div class=\"elementor-element elementor-element-408e3d3 elementor-widget elementor-widget-heading\" data-id=\"408e3d3\" data-element_type=\"widget\" data-widget_type=\"heading.default\">\n\t\t\t\t<div class=\"elementor-widget-container\">\n\t\t\t\t\t<h1 class=\"elementor-heading-title elementor-size-default\">Odvol\u00e1n\u00ed<br>instrukce<span style=\"color: #BC1923\">.<\/span>\n<\/h1>\t\t\t\t<\/div>\n\t\t\t\t<\/div>\n\t\t\t\t<\/div>\n\t\t\t\t\t<\/div>\n\t\t\t\t<\/div>\n\t\t\t\t<\/div>\n\t\t<div class=\"elementor-element elementor-element-cc36bc0 e-flex e-con-boxed e-con e-parent\" data-id=\"cc36bc0\" data-element_type=\"container\">\n\t\t\t\t\t<div class=\"e-con-inner\">\n\t\t<div class=\"elementor-element elementor-element-8383464 e-con-full e-flex e-con e-child\" data-id=\"8383464\" data-element_type=\"container\">\n\t\t<div class=\"elementor-element elementor-element-a1077e3 e-con-full e-flex e-con e-child\" data-id=\"a1077e3\" data-element_type=\"container\" data-settings=\"{&quot;background_background&quot;:&quot;classic&quot;}\">\n\t\t\t\t<div class=\"elementor-element elementor-element-3993e4e elementor-widget elementor-widget-heading\" data-id=\"3993e4e\" data-element_type=\"widget\" data-widget_type=\"heading.default\">\n\t\t\t\t<div class=\"elementor-widget-container\">\n\t\t\t\t\t<h2 class=\"elementor-heading-title elementor-size-default\">1. pr\u00e1vo na zru\u0161en\u00ed<span style=\"color: #BC1923\">.<\/span><\/h2>\t\t\t\t<\/div>\n\t\t\t\t<\/div>\n\t\t\t\t<div class=\"elementor-element elementor-element-8dd282e elementor-widget elementor-widget-text-editor\" data-id=\"8dd282e\" data-element_type=\"widget\" data-widget_type=\"text-editor.default\">\n\t\t\t\t<div class=\"elementor-widget-container\">\n\t\t\t\t\t\t\t\t\t<p data-pm-slice=\"1 1 []\">Spot\u0159ebitel\u00e9 maj\u00ed pr\u00e1vo odstoupit od uzav\u0159en\u00e9 smlouvy do \u010dtrn\u00e1cti dn\u016f bez ud\u00e1n\u00ed d\u016fvodu.<\/p><h3>Storno lh\u016fta<\/h3><p>Lh\u016fta pro odstoupen\u00ed od smlouvy je \u010dtrn\u00e1ct dn\u00ed ode dne uzav\u0159en\u00ed smlouvy.<\/p><h3>Uplatn\u011bn\u00ed pr\u00e1va na odstoupen\u00ed od smlouvy<\/h3><p>Chcete-li uplatnit sv\u00e9 pr\u00e1vo na odstoupen\u00ed od smlouvy, mus\u00edte n\u00e1s informovat.<\/p><p><strong>Mihalca Homes GmbH<\/strong><br \/>Peter-Henlein-Str. 13<br \/>89312 G\u00fcnzburg<br \/>Telefon: 0160 968 194 86<br \/>e-mail: <a>welcome@mihalca.de<\/a><\/p><p>o sv\u00e9m rozhodnut\u00ed odstoupit od t\u00e9to smlouvy jednozna\u010dn\u00fdm prohl\u00e1\u0161en\u00edm (nap\u0159. dopisem zaslan\u00fdm po\u0161tou nebo e-mailem). M\u016f\u017eete pou\u017e\u00edt n\u00ed\u017ee uveden\u00fd vzorov\u00fd formul\u00e1\u0159 pro odstoupen\u00ed od smlouvy, nen\u00ed to v\u0161ak povinn\u00e9.<\/p><p>Pro dodr\u017een\u00ed lh\u016fty pro odstoupen\u00ed od smlouvy sta\u010d\u00ed, kdy\u017e ozn\u00e1men\u00ed o uplatn\u011bn\u00ed pr\u00e1va na odstoupen\u00ed od smlouvy ode\u0161lete p\u0159ed uplynut\u00edm lh\u016fty pro odstoupen\u00ed od smlouvy.<\/p>\t\t\t\t\t\t\t\t<\/div>\n\t\t\t\t<\/div>\n\t\t\t\t<\/div>\n\t\t<div class=\"elementor-element elementor-element-eb704b7 e-con-full e-flex e-con e-child\" data-id=\"eb704b7\" data-element_type=\"container\" data-settings=\"{&quot;background_background&quot;:&quot;classic&quot;}\">\n\t\t\t\t<div class=\"elementor-element elementor-element-36b96a4 elementor-widget elementor-widget-heading\" data-id=\"36b96a4\" data-element_type=\"widget\" data-widget_type=\"heading.default\">\n\t\t\t\t<div class=\"elementor-widget-container\">\n\t\t\t\t\t<h2 class=\"elementor-heading-title elementor-size-default\">2. d\u016fsledky zru\u0161en\u00ed<span style=\"color: #BC1923\">.<\/span><\/h2>\t\t\t\t<\/div>\n\t\t\t\t<\/div>\n\t\t\t\t<div class=\"elementor-element elementor-element-2dcac8e elementor-widget elementor-widget-text-editor\" data-id=\"2dcac8e\" data-element_type=\"widget\" data-widget_type=\"text-editor.default\">\n\t\t\t\t<div class=\"elementor-widget-container\">\n\t\t\t\t\t\t\t\t\t<p data-pm-slice=\"1 1 []\">Odstoup\u00edte-li od t\u00e9to smlouvy, vr\u00e1t\u00edme v\u00e1m v\u0161echny platby, kter\u00e9 jsme od v\u00e1s obdr\u017eeli, v\u010detn\u011b n\u00e1klad\u016f na doru\u010den\u00ed (s v\u00fdjimkou dodate\u010dn\u00fdch n\u00e1klad\u016f vypl\u00fdvaj\u00edc\u00edch z va\u0161\u00ed volby jin\u00e9ho typu doru\u010den\u00ed, ne\u017e je nejlevn\u011bj\u0161\u00ed typ standardn\u00edho doru\u010den\u00ed, kter\u00fd nab\u00edz\u00edme), a to bez zbyte\u010dn\u00e9ho odkladu a v ka\u017ed\u00e9m p\u0159\u00edpad\u011b nejpozd\u011bji do 14 dn\u016f ode dne, kdy jsme byli informov\u00e1ni o va\u0161em rozhodnut\u00ed odstoupit od t\u00e9to smlouvy.<\/p><p>Pro tuto \u00fahradu pou\u017eijeme stejn\u00fd platebn\u00ed prost\u0159edek, kter\u00fd jste pou\u017eili pro p\u016fvodn\u00ed transakci, pokud se s v\u00e1mi v\u00fdslovn\u011b nedohodneme jinak; v \u017e\u00e1dn\u00e9m p\u0159\u00edpad\u011b v\u00e1m nebudou \u00fa\u010dtov\u00e1ny \u017e\u00e1dn\u00e9 poplatky za tuto \u00fahradu.<\/p>\t\t\t\t\t\t\t\t<\/div>\n\t\t\t\t<\/div>\n\t\t\t\t<\/div>\n\t\t\t\t<\/div>\n\t\t<div class=\"elementor-element elementor-element-8ef581f e-con-full e-flex e-con e-child\" data-id=\"8ef581f\" data-element_type=\"container\">\n\t\t<div class=\"elementor-element elementor-element-f16db7a e-con-full e-flex e-con e-child\" data-id=\"f16db7a\" data-element_type=\"container\" data-settings=\"{&quot;background_background&quot;:&quot;classic&quot;}\">\n\t\t\t\t<div class=\"elementor-element elementor-element-61406e2 elementor-widget elementor-widget-heading\" data-id=\"61406e2\" data-element_type=\"widget\" data-widget_type=\"heading.default\">\n\t\t\t\t<div class=\"elementor-widget-container\">\n\t\t\t\t\t<h2 class=\"elementor-heading-title elementor-size-default\">3. vylou\u010den\u00ed pr\u00e1va na odstoupen\u00ed od smlouvy<span style=\"color: #BC1923\">.<\/span><\/h2>\t\t\t\t<\/div>\n\t\t\t\t<\/div>\n\t\t\t\t<div class=\"elementor-element elementor-element-63c140e elementor-widget elementor-widget-text-editor\" data-id=\"63c140e\" data-element_type=\"widget\" data-widget_type=\"text-editor.default\">\n\t\t\t\t<div class=\"elementor-widget-container\">\n\t\t\t\t\t\t\t\t\t<p data-pm-slice=\"1 3 []\">Pr\u00e1vo na odstoupen\u00ed od smlouvy se nevztahuje na n\u00e1sleduj\u00edc\u00ed smlouvy:<\/p><ul data-spread=\"false\"><li><p>Smlouvy o poskytov\u00e1n\u00ed slu\u017eeb v souvislosti s nemovitostmi, jako jsou smlouvy o zprost\u0159edkov\u00e1n\u00ed, pokud podnikatel poskytl slu\u017ebu v pln\u00e9m rozsahu a za\u010dal ji poskytovat a\u017e pot\u00e9, co spot\u0159ebitel dal sv\u016fj v\u00fdslovn\u00fd souhlas a z\u00e1rove\u0148 potvrdil sv\u00e9 v\u011bdom\u00ed, \u017ee po \u00fapln\u00e9m spln\u011bn\u00ed smlouvy ztrat\u00ed pr\u00e1vo na odstoupen\u00ed od smlouvy.<\/p><\/li><li><p>Smlouvy o pron\u00e1jmu obytn\u00fdch nemovitost\u00ed k jin\u00fdm \u00fa\u010del\u016fm ne\u017e k bydlen\u00ed.<\/p><\/li><\/ul>\t\t\t\t\t\t\t\t<\/div>\n\t\t\t\t<\/div>\n\t\t\t\t<\/div>\n\t\t<div class=\"elementor-element elementor-element-afcecc4 e-con-full e-flex e-con e-child\" data-id=\"afcecc4\" data-element_type=\"container\" data-settings=\"{&quot;background_background&quot;:&quot;classic&quot;}\">\n\t\t\t\t<div class=\"elementor-element elementor-element-a4d1193 elementor-widget elementor-widget-heading\" data-id=\"a4d1193\" data-element_type=\"widget\" data-widget_type=\"heading.default\">\n\t\t\t\t<div class=\"elementor-widget-container\">\n\t\t\t\t\t<h2 class=\"elementor-heading-title elementor-size-default\">4. vzorov\u00fd storno formul\u00e1\u0159<span style=\"color: #BC1923\">.<\/span><\/h2>\t\t\t\t<\/div>\n\t\t\t\t<\/div>\n\t\t\t\t<div class=\"elementor-element elementor-element-6b3d27c elementor-widget elementor-widget-text-editor\" data-id=\"6b3d27c\" data-element_type=\"widget\" data-widget_type=\"text-editor.default\">\n\t\t\t\t<div class=\"elementor-widget-container\">\n\t\t\t\t\t\t\t\t\t<p data-pm-slice=\"1 1 []\">Pokud si p\u0159ejete smlouvu zru\u0161it, vypl\u0148te pros\u00edm tento formul\u00e1\u0159 a vra\u0165te n\u00e1m jej:<\/p><p><strong>Mihalca Homes GmbH<\/strong><br \/>Peter-Henlein-Str. 13<br \/>89312 G\u00fcnzburg<br \/>e-mail: <a>welcome@mihalca.de<br \/><br \/><\/a><\/p><p>J\u00e1\/my (*) t\u00edmto ru\u0161\u00edm\/ru\u0161\u00edme smlouvu uzav\u0159enou mezi mnou\/n\u00e1mi (*) na n\u00e1kup n\u00e1sleduj\u00edc\u00edho zbo\u017e\u00ed (*)\/poskytnut\u00ed n\u00e1sleduj\u00edc\u00ed slu\u017eby (*).<\/p><p>Objedn\u00e1no dne (*)\/p\u0159ijato dne (*)<\/p><p>Jm\u00e9no spot\u0159ebitele (spot\u0159ebitel\u016f):<\/p><p>Adresa spot\u0159ebitele (spot\u0159ebitel\u016f):<\/p><p>Podpis spot\u0159ebitele (spot\u0159ebitel\u016f) (pouze u ozn\u00e1men\u00ed v pap\u00edrov\u00e9 podob\u011b):<\/p><p>Datum:<\/p><p>(*) Nehod\u00edc\u00ed se \u0161krtn\u011bte.<\/p><p><a>\u00a0<\/a><\/p>\t\t\t\t\t\t\t\t<\/div>\n\t\t\t\t<\/div>\n\t\t\t\t<\/div>\n\t\t\t\t<\/div>\n\t\t<div class=\"elementor-element elementor-element-674ea51 e-con-full e-flex e-con e-child\" data-id=\"674ea51\" data-element_type=\"container\">\n\t\t<div class=\"elementor-element elementor-element-fe9d0bf e-con-full e-flex e-con e-child\" data-id=\"fe9d0bf\" data-element_type=\"container\" data-settings=\"{&quot;background_background&quot;:&quot;classic&quot;}\">\n\t\t\t\t<div class=\"elementor-element elementor-element-c2d6d46 elementor-widget elementor-widget-image\" data-id=\"c2d6d46\" data-element_type=\"widget\" data-widget_type=\"image.default\">\n\t\t\t\t<div class=\"elementor-widget-container\">\n\t\t\t\t\t\t\t\t\t\t\t\t\t\t\t<img fetchpriority=\"high\" decoding=\"async\" width=\"800\" height=\"213\" src=\"https:\/\/mihalca.de\/wp-content\/uploads\/2025\/01\/2-1024x273.png\" class=\"attachment-large size-large wp-image-2525\" alt=\"\" srcset=\"https:\/\/mihalca.de\/wp-content\/uploads\/2025\/01\/2-1024x273.png 1024w, https:\/\/mihalca.de\/wp-content\/uploads\/2025\/01\/2-300x80.png 300w, https:\/\/mihalca.de\/wp-content\/uploads\/2025\/01\/2-768x205.png 768w, https:\/\/mihalca.de\/wp-content\/uploads\/2025\/01\/2.png 1125w\" sizes=\"(max-width: 800px) 100vw, 800px\" \/>\t\t\t\t\t\t\t\t\t\t\t\t\t\t\t<\/div>\n\t\t\t\t<\/div>\n\t\t\t\t<div class=\"elementor-element elementor-element-97d690a elementor-widget elementor-widget-heading\" data-id=\"97d690a\" data-element_type=\"widget\" data-widget_type=\"heading.default\">\n\t\t\t\t<div class=\"elementor-widget-container\">\n\t\t\t\t\t<h2 class=\"elementor-heading-title elementor-size-default\">Kontaktujte n\u00e1s<span style=\"color: #BC1923\">.<\/span><\/h2>\t\t\t\t<\/div>\n\t\t\t\t<\/div>\n\t\t\t\t<div class=\"elementor-element elementor-element-cfdb249 elementor-widget elementor-widget-text-editor\" data-id=\"cfdb249\" data-element_type=\"widget\" data-widget_type=\"text-editor.default\">\n\t\t\t\t<div class=\"elementor-widget-container\">\n\t\t\t\t\t\t\t\t\t<p data-pm-slice=\"1 1 []\">M\u00e1te-li jak\u00e9koli dal\u0161\u00ed dotazy t\u00fdkaj\u00edc\u00ed se uplatn\u011bn\u00ed pr\u00e1va na odstoupen\u00ed od smlouvy, nev\u00e1hejte n\u00e1s kdykoli kontaktovat.<\/p><p><strong>Mihalca Homes GmbH<\/strong><br \/>Peter-Henlein-Str. 13<br \/>89312 G\u00fcnzburg<br \/>e-mail: <a>welcome@mihalca.de<\/a><\/p>\t\t\t\t\t\t\t\t<\/div>\n\t\t\t\t<\/div>\n\t\t\t\t<\/div>\n\t\t\t\t<\/div>\n\t\t\t\t\t<\/div>\n\t\t\t\t<\/div>\n\t\t\t\t<\/div>","protected":false},"excerpt":{"rendered":"<p>Wiederrufsbelehrung. 1. Widerrufsrecht. Verbraucher haben das Recht, binnen vierzehn Tagen ohne Angabe von Gr\u00fcnden einen geschlossenen Vertrag zu widerrufen. Widerrufsfrist Die Widerrufsfrist betr\u00e4gt vierzehn Tage ab dem Tag des Vertragsabschlusses. Aus\u00fcbung des Widerrufsrechts Um Ihr Widerrufsrecht auszu\u00fcben, m\u00fcssen Sie uns, der Mihalca Homes GmbHPeter-Henlein-Str. 1389312 G\u00fcnzburgTelefon: 0160 968 194 86E-Mail: welcome@mihalca.de mittels einer eindeutigen Erkl\u00e4rung [&hellip;]<\/p>","protected":false},"author":2,"featured_media":0,"parent":0,"menu_order":0,"comment_status":"closed","ping_status":"closed","template":"","meta":{"_acf_changed":false,"footnotes":""},"class_list":["post-3664","page","type-page","status-publish","hentry"],"acf":[],"_links":{"self":[{"href":"https:\/\/mihalca.de\/cs\/wp-json\/wp\/v2\/pages\/3664","targetHints":{"allow":["GET"]}}],"collection":[{"href":"https:\/\/mihalca.de\/cs\/wp-json\/wp\/v2\/pages"}],"about":[{"href":"https:\/\/mihalca.de\/cs\/wp-json\/wp\/v2\/types\/page"}],"author":[{"embeddable":true,"href":"https:\/\/mihalca.de\/cs\/wp-json\/wp\/v2\/users\/2"}],"replies":[{"embeddable":true,"href":"https:\/\/mihalca.de\/cs\/wp-json\/wp\/v2\/comments?post=3664"}],"version-history":[{"count":7,"href":"https:\/\/mihalca.de\/cs\/wp-json\/wp\/v2\/pages\/3664\/revisions"}],"predecessor-version":[{"id":3983,"href":"https:\/\/mihalca.de\/cs\/wp-json\/wp\/v2\/pages\/3664\/revisions\/3983"}],"wp:attachment":[{"href":"https:\/\/mihalca.de\/cs\/wp-json\/wp\/v2\/media?parent=3664"}],"curies":[{"name":"wp","href":"https:\/\/api.w.org\/{rel}","templated":true}]}}