{"id":3659,"date":"2025-01-14T19:13:03","date_gmt":"2025-01-14T18:13:03","guid":{"rendered":"https:\/\/mihalca.de\/?page_id=3659"},"modified":"2025-01-20T12:33:23","modified_gmt":"2025-01-20T11:33:23","slug":"datenschutz","status":"publish","type":"page","link":"https:\/\/mihalca.de\/cs\/ochrana-udaju\/","title":{"rendered":"Ochrana \u00fadaj\u016f"},"content":{"rendered":"<div data-elementor-type=\"wp-page\" data-elementor-id=\"3659\" class=\"elementor elementor-3659\" data-elementor-post-type=\"page\">\n\t\t\t\t<div class=\"elementor-element elementor-element-56c3a95 e-con-full e-flex e-con e-parent\" data-id=\"56c3a95\" data-element_type=\"container\">\n\t\t<div class=\"elementor-element elementor-element-7f30f4d animated-fast e-flex e-con-boxed elementor-invisible e-con e-child\" data-id=\"7f30f4d\" data-element_type=\"container\" data-settings=\"{&quot;background_background&quot;:&quot;classic&quot;,&quot;animation&quot;:&quot;fadeIn&quot;}\">\n\t\t\t\t\t<div class=\"e-con-inner\">\n\t\t<div class=\"elementor-element elementor-element-bc5e5f9 e-con-full e-flex e-con e-child\" data-id=\"bc5e5f9\" data-element_type=\"container\">\n\t\t\t\t<div class=\"elementor-element elementor-element-c1d8803 elementor-widget elementor-widget-heading\" data-id=\"c1d8803\" data-element_type=\"widget\" data-widget_type=\"heading.default\">\n\t\t\t\t<div class=\"elementor-widget-container\">\n\t\t\t\t\t<h1 class=\"elementor-heading-title elementor-size-default\">Ochrana \u00fadaj\u016f<span style=\"color: #BC1923\">.<\/span>\n<\/h1>\t\t\t\t<\/div>\n\t\t\t\t<\/div>\n\t\t\t\t<\/div>\n\t\t\t\t\t<\/div>\n\t\t\t\t<\/div>\n\t\t\t\t<\/div>\n\t\t<div class=\"elementor-element elementor-element-d6374f0 e-flex e-con-boxed e-con e-parent\" data-id=\"d6374f0\" data-element_type=\"container\">\n\t\t\t\t\t<div class=\"e-con-inner\">\n\t\t<div class=\"elementor-element elementor-element-9bdcfb5 e-con-full e-flex e-con e-child\" data-id=\"9bdcfb5\" data-element_type=\"container\">\n\t\t<div class=\"elementor-element elementor-element-65f7095 e-con-full e-flex e-con e-child\" data-id=\"65f7095\" data-element_type=\"container\" data-settings=\"{&quot;background_background&quot;:&quot;classic&quot;}\">\n\t\t\t\t<div class=\"elementor-element elementor-element-cb12c70 elementor-widget elementor-widget-heading\" data-id=\"cb12c70\" data-element_type=\"widget\" data-widget_type=\"heading.default\">\n\t\t\t\t<div class=\"elementor-widget-container\">\n\t\t\t\t\t<h2 class=\"elementor-heading-title elementor-size-default\">1. odpov\u011bdn\u00e1 osoba<span style=\"color: #BC1923\">.<\/span><\/h2>\t\t\t\t<\/div>\n\t\t\t\t<\/div>\n\t\t\t\t<div class=\"elementor-element elementor-element-f176c2b elementor-widget elementor-widget-text-editor\" data-id=\"f176c2b\" data-element_type=\"widget\" data-widget_type=\"text-editor.default\">\n\t\t\t\t<div class=\"elementor-widget-container\">\n\t\t\t\t\t\t\t\t\t<p data-pm-slice=\"1 1 []\">Mihalca Homes GmbH<\/p><p data-pm-slice=\"1 1 []\"><br \/>Peter-Henlein-Str. 13<br \/>89312 G\u00fcnzburg<br \/>N\u011bmecko<\/p><p data-pm-slice=\"1 1 []\">Telefon: 0160 968 194 86<br \/>e-mail: <a>welcome@mihalca.de<\/a><br \/>Zastoupen\u00e1: Marian Mihalca &amp; Marcel Mihalca<\/p>\t\t\t\t\t\t\t\t<\/div>\n\t\t\t\t<\/div>\n\t\t\t\t<\/div>\n\t\t<div class=\"elementor-element elementor-element-75b8a0b e-con-full e-flex e-con e-child\" data-id=\"75b8a0b\" data-element_type=\"container\" data-settings=\"{&quot;background_background&quot;:&quot;classic&quot;}\">\n\t\t\t\t<div class=\"elementor-element elementor-element-033ef7b elementor-widget elementor-widget-heading\" data-id=\"033ef7b\" data-element_type=\"widget\" data-widget_type=\"heading.default\">\n\t\t\t\t<div class=\"elementor-widget-container\">\n\t\t\t\t\t<h2 class=\"elementor-heading-title elementor-size-default\">2. obecn\u00e9 informace o ochran\u011b \u00fadaj\u016f<span style=\"color: #BC1923\">.<\/span><\/h2>\t\t\t\t<\/div>\n\t\t\t\t<\/div>\n\t\t\t\t<div class=\"elementor-element elementor-element-a29edcc elementor-widget elementor-widget-text-editor\" data-id=\"a29edcc\" data-element_type=\"widget\" data-widget_type=\"text-editor.default\">\n\t\t\t\t<div class=\"elementor-widget-container\">\n\t\t\t\t\t\t\t\t\t<p data-pm-slice=\"1 1 []\">Ochranu va\u0161ich osobn\u00edch \u00fadaj\u016f bereme velmi v\u00e1\u017en\u011b. S va\u0161imi osobn\u00edmi \u00fadaji bude zach\u00e1zeno d\u016fv\u011brn\u011b a v souladu se z\u00e1konn\u00fdmi p\u0159edpisy o ochran\u011b osobn\u00edch \u00fadaj\u016f a t\u011bmito z\u00e1sadami ochrany osobn\u00edch \u00fadaj\u016f.<\/p><p>P\u0159i pou\u017e\u00edv\u00e1n\u00ed t\u011bchto webov\u00fdch str\u00e1nek jsou shroma\u017e\u010fov\u00e1ny r\u016fzn\u00e9 osobn\u00ed \u00fadaje. Osobn\u00ed \u00fadaje jsou \u00fadaje, kter\u00e9 lze pou\u017e\u00edt k va\u0161\u00ed osobn\u00ed identifikaci. Tyto z\u00e1sady ochrany osobn\u00edch \u00fadaj\u016f vysv\u011btluj\u00ed, jak\u00e9 \u00fadaje shroma\u017e\u010fujeme a k \u010demu je pou\u017e\u00edv\u00e1me. Vysv\u011btluje tak\u00e9, jak a za jak\u00fdm \u00fa\u010delem se tak d\u011bje.<\/p>\t\t\t\t\t\t\t\t<\/div>\n\t\t\t\t<\/div>\n\t\t\t\t<\/div>\n\t\t\t\t<\/div>\n\t\t\t\t\t<\/div>\n\t\t\t\t<\/div>\n\t\t<div class=\"elementor-element elementor-element-61ca4d0 e-con-full e-flex e-con e-parent\" data-id=\"61ca4d0\" data-element_type=\"container\" data-settings=\"{&quot;background_background&quot;:&quot;classic&quot;}\">\n\t\t<div class=\"elementor-element elementor-element-e4ba825 e-flex e-con-boxed e-con e-child\" data-id=\"e4ba825\" data-element_type=\"container\" data-settings=\"{&quot;background_background&quot;:&quot;classic&quot;}\">\n\t\t\t\t\t<div class=\"e-con-inner\">\n\t\t\t\t<div class=\"elementor-element elementor-element-7d56489 elementor-widget elementor-widget-heading\" data-id=\"7d56489\" data-element_type=\"widget\" data-widget_type=\"heading.default\">\n\t\t\t\t<div class=\"elementor-widget-container\">\n\t\t\t\t\t<h2 class=\"elementor-heading-title elementor-size-default\">3. shroma\u017e\u010fov\u00e1n\u00ed \u00fadaj\u016f na na\u0161ich webov\u00fdch str\u00e1nk\u00e1ch<span style=\"color: #BC1923\">.<\/span><\/h2>\t\t\t\t<\/div>\n\t\t\t\t<\/div>\n\t\t<div class=\"elementor-element elementor-element-a389d80 e-con-full e-flex e-con e-child\" data-id=\"a389d80\" data-element_type=\"container\">\n\t\t<div class=\"elementor-element elementor-element-8bd7afb e-con-full e-flex e-con e-child\" data-id=\"8bd7afb\" data-element_type=\"container\" data-settings=\"{&quot;background_background&quot;:&quot;classic&quot;}\">\n\t\t\t\t<div class=\"elementor-element elementor-element-5ff629a elementor-widget elementor-widget-heading\" data-id=\"5ff629a\" data-element_type=\"widget\" data-widget_type=\"heading.default\">\n\t\t\t\t<div class=\"elementor-widget-container\">\n\t\t\t\t\t<h2 class=\"elementor-heading-title elementor-size-default\">3.1 Soubory cookie<span style=\"color: #BC1923\">.<\/span><\/h2>\t\t\t\t<\/div>\n\t\t\t\t<\/div>\n\t\t\t\t<div class=\"elementor-element elementor-element-f084ea4 elementor-widget elementor-widget-text-editor\" data-id=\"f084ea4\" data-element_type=\"widget\" data-widget_type=\"text-editor.default\">\n\t\t\t\t<div class=\"elementor-widget-container\">\n\t\t\t\t\t\t\t\t\t<p data-pm-slice=\"1 3 []\">Na\u0161e webov\u00e9 str\u00e1nky pou\u017e\u00edvaj\u00ed soubory cookie. Soubory cookie jsou mal\u00e9 textov\u00e9 soubory, kter\u00e9 se ukl\u00e1daj\u00ed do va\u0161eho koncov\u00e9ho za\u0159\u00edzen\u00ed a kter\u00e9 ukl\u00e1d\u00e1 v\u00e1\u0161 prohl\u00ed\u017ee\u010d. Nezp\u016fsobuj\u00ed \u017e\u00e1dn\u00e9 po\u0161kozen\u00ed va\u0161eho koncov\u00e9ho za\u0159\u00edzen\u00ed. N\u011bkter\u00e9 soubory cookie z\u016fst\u00e1vaj\u00ed ulo\u017eeny ve va\u0161em za\u0159\u00edzen\u00ed, dokud je neodstran\u00edte. Tyto soubory cookie n\u00e1m umo\u017e\u0148uj\u00ed rozpoznat v\u00e1\u0161 prohl\u00ed\u017ee\u010d p\u0159i va\u0161\u00ed dal\u0161\u00ed n\u00e1v\u0161t\u011bv\u011b.<\/p><p>P\u0159i prvn\u00ed n\u00e1v\u0161t\u011bv\u011b na\u0161ich webov\u00fdch str\u00e1nek budete informov\u00e1ni prost\u0159ednictv\u00edm banneru se soubory cookie a po\u017e\u00e1d\u00e1ni o souhlas. Sv\u016fj souhlas m\u016f\u017eete kdykoli odvolat.<\/p><p><strong>\u00da\u010del zpracov\u00e1n\u00ed:<\/strong><\/p><ul data-spread=\"false\"><li><p>Zaji\u0161t\u011bn\u00ed technick\u00e9 funk\u010dnosti webov\u00fdch str\u00e1nek<\/p><\/li><li><p>Optimalizace u\u017eivatelsk\u00e9 p\u0159\u00edv\u011btivosti<\/p><\/li><li><p>Anal\u00fdza pou\u017e\u00edv\u00e1n\u00ed webov\u00fdch str\u00e1nek<\/p><\/li><\/ul><p><strong>Pr\u00e1vn\u00ed z\u00e1klad:<\/strong><\/p><ul data-spread=\"false\"><li><p>\u010dl. 6 odst. 1 p\u00edsm. a) GDPR (souhlas)<\/p><\/li><li><p>\u010dl. 6 odst. 1 p\u00edsm. f GDPR (opr\u00e1vn\u011bn\u00fd z\u00e1jem na technicky bezchybn\u00e9m poskytov\u00e1n\u00ed webov\u00fdch str\u00e1nek).<\/p><\/li><\/ul>\t\t\t\t\t\t\t\t<\/div>\n\t\t\t\t<\/div>\n\t\t\t\t<\/div>\n\t\t<div class=\"elementor-element elementor-element-ad47bdb e-con-full e-flex e-con e-child\" data-id=\"ad47bdb\" data-element_type=\"container\" data-settings=\"{&quot;background_background&quot;:&quot;classic&quot;}\">\n\t\t\t\t<div class=\"elementor-element elementor-element-0ba28f6 elementor-widget elementor-widget-heading\" data-id=\"0ba28f6\" data-element_type=\"widget\" data-widget_type=\"heading.default\">\n\t\t\t\t<div class=\"elementor-widget-container\">\n\t\t\t\t\t<h2 class=\"elementor-heading-title elementor-size-default\">3.2 Soubory protokolu serveru<span style=\"color: #BC1923\">.<\/span><\/h2>\t\t\t\t<\/div>\n\t\t\t\t<\/div>\n\t\t\t\t<div class=\"elementor-element elementor-element-3da4a0b elementor-widget elementor-widget-text-editor\" data-id=\"3da4a0b\" data-element_type=\"widget\" data-widget_type=\"text-editor.default\">\n\t\t\t\t<div class=\"elementor-widget-container\">\n\t\t\t\t\t\t\t\t\t<p data-pm-slice=\"1 1 []\">Poskytovatel hostingu na\u0161ich webov\u00fdch str\u00e1nek (All-Inkl.) automaticky shroma\u017e\u010fuje a ukl\u00e1d\u00e1 informace v tzv. souborech protokolu serveru, kter\u00e9 n\u00e1m v\u00e1\u0161 prohl\u00ed\u017ee\u010d automaticky p\u0159ed\u00e1v\u00e1. Jedn\u00e1 se o<\/p><ul data-spread=\"false\"><li><p>Typ a verze prohl\u00ed\u017ee\u010de<\/p><\/li><li><p>Pou\u017eit\u00fd opera\u010dn\u00ed syst\u00e9m<\/p><\/li><li><p>Adresa URL odkazuj\u00edc\u00edho subjektu<\/p><\/li><li><p>N\u00e1zev hostitele p\u0159istupuj\u00edc\u00edho po\u010d\u00edta\u010de<\/p><\/li><li><p>\u010cas po\u017eadavku serveru<\/p><\/li><\/ul><p>Tyto \u00fadaje nelze p\u0159i\u0159adit ke konkr\u00e9tn\u00edm osob\u00e1m. Tyto \u00fadaje se neslu\u010duj\u00ed s jin\u00fdmi zdroji \u00fadaj\u016f.<\/p>\t\t\t\t\t\t\t\t<\/div>\n\t\t\t\t<\/div>\n\t\t\t\t<\/div>\n\t\t\t\t<\/div>\n\t\t\t\t\t<\/div>\n\t\t\t\t<\/div>\n\t\t\t\t<\/div>\n\t\t<div class=\"elementor-element elementor-element-1c88c2e e-flex e-con-boxed e-con e-parent\" data-id=\"1c88c2e\" data-element_type=\"container\">\n\t\t\t\t\t<div class=\"e-con-inner\">\n\t\t<div class=\"elementor-element elementor-element-78e288d e-con-full e-flex e-con e-child\" data-id=\"78e288d\" data-element_type=\"container\">\n\t\t<div class=\"elementor-element elementor-element-d60e592 e-con-full e-flex e-con e-child\" data-id=\"d60e592\" data-element_type=\"container\" data-settings=\"{&quot;background_background&quot;:&quot;classic&quot;}\">\n\t\t\t\t<div class=\"elementor-element elementor-element-c49dd94 elementor-widget elementor-widget-heading\" data-id=\"c49dd94\" data-element_type=\"widget\" data-widget_type=\"heading.default\">\n\t\t\t\t<div class=\"elementor-widget-container\">\n\t\t\t\t\t<h2 class=\"elementor-heading-title elementor-size-default\">4. n\u00e1stroje t\u0159et\u00edch stran<span style=\"color: #BC1923\">.<\/span><\/h2>\t\t\t\t<\/div>\n\t\t\t\t<\/div>\n\t\t\t\t<div class=\"elementor-element elementor-element-f4e743c elementor-widget elementor-widget-text-editor\" data-id=\"f4e743c\" data-element_type=\"widget\" data-widget_type=\"text-editor.default\">\n\t\t\t\t<div class=\"elementor-widget-container\">\n\t\t\t\t\t\t\t\t\t<p data-pm-slice=\"1 1 []\">K optimalizaci na\u0161ich slu\u017eeb a zlep\u0161en\u00ed u\u017eivatelsk\u00e9ho prost\u0159ed\u00ed pou\u017e\u00edv\u00e1me r\u016fzn\u00e9 n\u00e1stroje t\u0159et\u00edch stran. Tyto n\u00e1stroje jsou pou\u017e\u00edv\u00e1ny pouze s va\u0161\u00edm souhlasem.<\/p><p><strong>Pou\u017e\u00edvan\u00e9 n\u00e1stroje t\u0159et\u00edch stran:<\/strong><\/p><ul data-spread=\"false\"><li><p>Google Analytics (n\u00e1stroj pro anal\u00fdzu)<\/p><\/li><li><p>Meta Pixel (marketingov\u00fd n\u00e1stroj)<\/p><\/li><li><p>Google Ads (reklamn\u00ed n\u00e1stroj)<\/p><\/li><li><p>Typeform (syst\u00e9m CRM)<\/p><\/li><li><p>Z\u00e1suvn\u00e9 moduly soci\u00e1ln\u00edch m\u00e9di\u00ed (Instagram, Facebook, LinkedIn, Airbnb, Booking.com, Immoscout, Immowelt)<\/p><\/li><li><p>Slu\u017eba zas\u00edl\u00e1n\u00ed novinek: OnOffice<\/p><\/li><\/ul><p><strong>Pr\u00e1vn\u00ed z\u00e1klad:<\/strong> \u010dl. 6 odst. 1 p\u00edsm. a) GDPR (souhlas)<\/p>\t\t\t\t\t\t\t\t<\/div>\n\t\t\t\t<\/div>\n\t\t\t\t<\/div>\n\t\t<div class=\"elementor-element elementor-element-1914cd9 e-con-full e-flex e-con e-child\" data-id=\"1914cd9\" data-element_type=\"container\" data-settings=\"{&quot;background_background&quot;:&quot;classic&quot;}\">\n\t\t\t\t<div class=\"elementor-element elementor-element-59edb3d elementor-widget elementor-widget-heading\" data-id=\"59edb3d\" data-element_type=\"widget\" data-widget_type=\"heading.default\">\n\t\t\t\t<div class=\"elementor-widget-container\">\n\t\t\t\t\t<h2 class=\"elementor-heading-title elementor-size-default\">5. poskytovatel platebn\u00edch slu\u017eeb<span style=\"color: #BC1923\">.<\/span><\/h2>\t\t\t\t<\/div>\n\t\t\t\t<\/div>\n\t\t\t\t<div class=\"elementor-element elementor-element-92d43aa elementor-widget elementor-widget-text-editor\" data-id=\"92d43aa\" data-element_type=\"widget\" data-widget_type=\"text-editor.default\">\n\t\t\t\t<div class=\"elementor-widget-container\">\n\t\t\t\t\t\t\t\t\t<p data-pm-slice=\"1 3 []\">V p\u0159\u00edpad\u011b, \u017ee plat\u00edte prost\u0159ednictv\u00edm na\u0161ich webov\u00fdch str\u00e1nek, spolupracujeme s n\u00e1sleduj\u00edc\u00edmi poskytovateli platebn\u00edch slu\u017eeb:<\/p><ul data-spread=\"false\"><li><p>PayPal<\/p><\/li><li><p>Klarna<\/p><\/li><li>Bankovn\u00ed p\u0159evod<br \/><br \/><\/li><\/ul><p>Tito poskytovatel\u00e9 platebn\u00edch slu\u017eeb z\u00edsk\u00e1vaj\u00ed osobn\u00ed \u00fadaje v r\u00e1mci zpracov\u00e1n\u00ed plateb.<\/p><p><strong>Pr\u00e1vn\u00ed z\u00e1klad:<\/strong><\/p><ul data-spread=\"false\"><li><p>\u010cl. 6 odst. 1 p\u00edsm. b GDPR (pln\u011bn\u00ed smlouvy)<\/p><\/li><li><p>\u010dl. 6 odst. 1 p\u00edsm. f GDPR (opr\u00e1vn\u011bn\u00fd z\u00e1jem na bezpe\u010dn\u00e9m zpracov\u00e1n\u00ed plateb)<\/p><\/li><\/ul>\t\t\t\t\t\t\t\t<\/div>\n\t\t\t\t<\/div>\n\t\t\t\t<\/div>\n\t\t\t\t<\/div>\n\t\t<div class=\"elementor-element elementor-element-33eef0f e-con-full e-flex e-con e-child\" data-id=\"33eef0f\" data-element_type=\"container\">\n\t\t<div class=\"elementor-element elementor-element-40e3954 e-con-full e-flex e-con e-child\" data-id=\"40e3954\" data-element_type=\"container\" data-settings=\"{&quot;background_background&quot;:&quot;classic&quot;}\">\n\t\t\t\t<div class=\"elementor-element elementor-element-f5c8f3d elementor-widget elementor-widget-heading\" data-id=\"f5c8f3d\" data-element_type=\"widget\" data-widget_type=\"heading.default\">\n\t\t\t\t<div class=\"elementor-widget-container\">\n\t\t\t\t\t<h2 class=\"elementor-heading-title elementor-size-default\">6. zpracov\u00e1n\u00ed zvl\u00e1\u0161tn\u00edch kategori\u00ed \u00fadaj\u016f<span style=\"color: #BC1923\">.<\/span><\/h2>\t\t\t\t<\/div>\n\t\t\t\t<\/div>\n\t\t\t\t<div class=\"elementor-element elementor-element-541ab4b elementor-widget elementor-widget-text-editor\" data-id=\"541ab4b\" data-element_type=\"widget\" data-widget_type=\"text-editor.default\">\n\t\t\t\t<div class=\"elementor-widget-container\">\n\t\t\t\t\t\t\t\t\t<p data-pm-slice=\"1 1 []\">V n\u011bkter\u00fdch p\u0159\u00edpadech zpracov\u00e1v\u00e1me citliv\u00e9 osobn\u00ed \u00fadaje, zejm\u00e9na soukrom\u00e9 informace o finan\u010dn\u00ed situaci na\u0161ich z\u00e1kazn\u00edk\u016f. Tyto \u00fadaje se pou\u017e\u00edvaj\u00ed v\u00fdhradn\u011b k posouzen\u00ed \u00fav\u011bruschopnosti a ke zpracov\u00e1n\u00ed majetkov\u00fdch transakc\u00ed.<\/p><p><strong>Pr\u00e1vn\u00ed z\u00e1klad:<\/strong> \u010dl. 9 odst. 2 p\u00edsm. b GDPR (nezbytn\u00e9 pro pln\u011bn\u00ed smluvn\u00edch z\u00e1vazk\u016f).<\/p>\t\t\t\t\t\t\t\t<\/div>\n\t\t\t\t<\/div>\n\t\t\t\t<\/div>\n\t\t<div class=\"elementor-element elementor-element-8b60a9f e-con-full e-flex e-con e-child\" data-id=\"8b60a9f\" data-element_type=\"container\" data-settings=\"{&quot;background_background&quot;:&quot;classic&quot;}\">\n\t\t\t\t<div class=\"elementor-element elementor-element-d44a584 elementor-widget elementor-widget-heading\" data-id=\"d44a584\" data-element_type=\"widget\" data-widget_type=\"heading.default\">\n\t\t\t\t<div class=\"elementor-widget-container\">\n\t\t\t\t\t<h2 class=\"elementor-heading-title elementor-size-default\">7. p\u0159ihla\u0161ovac\u00ed oblast<span style=\"color: #BC1923\">.<\/span><\/h2>\t\t\t\t<\/div>\n\t\t\t\t<\/div>\n\t\t\t\t<div class=\"elementor-element elementor-element-7d50f58 elementor-widget elementor-widget-text-editor\" data-id=\"7d50f58\" data-element_type=\"widget\" data-widget_type=\"text-editor.default\">\n\t\t\t\t<div class=\"elementor-widget-container\">\n\t\t\t\t\t\t\t\t\t<p data-pm-slice=\"1 3 []\">V budoucnu budou na\u0161e webov\u00e9 str\u00e1nky nab\u00edzet p\u0159ihla\u0161ovac\u00ed oblast, kter\u00e1 registrovan\u00fdm u\u017eivatel\u016fm umo\u017en\u00ed p\u0159\u00edstup k ur\u010dit\u00e9mu obsahu a slu\u017eb\u00e1m. V r\u00e1mci procesu registrace budou shroma\u017e\u010fov\u00e1ny osobn\u00ed \u00fadaje, jako je jm\u00e9no, e-mailov\u00e1 adresa a heslo.<\/p><p><strong>\u00da\u010del zpracov\u00e1n\u00ed:<\/strong><\/p><ul data-spread=\"false\"><li><p>Spr\u00e1va u\u017eivatelsk\u00fdch \u00fa\u010dt\u016f<\/p><\/li><li><p>Poskytov\u00e1n\u00ed personalizovan\u00e9ho obsahu<\/p><\/li><\/ul><p><strong>Pr\u00e1vn\u00ed z\u00e1klad:<\/strong><\/p><ul data-spread=\"false\"><li><p>\u010dl. 6 odst. 1 p\u00edsm. a) GDPR (souhlas)<\/p><\/li><\/ul>\t\t\t\t\t\t\t\t<\/div>\n\t\t\t\t<\/div>\n\t\t\t\t<\/div>\n\t\t\t\t<\/div>\n\t\t<div class=\"elementor-element elementor-element-f4163e3 e-con-full e-flex e-con e-child\" data-id=\"f4163e3\" data-element_type=\"container\">\n\t\t<div class=\"elementor-element elementor-element-f41cd2c e-con-full e-flex e-con e-child\" data-id=\"f41cd2c\" data-element_type=\"container\" data-settings=\"{&quot;background_background&quot;:&quot;classic&quot;}\">\n\t\t\t\t<div class=\"elementor-element elementor-element-2d48e95 elementor-widget elementor-widget-heading\" data-id=\"2d48e95\" data-element_type=\"widget\" data-widget_type=\"heading.default\">\n\t\t\t\t<div class=\"elementor-widget-container\">\n\t\t\t\t\t<h2 class=\"elementor-heading-title elementor-size-default\">8. va\u0161e pr\u00e1va<span style=\"color: #BC1923\">.<\/span><\/h2>\t\t\t\t<\/div>\n\t\t\t\t<\/div>\n\t\t\t\t<div class=\"elementor-element elementor-element-410fcb2 elementor-widget elementor-widget-text-editor\" data-id=\"410fcb2\" data-element_type=\"widget\" data-widget_type=\"text-editor.default\">\n\t\t\t\t<div class=\"elementor-widget-container\">\n\t\t\t\t\t\t\t\t\t<p data-pm-slice=\"1 1 []\">M\u00e1te pr\u00e1vo kdykoli bezplatn\u011b z\u00edskat informace o p\u016fvodu, p\u0159\u00edjemci a \u00fa\u010delu ulo\u017een\u00fdch osobn\u00edch \u00fadaj\u016f. M\u00e1te tak\u00e9 pr\u00e1vo po\u017e\u00e1dat o opravu nebo vymaz\u00e1n\u00ed t\u011bchto \u00fadaj\u016f.<\/p><p>Pokud jste ud\u011blili souhlas se zpracov\u00e1n\u00edm \u00fadaj\u016f, m\u016f\u017eete jej kdykoli odvolat.<\/p><p>M\u00e1te tak\u00e9 pr\u00e1vo podat st\u00ed\u017enost u p\u0159\u00edslu\u0161n\u00e9ho dozorov\u00e9ho \u00fa\u0159adu.<\/p><p><strong>P\u0159\u00edslu\u0161n\u00fd dozorov\u00fd org\u00e1n:<\/strong> Bavorsk\u00fd zemsk\u00fd \u00fa\u0159ad pro dohled nad ochranou \u00fadaj\u016f (BayLDA)<br \/>Promen\u00e1da 27 (hrad)<br \/>91522 Ansbach<br \/>Telefon: +49 981 53 1300<br \/>e-mail: <a>poststelle@lda.bayern.de<\/a><\/p>\t\t\t\t\t\t\t\t<\/div>\n\t\t\t\t<\/div>\n\t\t\t\t<\/div>\n\t\t<div class=\"elementor-element elementor-element-c393caf e-con-full e-flex e-con e-child\" data-id=\"c393caf\" data-element_type=\"container\" data-settings=\"{&quot;background_background&quot;:&quot;classic&quot;}\">\n\t\t\t\t<div class=\"elementor-element elementor-element-33e8093 elementor-widget elementor-widget-heading\" data-id=\"33e8093\" data-element_type=\"widget\" data-widget_type=\"heading.default\">\n\t\t\t\t<div class=\"elementor-widget-container\">\n\t\t\t\t\t<h2 class=\"elementor-heading-title elementor-size-default\">9. kontakt<span style=\"color: #BC1923\">.<\/span><\/h2>\t\t\t\t<\/div>\n\t\t\t\t<\/div>\n\t\t\t\t<div class=\"elementor-element elementor-element-e7e0996 elementor-widget elementor-widget-text-editor\" data-id=\"e7e0996\" data-element_type=\"widget\" data-widget_type=\"text-editor.default\">\n\t\t\t\t<div class=\"elementor-widget-container\">\n\t\t\t\t\t\t\t\t\t<p data-pm-slice=\"1 1 []\">Ve\u0161ker\u00e9 dotazy t\u00fdkaj\u00edc\u00ed se ochrany osobn\u00edch \u00fadaj\u016f sm\u011b\u0159ujte na:<\/p><p><strong>Mihalca Homes GmbH<\/strong><br \/>Peter-Henlein-Str. 13<br \/>89312 G\u00fcnzburg<br \/>e-mail: <a>welcome@mihalca.de<\/a><\/p>\t\t\t\t\t\t\t\t<\/div>\n\t\t\t\t<\/div>\n\t\t\t\t<div class=\"elementor-element elementor-element-1dee514 elementor-widget elementor-widget-image\" data-id=\"1dee514\" data-element_type=\"widget\" data-widget_type=\"image.default\">\n\t\t\t\t<div class=\"elementor-widget-container\">\n\t\t\t\t\t\t\t\t\t\t\t\t\t\t\t<img fetchpriority=\"high\" decoding=\"async\" width=\"800\" height=\"213\" src=\"https:\/\/mihalca.de\/wp-content\/uploads\/2025\/01\/2-1024x273.png\" class=\"attachment-large size-large wp-image-2525\" alt=\"\" srcset=\"https:\/\/mihalca.de\/wp-content\/uploads\/2025\/01\/2-1024x273.png 1024w, https:\/\/mihalca.de\/wp-content\/uploads\/2025\/01\/2-300x80.png 300w, https:\/\/mihalca.de\/wp-content\/uploads\/2025\/01\/2-768x205.png 768w, https:\/\/mihalca.de\/wp-content\/uploads\/2025\/01\/2.png 1125w\" sizes=\"(max-width: 800px) 100vw, 800px\" \/>\t\t\t\t\t\t\t\t\t\t\t\t\t\t\t<\/div>\n\t\t\t\t<\/div>\n\t\t\t\t<\/div>\n\t\t\t\t<\/div>\n\t\t\t\t\t<\/div>\n\t\t\t\t<\/div>\n\t\t\t\t<\/div>","protected":false},"excerpt":{"rendered":"<p>Datenschutz. 1. Verantwortlicher. Mihalca Homes GmbH Peter-Henlein-Str. 1389312 G\u00fcnzburgDeutschland Telefon: 0160 968 194 86E-Mail: welcome@mihalca.deVertreten durch: Marian Mihalca &amp; Marcel Mihalca 2. Allgemeine Hinweise zum Datenschutz. Wir nehmen den Schutz Ihrer pers\u00f6nlichen Daten sehr ernst. Ihre personenbezogenen Daten werden vertraulich und entsprechend der gesetzlichen Datenschutzvorschriften sowie dieser Datenschutzerkl\u00e4rung behandelt. Wenn Sie diese Website benutzen, werden [&hellip;]<\/p>","protected":false},"author":2,"featured_media":0,"parent":0,"menu_order":0,"comment_status":"closed","ping_status":"closed","template":"","meta":{"_acf_changed":false,"footnotes":""},"class_list":["post-3659","page","type-page","status-publish","hentry"],"acf":[],"_links":{"self":[{"href":"https:\/\/mihalca.de\/cs\/wp-json\/wp\/v2\/pages\/3659","targetHints":{"allow":["GET"]}}],"collection":[{"href":"https:\/\/mihalca.de\/cs\/wp-json\/wp\/v2\/pages"}],"about":[{"href":"https:\/\/mihalca.de\/cs\/wp-json\/wp\/v2\/types\/page"}],"author":[{"embeddable":true,"href":"https:\/\/mihalca.de\/cs\/wp-json\/wp\/v2\/users\/2"}],"replies":[{"embeddable":true,"href":"https:\/\/mihalca.de\/cs\/wp-json\/wp\/v2\/comments?post=3659"}],"version-history":[{"count":10,"href":"https:\/\/mihalca.de\/cs\/wp-json\/wp\/v2\/pages\/3659\/revisions"}],"predecessor-version":[{"id":3980,"href":"https:\/\/mihalca.de\/cs\/wp-json\/wp\/v2\/pages\/3659\/revisions\/3980"}],"wp:attachment":[{"href":"https:\/\/mihalca.de\/cs\/wp-json\/wp\/v2\/media?parent=3659"}],"curies":[{"name":"wp","href":"https:\/\/api.w.org\/{rel}","templated":true}]}}