{"id":3652,"date":"2025-01-14T18:39:55","date_gmt":"2025-01-14T17:39:55","guid":{"rendered":"https:\/\/mihalca.de\/?page_id=3652"},"modified":"2025-01-20T12:32:16","modified_gmt":"2025-01-20T11:32:16","slug":"impressum","status":"publish","type":"page","link":"https:\/\/mihalca.de\/cs\/otisk\/","title":{"rendered":"Otisk"},"content":{"rendered":"<div data-elementor-type=\"wp-page\" data-elementor-id=\"3652\" class=\"elementor elementor-3652\" data-elementor-post-type=\"page\">\n\t\t\t\t<div class=\"elementor-element elementor-element-6de1106 e-con-full e-flex e-con e-parent\" data-id=\"6de1106\" data-element_type=\"container\">\n\t\t<div class=\"elementor-element elementor-element-631431d animated-fast e-flex e-con-boxed elementor-invisible e-con e-child\" data-id=\"631431d\" data-element_type=\"container\" data-settings=\"{&quot;background_background&quot;:&quot;classic&quot;,&quot;animation&quot;:&quot;fadeIn&quot;}\">\n\t\t\t\t\t<div class=\"e-con-inner\">\n\t\t<div class=\"elementor-element elementor-element-c346e37 e-con-full e-flex e-con e-child\" data-id=\"c346e37\" data-element_type=\"container\">\n\t\t\t\t<div class=\"elementor-element elementor-element-3835795 elementor-widget elementor-widget-heading\" data-id=\"3835795\" data-element_type=\"widget\" data-widget_type=\"heading.default\">\n\t\t\t\t<div class=\"elementor-widget-container\">\n\t\t\t\t\t<h1 class=\"elementor-heading-title elementor-size-default\">Otisk<span style=\"color: #BC1923\">.<\/span>\n<\/h1>\t\t\t\t<\/div>\n\t\t\t\t<\/div>\n\t\t\t\t<\/div>\n\t\t\t\t\t<\/div>\n\t\t\t\t<\/div>\n\t\t\t\t<\/div>\n\t\t<div class=\"elementor-element elementor-element-fb32035 e-flex e-con-boxed e-con e-parent\" data-id=\"fb32035\" data-element_type=\"container\">\n\t\t\t\t\t<div class=\"e-con-inner\">\n\t\t<div class=\"elementor-element elementor-element-2b8490d e-con-full e-flex e-con e-child\" data-id=\"2b8490d\" data-element_type=\"container\">\n\t\t<div class=\"elementor-element elementor-element-5b3b029 e-con-full e-flex e-con e-child\" data-id=\"5b3b029\" data-element_type=\"container\" data-settings=\"{&quot;background_background&quot;:&quot;classic&quot;}\">\n\t\t\t\t<div class=\"elementor-element elementor-element-28da109 elementor-widget elementor-widget-image\" data-id=\"28da109\" data-element_type=\"widget\" data-widget_type=\"image.default\">\n\t\t\t\t<div class=\"elementor-widget-container\">\n\t\t\t\t\t\t\t\t\t\t\t\t\t\t\t<img decoding=\"async\" width=\"300\" height=\"80\" src=\"https:\/\/mihalca.de\/wp-content\/uploads\/2025\/01\/1-300x80.png\" class=\"attachment-medium size-medium wp-image-2524\" alt=\"\" srcset=\"https:\/\/mihalca.de\/wp-content\/uploads\/2025\/01\/1-300x80.png 300w, https:\/\/mihalca.de\/wp-content\/uploads\/2025\/01\/1-1024x273.png 1024w, https:\/\/mihalca.de\/wp-content\/uploads\/2025\/01\/1-768x205.png 768w, https:\/\/mihalca.de\/wp-content\/uploads\/2025\/01\/1.png 1125w\" sizes=\"(max-width: 300px) 100vw, 300px\" \/>\t\t\t\t\t\t\t\t\t\t\t\t\t\t\t<\/div>\n\t\t\t\t<\/div>\n\t\t\t\t<div class=\"elementor-element elementor-element-bbbc7f8 elementor-widget elementor-widget-text-editor\" data-id=\"bbbc7f8\" data-element_type=\"widget\" data-widget_type=\"text-editor.default\">\n\t\t\t\t<div class=\"elementor-widget-container\">\n\t\t\t\t\t\t\t\t\t<p><strong>Mihalca Homes GmbH\u00a0<\/strong><br \/>Peter-Henlein-Str. 13<br \/>89312 G\u00fcnzburg<\/p><p>Telefon: +49 (0) 160 968 194 86\u00a0<br \/>Telefon: +49 (0) 175 998 4332\u00a0<br \/>e-mail: <a href=\"mailto:welcome@mihalca.de\">welcome@mihalca.de<\/a><\/p><p>V\u00fdkonn\u00fd \u0159editel:<br \/>Marian Mihalca, Marcel Mihalca\u00a0<br \/>Pr\u00e1vn\u00ed forma: GmbH<br \/>S\u00eddlo: G\u00fcnzburg, M\u00edstn\u00ed soud Memmingen\u00a0<br \/>HRB 20324<\/p>\t\t\t\t\t\t\t\t<\/div>\n\t\t\t\t<\/div>\n\t\t\t\t<\/div>\n\t\t<div class=\"elementor-element elementor-element-3abda01 e-con-full e-flex e-con e-child\" data-id=\"3abda01\" data-element_type=\"container\" data-settings=\"{&quot;background_background&quot;:&quot;classic&quot;}\">\n\t\t\t\t<div class=\"elementor-element elementor-element-f981987 elementor-hidden-mobile elementor-widget elementor-widget-spacer\" data-id=\"f981987\" data-element_type=\"widget\" data-widget_type=\"spacer.default\">\n\t\t\t\t<div class=\"elementor-widget-container\">\n\t\t\t\t\t\t\t<div class=\"elementor-spacer\">\n\t\t\t<div class=\"elementor-spacer-inner\"><\/div>\n\t\t<\/div>\n\t\t\t\t\t\t<\/div>\n\t\t\t\t<\/div>\n\t\t\t\t<div class=\"elementor-element elementor-element-b787044 elementor-widget elementor-widget-text-editor\" data-id=\"b787044\" data-element_type=\"widget\" data-widget_type=\"text-editor.default\">\n\t\t\t\t<div class=\"elementor-widget-container\">\n\t\t\t\t\t\t\t\t\t<p><strong>Obr\u00e1zky<\/strong><br \/>\u00a9 envato Elements\u00a0<br \/>Andreas Paulheim\u00a0<br \/>\u00a9 Adobe Stock<br \/>\u00a9 Pexles\u00a0<\/p><p>Dal\u0161\u00ed pr\u00e1va k obr\u00e1zk\u016fm, pokud nen\u00ed uvedeno jinak, jsou uvedena u p\u0159\u00edslu\u0161n\u00e9 fotografie.<\/p><p><strong>N\u00e1vrh webov\u00fdch str\u00e1nek<\/strong><br \/>Agentura Alpha Design\u00a0<\/p><p>\u00a0<\/p>\t\t\t\t\t\t\t\t<\/div>\n\t\t\t\t<\/div>\n\t\t\t\t<\/div>\n\t\t\t\t<\/div>\n\t\t\t\t\t<\/div>\n\t\t\t\t<\/div>\n\t\t<div class=\"elementor-element elementor-element-cd2ad2a e-flex e-con-boxed e-con e-parent\" data-id=\"cd2ad2a\" data-element_type=\"container\">\n\t\t\t\t\t<div class=\"e-con-inner\">\n\t\t<div class=\"elementor-element elementor-element-ba06a4b e-con-full e-flex e-con e-child\" data-id=\"ba06a4b\" data-element_type=\"container\">\n\t\t<div class=\"elementor-element elementor-element-af267f2 e-con-full e-flex e-con e-child\" data-id=\"af267f2\" data-element_type=\"container\" data-settings=\"{&quot;background_background&quot;:&quot;classic&quot;}\">\n\t\t\t\t<div class=\"elementor-element elementor-element-ec79c84 elementor-widget elementor-widget-heading\" data-id=\"ec79c84\" data-element_type=\"widget\" data-widget_type=\"heading.default\">\n\t\t\t\t<div class=\"elementor-widget-container\">\n\t\t\t\t\t<h2 class=\"elementor-heading-title elementor-size-default\">Obsah online nab\u00eddky<span style=\"color: #BC1923\">.<\/span><\/h2>\t\t\t\t<\/div>\n\t\t\t\t<\/div>\n\t\t\t\t<div class=\"elementor-element elementor-element-777f7b8 elementor-widget elementor-widget-text-editor\" data-id=\"777f7b8\" data-element_type=\"widget\" data-widget_type=\"text-editor.default\">\n\t\t\t\t<div class=\"elementor-widget-container\">\n\t\t\t\t\t\t\t\t\t<p>Provozovatel nenese \u017e\u00e1dnou odpov\u011bdnost za aktu\u00e1lnost, spr\u00e1vnost, \u00faplnost a kvalitu poskytnut\u00fdch informac\u00ed. N\u00e1roky na odpov\u011bdnost v\u016f\u010di provozovateli t\u00fdkaj\u00edc\u00ed se hmotn\u00e9 nebo nehmotn\u00e9 \u0161kody zp\u016fsoben\u00e9 pou\u017eit\u00edm nebo nepou\u017eit\u00edm poskytnut\u00fdch informac\u00ed nebo pou\u017eit\u00edm nespr\u00e1vn\u00fdch nebo ne\u00fapln\u00fdch informac\u00ed jsou z\u00e1sadn\u011b vylou\u010deny, leda\u017ee by se prok\u00e1zal \u00famysl nebo hrub\u00e1 nedbalost na stran\u011b provozovatele. V\u0161echny nab\u00eddky se mohou zm\u011bnit a nejsou z\u00e1vazn\u00e9.<br \/>Provozovatel si v\u00fdslovn\u011b vyhrazuje pr\u00e1vo m\u011bnit, dopl\u0148ovat nebo mazat \u010d\u00e1sti str\u00e1nek nebo celou nab\u00eddku bez p\u0159edchoz\u00edho upozorn\u011bn\u00ed nebo do\u010dasn\u011b \u010di trvale ukon\u010dit jej\u00ed zve\u0159ej\u0148ov\u00e1n\u00ed.<\/p>\t\t\t\t\t\t\t\t<\/div>\n\t\t\t\t<\/div>\n\t\t\t\t<\/div>\n\t\t<div class=\"elementor-element elementor-element-e15b705 e-con-full e-flex e-con e-child\" data-id=\"e15b705\" data-element_type=\"container\" data-settings=\"{&quot;background_background&quot;:&quot;classic&quot;}\">\n\t\t\t\t<div class=\"elementor-element elementor-element-dc0fc24 elementor-widget elementor-widget-heading\" data-id=\"dc0fc24\" data-element_type=\"widget\" data-widget_type=\"heading.default\">\n\t\t\t\t<div class=\"elementor-widget-container\">\n\t\t\t\t\t<h2 class=\"elementor-heading-title elementor-size-default\">Reference a odkazy<span style=\"color: #BC1923\">.<\/span><\/h2>\t\t\t\t<\/div>\n\t\t\t\t<\/div>\n\t\t\t\t<div class=\"elementor-element elementor-element-e4cd320 elementor-widget elementor-widget-text-editor\" data-id=\"e4cd320\" data-element_type=\"widget\" data-widget_type=\"text-editor.default\">\n\t\t\t\t<div class=\"elementor-widget-container\">\n\t\t\t\t\t\t\t\t\t<p>V p\u0159\u00edpad\u011b p\u0159\u00edm\u00fdch nebo nep\u0159\u00edm\u00fdch odkaz\u016f na extern\u00ed webov\u00e9 str\u00e1nky (\"hypertextov\u00e9 odkazy\"), kter\u00e9 le\u017e\u00ed mimo oblast odpov\u011bdnosti provozovatele, by povinnost n\u00e9st odpov\u011bdnost nastala pouze tehdy, pokud by provozovatel v\u011bd\u011bl o obsahu a bylo pro n\u011bj technicky mo\u017en\u00e9 a p\u0159im\u011b\u0159en\u00e9 zabr\u00e1nit pou\u017eit\u00ed v p\u0159\u00edpad\u011b nez\u00e1konn\u00e9ho obsahu. provozovatel t\u00edmto v\u00fdslovn\u011b prohla\u0161uje, \u017ee v dob\u011b vytvo\u0159en\u00ed odkaz\u016f nebyl na odkazovan\u00fdch str\u00e1nk\u00e1ch rozpoznateln\u00fd \u017e\u00e1dn\u00fd nez\u00e1konn\u00fd obsah. Provozovatel nem\u00e1 \u017e\u00e1dn\u00fd vliv na sou\u010dasnou a budouc\u00ed podobu, obsah ani autorstv\u00ed odkazovan\u00fdch str\u00e1nek. Proto se t\u00edmto v\u00fdslovn\u011b distancuje od ve\u0161ker\u00e9ho obsahu v\u0161ech odkazovan\u00fdch str\u00e1nek, kter\u00fd byl po vytvo\u0159en\u00ed odkazu zm\u011bn\u011bn. Toto prohl\u00e1\u0161en\u00ed se vztahuje na v\u0161echny odkazy a reference nastaven\u00e9 v r\u00e1mci vlastn\u00edch webov\u00fdch str\u00e1nek provozovatele, jako\u017e i na z\u00e1znamy t\u0159et\u00edch stran v knih\u00e1ch host\u016f, diskusn\u00edch f\u00f3rech, adres\u00e1\u0159\u00edch odkaz\u016f, po\u0161tovn\u00edch seznamech, webloz\u00edch a v\u0161ech dal\u0161\u00edch form\u00e1ch datab\u00e1z\u00ed z\u0159\u00edzen\u00fdch provozovatelem, k jejich\u017e obsahu je mo\u017en\u00fd extern\u00ed z\u00e1pis. Odpov\u011bdnost za nez\u00e1konn\u00fd, nespr\u00e1vn\u00fd nebo ne\u00fapln\u00fd obsah a zejm\u00e9na za \u0161kody vznikl\u00e9 v d\u016fsledku pou\u017eit\u00ed nebo nepou\u017eit\u00ed takov\u00fdch informac\u00ed nese v\u00fdhradn\u011b provozovatel str\u00e1nky, na kterou je odkazov\u00e1no, nikoli osoba, kter\u00e1 na p\u0159\u00edslu\u0161nou publikaci pouze odkazuje prost\u0159ednictv\u00edm odkaz\u016f.<\/p>\t\t\t\t\t\t\t\t<\/div>\n\t\t\t\t<\/div>\n\t\t\t\t<\/div>\n\t\t\t\t<\/div>\n\t\t<div class=\"elementor-element elementor-element-3245e7e e-con-full e-flex e-con e-child\" data-id=\"3245e7e\" data-element_type=\"container\">\n\t\t<div class=\"elementor-element elementor-element-2827774 e-con-full e-flex e-con e-child\" data-id=\"2827774\" data-element_type=\"container\" data-settings=\"{&quot;background_background&quot;:&quot;classic&quot;}\">\n\t\t\t\t<div class=\"elementor-element elementor-element-3b47482 elementor-widget elementor-widget-heading\" data-id=\"3b47482\" data-element_type=\"widget\" data-widget_type=\"heading.default\">\n\t\t\t\t<div class=\"elementor-widget-container\">\n\t\t\t\t\t<h2 class=\"elementor-heading-title elementor-size-default\">Autorsk\u00e9 pr\u00e1vo a pr\u00e1vo ozna\u010dov\u00e1n\u00ed<span style=\"color: #BC1923\">.<\/span><\/h2>\t\t\t\t<\/div>\n\t\t\t\t<\/div>\n\t\t\t\t<div class=\"elementor-element elementor-element-f4d0cdb elementor-widget elementor-widget-text-editor\" data-id=\"f4d0cdb\" data-element_type=\"widget\" data-widget_type=\"text-editor.default\">\n\t\t\t\t<div class=\"elementor-widget-container\">\n\t\t\t\t\t\t\t\t\t<p>Provozovatel se sna\u017e\u00ed dodr\u017eovat autorsk\u00e1 pr\u00e1va k obr\u00e1zk\u016fm, grafice, zvukov\u00fdm dokument\u016fm, videosekvenc\u00edm a text\u016fm pou\u017eit\u00fdm ve v\u0161ech publikac\u00edch, pou\u017e\u00edvat obr\u00e1zky, grafiku, zvukov\u00e9 dokumenty, videosekvence a texty, kter\u00e9 s\u00e1m vytvo\u0159il, nebo pou\u017e\u00edvat grafiku, zvukov\u00e9 dokumenty, videosekvence a texty bez licence. V\u0161echny zna\u010dky a ochrann\u00e9 zn\u00e1mky uveden\u00e9 na webov\u00fdch str\u00e1nk\u00e1ch a p\u0159\u00edpadn\u011b chr\u00e1n\u011bn\u00e9 t\u0159et\u00edmi stranami podl\u00e9haj\u00ed bez omezen\u00ed ustanoven\u00edm platn\u00e9ho z\u00e1kona o ochrann\u00fdch zn\u00e1mk\u00e1ch a vlastnick\u00fdm pr\u00e1v\u016fm p\u0159\u00edslu\u0161n\u00fdch registrovan\u00fdch vlastn\u00edk\u016f. Pouh\u00e1 zm\u00ednka o ochrann\u00e9 zn\u00e1mce neznamen\u00e1, \u017ee nen\u00ed chr\u00e1n\u011bna pr\u00e1vy t\u0159et\u00edch stran! Autorsk\u00e1 pr\u00e1va ke zve\u0159ejn\u011bn\u00fdm objekt\u016fm vytvo\u0159en\u00fdm samotn\u00fdm provozovatelem z\u016fst\u00e1vaj\u00ed v\u00fdhradn\u011b na provozovateli. Reprodukce nebo pou\u017eit\u00ed t\u011bchto grafick\u00fdch prvk\u016f, zvukov\u00fdch dokument\u016f, videosekvenc\u00ed a text\u016f v jin\u00fdch elektronick\u00fdch nebo ti\u0161t\u011bn\u00fdch publikac\u00edch nen\u00ed bez v\u00fdslovn\u00e9ho souhlasu provozovatele povoleno.<\/p>\t\t\t\t\t\t\t\t<\/div>\n\t\t\t\t<\/div>\n\t\t\t\t<\/div>\n\t\t<div class=\"elementor-element elementor-element-caf8589 e-con-full e-flex e-con e-child\" data-id=\"caf8589\" data-element_type=\"container\" data-settings=\"{&quot;background_background&quot;:&quot;classic&quot;}\">\n\t\t\t\t<div class=\"elementor-element elementor-element-0f978af elementor-widget elementor-widget-heading\" data-id=\"0f978af\" data-element_type=\"widget\" data-widget_type=\"heading.default\">\n\t\t\t\t<div class=\"elementor-widget-container\">\n\t\t\t\t\t<h2 class=\"elementor-heading-title elementor-size-default\">Pr\u00e1vn\u00ed platnost tohoto prohl\u00e1\u0161en\u00ed o vylou\u010den\u00ed odpov\u011bdnosti<span style=\"color: #BC1923\">.<\/span><\/h2>\t\t\t\t<\/div>\n\t\t\t\t<\/div>\n\t\t\t\t<div class=\"elementor-element elementor-element-0ef4a62 elementor-widget elementor-widget-text-editor\" data-id=\"0ef4a62\" data-element_type=\"widget\" data-widget_type=\"text-editor.default\">\n\t\t\t\t<div class=\"elementor-widget-container\">\n\t\t\t\t\t\t\t\t\t<p>Toto prohl\u00e1\u0161en\u00ed o vylou\u010den\u00ed odpov\u011bdnosti je t\u0159eba pova\u017eovat za sou\u010d\u00e1st internetov\u00e9 publikace, z n\u00ed\u017e jste byli odk\u00e1z\u00e1ni. Pokud \u010d\u00e1sti nebo jednotliv\u00e9 podm\u00ednky tohoto prohl\u00e1\u0161en\u00ed nejsou v souladu se z\u00e1konem nebo spr\u00e1vn\u00e9, obsah nebo platnost ostatn\u00edch \u010d\u00e1st\u00ed z\u016fst\u00e1v\u00e1 touto skute\u010dnost\u00ed nedot\u010dena.<\/p>\t\t\t\t\t\t\t\t<\/div>\n\t\t\t\t<\/div>\n\t\t\t\t<\/div>\n\t\t\t\t<\/div>\n\t\t\t\t\t<\/div>\n\t\t\t\t<\/div>\n\t\t\t\t<\/div>","protected":false},"excerpt":{"rendered":"<p>Impressum. Mihalca Homes GmbH\u00a0Peter-Henlein-Str. 1389312 Gu\u0308nzburg Telefon: +49 (0) 160 968 194 86\u00a0Telefon: +49 (0) 175 998 4332\u00a0E-Mail: welcome@mihalca.de Gescha\u0308ftsfu\u0308hrer:Marian Mihalca, Marcel Mihalca\u00a0Rechtsform: GmbHSitz: Gu\u0308nzburg, Amtsgericht Memmingen\u00a0HRB 20324 Bildnachweise\u00a9 envato Elements\u00a0\u00a9 Andreas Paulheim\u00a0\u00a9 Adobe Stock\u00a9 Pexles\u00a0 Weitere Bildrechte, wenn nicht anders angegeben, im jeweiligen Foto ausgewiesen. Website-DesignAlpha Design Agency\u00a0 \u00a0 Inhalt des Online Angebotes. Der [&hellip;]<\/p>","protected":false},"author":2,"featured_media":0,"parent":0,"menu_order":0,"comment_status":"closed","ping_status":"closed","template":"","meta":{"_acf_changed":false,"footnotes":""},"class_list":["post-3652","page","type-page","status-publish","hentry"],"acf":[],"_links":{"self":[{"href":"https:\/\/mihalca.de\/cs\/wp-json\/wp\/v2\/pages\/3652","targetHints":{"allow":["GET"]}}],"collection":[{"href":"https:\/\/mihalca.de\/cs\/wp-json\/wp\/v2\/pages"}],"about":[{"href":"https:\/\/mihalca.de\/cs\/wp-json\/wp\/v2\/types\/page"}],"author":[{"embeddable":true,"href":"https:\/\/mihalca.de\/cs\/wp-json\/wp\/v2\/users\/2"}],"replies":[{"embeddable":true,"href":"https:\/\/mihalca.de\/cs\/wp-json\/wp\/v2\/comments?post=3652"}],"version-history":[{"count":10,"href":"https:\/\/mihalca.de\/cs\/wp-json\/wp\/v2\/pages\/3652\/revisions"}],"predecessor-version":[{"id":3977,"href":"https:\/\/mihalca.de\/cs\/wp-json\/wp\/v2\/pages\/3652\/revisions\/3977"}],"wp:attachment":[{"href":"https:\/\/mihalca.de\/cs\/wp-json\/wp\/v2\/media?parent=3652"}],"curies":[{"name":"wp","href":"https:\/\/api.w.org\/{rel}","templated":true}]}}